{"id":707,"date":"2026-01-17T12:57:54","date_gmt":"2026-01-17T04:57:54","guid":{"rendered":"https:\/\/intimaform.com\/?page_id=707"},"modified":"2026-01-27T18:21:51","modified_gmt":"2026-01-27T10:21:51","slug":"custom-penis-pump","status":"publish","type":"page","link":"https:\/\/intimaform.com\/pt\/current-molds\/custom-penis-pump\/","title":{"rendered":"Bomba de p\u00eanis atual"},"content":{"rendered":"<div data-elementor-type=\"wp-page\" data-elementor-id=\"707\" class=\"elementor elementor-707\" data-elementor-post-type=\"page\">\n\t\t\t\t<div class=\"elementor-element elementor-element-f6507fb e-grid e-con-boxed e-con e-parent\" data-id=\"f6507fb\" data-element_type=\"container\" data-e-type=\"container\">\n\t\t\t\t\t<div class=\"e-con-inner\">\n\t\t\t\t<div class=\"elementor-element elementor-element-3012c84 elementor-widget elementor-widget-image\" data-id=\"3012c84\" data-element_type=\"widget\" data-e-type=\"widget\" data-widget_type=\"image.default\">\n\t\t\t\t\t\t\t\t\t\t\t\t\t\t\t<img fetchpriority=\"high\" decoding=\"async\" width=\"767\" height=\"1024\" src=\"https:\/\/intimaform.com\/wp-content\/uploads\/2026\/01\/\u52a9\u52c3\u5668-767x1024.jpg\" class=\"attachment-large size-large wp-image-712\" alt=\"\" srcset=\"https:\/\/intimaform.com\/wp-content\/uploads\/2026\/01\/\u52a9\u52c3\u5668-767x1024.jpg 767w, https:\/\/intimaform.com\/wp-content\/uploads\/2026\/01\/\u52a9\u52c3\u5668-225x300.jpg 225w, https:\/\/intimaform.com\/wp-content\/uploads\/2026\/01\/\u52a9\u52c3\u5668-768x1025.jpg 768w, https:\/\/intimaform.com\/wp-content\/uploads\/2026\/01\/\u52a9\u52c3\u5668-1151x1536.jpg 1151w, https:\/\/intimaform.com\/wp-content\/uploads\/2026\/01\/\u52a9\u52c3\u5668-600x801.jpg 600w, https:\/\/intimaform.com\/wp-content\/uploads\/2026\/01\/\u52a9\u52c3\u5668.jpg 1279w\" sizes=\"(max-width: 767px) 100vw, 767px\" \/>\t\t\t\t\t\t\t\t\t\t\t\t\t\t\t<\/div>\n\t\t\t\t<div class=\"elementor-element elementor-element-e1b804a elementor-widget elementor-widget-image\" data-id=\"e1b804a\" data-element_type=\"widget\" data-e-type=\"widget\" data-widget_type=\"image.default\">\n\t\t\t\t\t\t\t\t\t\t\t\t\t\t\t<img decoding=\"async\" width=\"766\" height=\"1024\" src=\"https:\/\/intimaform.com\/wp-content\/uploads\/2026\/01\/\u5c0f\u53f7\u4e2d\u53f7-766x1024.jpg\" class=\"attachment-large size-large wp-image-711\" alt=\"\" srcset=\"https:\/\/intimaform.com\/wp-content\/uploads\/2026\/01\/\u5c0f\u53f7\u4e2d\u53f7-766x1024.jpg 766w, https:\/\/intimaform.com\/wp-content\/uploads\/2026\/01\/\u5c0f\u53f7\u4e2d\u53f7-224x300.jpg 224w, https:\/\/intimaform.com\/wp-content\/uploads\/2026\/01\/\u5c0f\u53f7\u4e2d\u53f7-768x1026.jpg 768w, https:\/\/intimaform.com\/wp-content\/uploads\/2026\/01\/\u5c0f\u53f7\u4e2d\u53f7-600x802.jpg 600w, https:\/\/intimaform.com\/wp-content\/uploads\/2026\/01\/\u5c0f\u53f7\u4e2d\u53f7.jpg 880w\" sizes=\"(max-width: 766px) 100vw, 766px\" \/>\t\t\t\t\t\t\t\t\t\t\t\t\t\t\t<\/div>\n\t\t\t\t<div class=\"elementor-element elementor-element-b5ca415 elementor-widget elementor-widget-image\" data-id=\"b5ca415\" data-element_type=\"widget\" data-e-type=\"widget\" data-widget_type=\"image.default\">\n\t\t\t\t\t\t\t\t\t\t\t\t\t\t\t<img decoding=\"async\" width=\"800\" height=\"1024\" src=\"https:\/\/intimaform.com\/wp-content\/uploads\/2026\/01\/\u523b\u5ea6\u5c3a-800x1024.jpg\" class=\"attachment-large size-large wp-image-710\" alt=\"\" srcset=\"https:\/\/intimaform.com\/wp-content\/uploads\/2026\/01\/\u523b\u5ea6\u5c3a-800x1024.jpg 800w, https:\/\/intimaform.com\/wp-content\/uploads\/2026\/01\/\u523b\u5ea6\u5c3a-234x300.jpg 234w, https:\/\/intimaform.com\/wp-content\/uploads\/2026\/01\/\u523b\u5ea6\u5c3a-768x983.jpg 768w, https:\/\/intimaform.com\/wp-content\/uploads\/2026\/01\/\u523b\u5ea6\u5c3a-1201x1536.jpg 1201w, https:\/\/intimaform.com\/wp-content\/uploads\/2026\/01\/\u523b\u5ea6\u5c3a-1601x2048.jpg 1601w, https:\/\/intimaform.com\/wp-content\/uploads\/2026\/01\/\u523b\u5ea6\u5c3a-1320x1689.jpg 1320w, https:\/\/intimaform.com\/wp-content\/uploads\/2026\/01\/\u523b\u5ea6\u5c3a-600x768.jpg 600w, https:\/\/intimaform.com\/wp-content\/uploads\/2026\/01\/\u523b\u5ea6\u5c3a-scaled.jpg 2001w\" sizes=\"(max-width: 800px) 100vw, 800px\" \/>\t\t\t\t\t\t\t\t\t\t\t\t\t\t\t<\/div>\n\t\t\t\t<div class=\"elementor-element elementor-element-b173dc1 elementor-widget elementor-widget-image\" data-id=\"b173dc1\" data-element_type=\"widget\" data-e-type=\"widget\" data-widget_type=\"image.default\">\n\t\t\t\t\t\t\t\t\t\t\t\t\t\t\t<img loading=\"lazy\" decoding=\"async\" width=\"768\" height=\"1024\" src=\"https:\/\/intimaform.com\/wp-content\/uploads\/2026\/01\/\u5e26\u8868-768x1024.jpg\" class=\"attachment-large size-large wp-image-709\" alt=\"\" srcset=\"https:\/\/intimaform.com\/wp-content\/uploads\/2026\/01\/\u5e26\u8868-768x1024.jpg 768w, https:\/\/intimaform.com\/wp-content\/uploads\/2026\/01\/\u5e26\u8868-225x300.jpg 225w, https:\/\/intimaform.com\/wp-content\/uploads\/2026\/01\/\u5e26\u8868-1152x1536.jpg 1152w, https:\/\/intimaform.com\/wp-content\/uploads\/2026\/01\/\u5e26\u8868-1536x2048.jpg 1536w, https:\/\/intimaform.com\/wp-content\/uploads\/2026\/01\/\u5e26\u8868-1320x1760.jpg 1320w, https:\/\/intimaform.com\/wp-content\/uploads\/2026\/01\/\u5e26\u8868-600x800.jpg 600w, https:\/\/intimaform.com\/wp-content\/uploads\/2026\/01\/\u5e26\u8868-scaled.jpg 1920w\" sizes=\"(max-width: 768px) 100vw, 768px\" \/>\t\t\t\t\t\t\t\t\t\t\t\t\t\t\t<\/div>\n\t\t\t\t\t<\/div>\n\t\t\t\t<\/div>\n\t\t<div class=\"elementor-element elementor-element-a671a0c e-grid e-con-boxed e-con e-parent\" data-id=\"a671a0c\" data-element_type=\"container\" data-e-type=\"container\">\n\t\t\t\t\t<div class=\"e-con-inner\">\n\t\t\t\t<div class=\"elementor-element elementor-element-a601437 elementor-widget elementor-widget-image\" data-id=\"a601437\" data-element_type=\"widget\" data-e-type=\"widget\" data-widget_type=\"image.default\">\n\t\t\t\t\t\t\t\t\t\t\t\t\t\t\t<img loading=\"lazy\" decoding=\"async\" width=\"766\" height=\"1024\" src=\"https:\/\/intimaform.com\/wp-content\/uploads\/2026\/01\/04-766x1024.jpg\" class=\"attachment-large size-large wp-image-918\" alt=\"\" srcset=\"https:\/\/intimaform.com\/wp-content\/uploads\/2026\/01\/04-766x1024.jpg 766w, https:\/\/intimaform.com\/wp-content\/uploads\/2026\/01\/04-224x300.jpg 224w, https:\/\/intimaform.com\/wp-content\/uploads\/2026\/01\/04-768x1026.jpg 768w, https:\/\/intimaform.com\/wp-content\/uploads\/2026\/01\/04-9x12.jpg 9w, https:\/\/intimaform.com\/wp-content\/uploads\/2026\/01\/04-600x802.jpg 600w, https:\/\/intimaform.com\/wp-content\/uploads\/2026\/01\/04.jpg 880w\" sizes=\"(max-width: 766px) 100vw, 766px\" \/>\t\t\t\t\t\t\t\t\t\t\t\t\t\t\t<\/div>\n\t\t\t\t<div class=\"elementor-element elementor-element-fbbf559 elementor-widget elementor-widget-image\" data-id=\"fbbf559\" data-element_type=\"widget\" data-e-type=\"widget\" data-widget_type=\"image.default\">\n\t\t\t\t\t\t\t\t\t\t\t\t\t\t\t<img loading=\"lazy\" decoding=\"async\" width=\"761\" height=\"1024\" src=\"https:\/\/intimaform.com\/wp-content\/uploads\/2026\/01\/04-1-761x1024.jpg\" class=\"attachment-large size-large wp-image-919\" alt=\"\" srcset=\"https:\/\/intimaform.com\/wp-content\/uploads\/2026\/01\/04-1-761x1024.jpg 761w, https:\/\/intimaform.com\/wp-content\/uploads\/2026\/01\/04-1-223x300.jpg 223w, https:\/\/intimaform.com\/wp-content\/uploads\/2026\/01\/04-1-768x1033.jpg 768w, https:\/\/intimaform.com\/wp-content\/uploads\/2026\/01\/04-1-9x12.jpg 9w, https:\/\/intimaform.com\/wp-content\/uploads\/2026\/01\/04-1-600x807.jpg 600w, https:\/\/intimaform.com\/wp-content\/uploads\/2026\/01\/04-1.jpg 880w\" sizes=\"(max-width: 761px) 100vw, 761px\" \/>\t\t\t\t\t\t\t\t\t\t\t\t\t\t\t<\/div>\n\t\t\t\t<div class=\"elementor-element elementor-element-51a332f elementor-widget elementor-widget-image\" data-id=\"51a332f\" data-element_type=\"widget\" data-e-type=\"widget\" data-widget_type=\"image.default\">\n\t\t\t\t\t\t\t\t\t\t\t\t\t\t\t<img loading=\"lazy\" decoding=\"async\" width=\"790\" height=\"790\" src=\"https:\/\/intimaform.com\/wp-content\/uploads\/2026\/01\/02.jpg\" class=\"attachment-large size-large wp-image-920\" alt=\"\" srcset=\"https:\/\/intimaform.com\/wp-content\/uploads\/2026\/01\/02.jpg 790w, https:\/\/intimaform.com\/wp-content\/uploads\/2026\/01\/02-300x300.jpg 300w, https:\/\/intimaform.com\/wp-content\/uploads\/2026\/01\/02-150x150.jpg 150w, https:\/\/intimaform.com\/wp-content\/uploads\/2026\/01\/02-768x768.jpg 768w, https:\/\/intimaform.com\/wp-content\/uploads\/2026\/01\/02-12x12.jpg 12w, https:\/\/intimaform.com\/wp-content\/uploads\/2026\/01\/02-600x600.jpg 600w, https:\/\/intimaform.com\/wp-content\/uploads\/2026\/01\/02-100x100.jpg 100w\" sizes=\"(max-width: 790px) 100vw, 790px\" \/>\t\t\t\t\t\t\t\t\t\t\t\t\t\t\t<\/div>\n\t\t\t\t\t<\/div>\n\t\t\t\t<\/div>\n\t\t<div class=\"elementor-element elementor-element-38bcce2 e-flex e-con-boxed e-con e-parent\" data-id=\"38bcce2\" data-element_type=\"container\" data-e-type=\"container\">\n\t\t\t\t\t<div class=\"e-con-inner\">\n\t\t\t\t<div class=\"elementor-element elementor-element-b4d4f90 elementor-widget elementor-widget-text-editor\" data-id=\"b4d4f90\" data-element_type=\"widget\" data-e-type=\"widget\" data-widget_type=\"text-editor.default\">\n\t\t\t\t\t\t\t\t\t<ul><li><strong>Moldes prontos para produ\u00e7\u00e3o<\/strong><div>7 op\u00e7\u00f5es de moldes dispon\u00edveis, amostras gr\u00e1tis fornecidas, entrega r\u00e1pida.<\/div><\/li><li><strong>Personaliz\u00e1vel e seguro para a pele<\/strong><div>Suporta configura\u00e7\u00f5es de tamanho\/press\u00e3o personalizadas; material TPE de grau m\u00e9dico.<\/div><\/li><li><strong>Lan\u00e7amento econ\u00f4mico<\/strong><div>Sem taxas de desenvolvimento de molde, escalonamento cont\u00ednuo para OEM completo.<\/div><\/li><\/ul>\t\t\t\t\t\t\t\t<\/div>\n\t\t\t\t\t<\/div>\n\t\t\t\t<\/div>\n\t\t\t\t<\/div>","protected":false},"excerpt":{"rendered":"<p>Ready-to-Produce Molds7 available mold options, free samples provided, fast delivery. Customizable &amp; Skin-SafeSize\/custom pressure settings supported; medical-grade TPE material. Cost-Effective LaunchNo mold development fees, seamless scale-up to full OEM.<\/p>","protected":false},"author":1,"featured_media":0,"parent":352,"menu_order":0,"comment_status":"closed","ping_status":"closed","template":"","meta":{"_acf_changed":false,"footnotes":""},"class_list":["post-707","page","type-page","status-publish","hentry"],"acf":[],"jetpack_sharing_enabled":true,"_links":{"self":[{"href":"https:\/\/intimaform.com\/pt\/wp-json\/wp\/v2\/pages\/707","targetHints":{"allow":["GET"]}}],"collection":[{"href":"https:\/\/intimaform.com\/pt\/wp-json\/wp\/v2\/pages"}],"about":[{"href":"https:\/\/intimaform.com\/pt\/wp-json\/wp\/v2\/types\/page"}],"author":[{"embeddable":true,"href":"https:\/\/intimaform.com\/pt\/wp-json\/wp\/v2\/users\/1"}],"replies":[{"embeddable":true,"href":"https:\/\/intimaform.com\/pt\/wp-json\/wp\/v2\/comments?post=707"}],"version-history":[{"count":13,"href":"https:\/\/intimaform.com\/pt\/wp-json\/wp\/v2\/pages\/707\/revisions"}],"predecessor-version":[{"id":923,"href":"https:\/\/intimaform.com\/pt\/wp-json\/wp\/v2\/pages\/707\/revisions\/923"}],"up":[{"embeddable":true,"href":"https:\/\/intimaform.com\/pt\/wp-json\/wp\/v2\/pages\/352"}],"wp:attachment":[{"href":"https:\/\/intimaform.com\/pt\/wp-json\/wp\/v2\/media?parent=707"}],"curies":[{"name":"wp","href":"https:\/\/api.w.org\/{rel}","templated":true}]}}