{"id":671,"date":"2026-01-15T23:50:12","date_gmt":"2026-01-15T15:50:12","guid":{"rendered":"https:\/\/intimaform.com\/?page_id=671"},"modified":"2026-01-15T23:52:22","modified_gmt":"2026-01-15T15:52:22","slug":"custom-love-eggs","status":"publish","type":"page","link":"https:\/\/intimaform.com\/pt\/custom-your-toys\/custom-love-eggs\/","title":{"rendered":"Ovos de amor personalizados"},"content":{"rendered":"<div data-elementor-type=\"wp-page\" data-elementor-id=\"671\" class=\"elementor elementor-671\" data-elementor-post-type=\"page\">\n\t\t\t\t<div class=\"elementor-element elementor-element-62c20f3 e-grid e-con-boxed e-con e-parent\" data-id=\"62c20f3\" data-element_type=\"container\" data-e-type=\"container\">\n\t\t\t\t\t<div class=\"e-con-inner\">\n\t\t\t\t<div class=\"elementor-element elementor-element-56fbc83 elementor-widget elementor-widget-image\" data-id=\"56fbc83\" data-element_type=\"widget\" data-e-type=\"widget\" data-widget_type=\"image.default\">\n\t\t\t\t\t\t\t\t\t\t\t\t\t\t\t<img fetchpriority=\"high\" decoding=\"async\" width=\"540\" height=\"480\" src=\"https:\/\/intimaform.com\/wp-content\/uploads\/2026\/01\/\u8df3\u86cb02-\u6df1\u7d2b\u8272.png\" class=\"attachment-large size-large wp-image-674\" alt=\"\" srcset=\"https:\/\/intimaform.com\/wp-content\/uploads\/2026\/01\/\u8df3\u86cb02-\u6df1\u7d2b\u8272.png 540w, https:\/\/intimaform.com\/wp-content\/uploads\/2026\/01\/\u8df3\u86cb02-\u6df1\u7d2b\u8272-300x267.png 300w\" sizes=\"(max-width: 540px) 100vw, 540px\" \/>\t\t\t\t\t\t\t\t\t\t\t\t\t\t\t<\/div>\n\t\t\t\t<div class=\"elementor-element elementor-element-d529c84 elementor-widget elementor-widget-image\" data-id=\"d529c84\" data-element_type=\"widget\" data-e-type=\"widget\" data-widget_type=\"image.default\">\n\t\t\t\t\t\t\t\t\t\t\t\t\t\t\t<img decoding=\"async\" width=\"540\" height=\"480\" src=\"https:\/\/intimaform.com\/wp-content\/uploads\/2026\/01\/\u8df3\u86cb01-\u7d2b\u8272\u767d\u8272.png\" class=\"attachment-large size-large wp-image-673\" alt=\"\" srcset=\"https:\/\/intimaform.com\/wp-content\/uploads\/2026\/01\/\u8df3\u86cb01-\u7d2b\u8272\u767d\u8272.png 540w, https:\/\/intimaform.com\/wp-content\/uploads\/2026\/01\/\u8df3\u86cb01-\u7d2b\u8272\u767d\u8272-300x267.png 300w\" sizes=\"(max-width: 540px) 100vw, 540px\" \/>\t\t\t\t\t\t\t\t\t\t\t\t\t\t\t<\/div>\n\t\t\t\t\t<\/div>\n\t\t\t\t<\/div>\n\t\t<div class=\"elementor-element elementor-element-81fab12 e-grid e-con-boxed e-con e-parent\" data-id=\"81fab12\" data-element_type=\"container\" data-e-type=\"container\">\n\t\t\t\t\t<div class=\"e-con-inner\">\n\t\t\t\t<div class=\"elementor-element elementor-element-a750d6d elementor-widget elementor-widget-image\" data-id=\"a750d6d\" data-element_type=\"widget\" data-e-type=\"widget\" data-widget_type=\"image.default\">\n\t\t\t\t\t\t\t\t\t\t\t\t\t\t\t<img decoding=\"async\" width=\"540\" height=\"480\" src=\"https:\/\/intimaform.com\/wp-content\/uploads\/2026\/01\/\u8df3\u86cb05-\u5706\u7403\u773c\u775b.png\" class=\"attachment-large size-large wp-image-677\" alt=\"\" srcset=\"https:\/\/intimaform.com\/wp-content\/uploads\/2026\/01\/\u8df3\u86cb05-\u5706\u7403\u773c\u775b.png 540w, https:\/\/intimaform.com\/wp-content\/uploads\/2026\/01\/\u8df3\u86cb05-\u5706\u7403\u773c\u775b-300x267.png 300w\" sizes=\"(max-width: 540px) 100vw, 540px\" \/>\t\t\t\t\t\t\t\t\t\t\t\t\t\t\t<\/div>\n\t\t\t\t<div class=\"elementor-element elementor-element-22c3436 elementor-widget elementor-widget-image\" data-id=\"22c3436\" data-element_type=\"widget\" data-e-type=\"widget\" data-widget_type=\"image.default\">\n\t\t\t\t\t\t\t\t\t\t\t\t\t\t\t<img loading=\"lazy\" decoding=\"async\" width=\"540\" height=\"480\" src=\"https:\/\/intimaform.com\/wp-content\/uploads\/2026\/01\/\u8df3\u86cb04-\u7c89\u8272.png\" class=\"attachment-large size-large wp-image-676\" alt=\"\" srcset=\"https:\/\/intimaform.com\/wp-content\/uploads\/2026\/01\/\u8df3\u86cb04-\u7c89\u8272.png 540w, https:\/\/intimaform.com\/wp-content\/uploads\/2026\/01\/\u8df3\u86cb04-\u7c89\u8272-300x267.png 300w\" sizes=\"(max-width: 540px) 100vw, 540px\" \/>\t\t\t\t\t\t\t\t\t\t\t\t\t\t\t<\/div>\n\t\t\t\t<div class=\"elementor-element elementor-element-390520a elementor-widget elementor-widget-image\" data-id=\"390520a\" data-element_type=\"widget\" data-e-type=\"widget\" data-widget_type=\"image.default\">\n\t\t\t\t\t\t\t\t\t\t\t\t\t\t\t<img loading=\"lazy\" decoding=\"async\" width=\"540\" height=\"480\" src=\"https:\/\/intimaform.com\/wp-content\/uploads\/2026\/01\/\u8df3\u86cb03-\u5165\u4f53\u846b\u82a6.png\" class=\"attachment-large size-large wp-image-675\" alt=\"\" srcset=\"https:\/\/intimaform.com\/wp-content\/uploads\/2026\/01\/\u8df3\u86cb03-\u5165\u4f53\u846b\u82a6.png 540w, https:\/\/intimaform.com\/wp-content\/uploads\/2026\/01\/\u8df3\u86cb03-\u5165\u4f53\u846b\u82a6-300x267.png 300w\" sizes=\"(max-width: 540px) 100vw, 540px\" \/>\t\t\t\t\t\t\t\t\t\t\t\t\t\t\t<\/div>\n\t\t\t\t\t<\/div>\n\t\t\t\t<\/div>\n\t\t<div class=\"elementor-element elementor-element-9b09760 e-flex e-con-boxed e-con e-parent\" data-id=\"9b09760\" data-element_type=\"container\" data-e-type=\"container\">\n\t\t\t\t\t<div class=\"e-con-inner\">\n\t\t\t\t<div class=\"elementor-element elementor-element-29d2832 elementor-widget elementor-widget-text-editor\" data-id=\"29d2832\" data-element_type=\"widget\" data-e-type=\"widget\" data-widget_type=\"text-editor.default\">\n\t\t\t\t\t\t\t\t\t<h3 data-start=\"113\" data-end=\"159\"><strong>Engenharia personalizada otimizada para estimula\u00e7\u00e3o<\/strong><\/h3><p data-start=\"160\" data-end=\"386\">Os designs personalizados de love eggs se concentraram no desempenho aprimorado da estimula\u00e7\u00e3o, incluindo a otimiza\u00e7\u00e3o do padr\u00e3o de vibra\u00e7\u00e3o, o detalhamento da textura da superf\u00edcie e o ajuste da estrutura interna para melhorar o feedback sensorial e, ao mesmo tempo, manter o conforto.<\/p><h3 data-start=\"388\" data-end=\"424\"><strong>Prote\u00e7\u00e3o de design confidencial<\/strong><\/h3><p data-start=\"425\" data-end=\"632\">Todos os projetos de love eggs personalizados s\u00e3o protegidos por uma estrutura de confidencialidade rigorosa. Desde a revis\u00e3o do projeto at\u00e9 a produ\u00e7\u00e3o do molde, sua estrutura, l\u00f3gica de vibra\u00e7\u00e3o e apar\u00eancia exclusivas permanecem totalmente protegidas.<\/p><h3 data-start=\"634\" data-end=\"669\"><strong>Materiais seguros para o corpo certificados<\/strong><\/h3><p data-start=\"670\" data-end=\"871\">Amostras personalizadas podem ser produzidas usando silicone em conformidade com a legisla\u00e7\u00e3o m\u00e9dica e passar por testes de seguran\u00e7a de material de terceiros, garantindo a seguran\u00e7a da pele, o controle de odor e a estabilidade de longo prazo para produtos de uso \u00edntimo.<\/p><h3 data-start=\"873\" data-end=\"909\"><strong>Testes de vibra\u00e7\u00e3o e durabilidade<\/strong><\/h3><p data-start=\"910\" data-end=\"1101\">Cada projeto de ovo do amor personalizado pode ser validado por meio de testes de consist\u00eancia de vibra\u00e7\u00e3o, durabilidade do motor e n\u00edvel de ru\u00eddo para garantir um desempenho est\u00e1vel alinhado com o posicionamento do seu mercado-alvo.<\/p><h3 data-start=\"1103\" data-end=\"1142\"><strong>Fabrica\u00e7\u00e3o de moldes de alta precis\u00e3o<\/strong><\/h3><p data-start=\"1143\" data-end=\"1333\">Os processos avan\u00e7ados de fabrica\u00e7\u00e3o de moldes asseguram a replica\u00e7\u00e3o precisa de microtextura, espessura da casca e alinhamento dos componentes internos, garantindo a consist\u00eancia entre as amostras e a produ\u00e7\u00e3o em massa.<\/p>\t\t\t\t\t\t\t\t<\/div>\n\t\t\t\t\t<\/div>\n\t\t\t\t<\/div>\n\t\t\t\t<\/div>","protected":false},"excerpt":{"rendered":"<p>Stimulation-Optimized Custom Engineering Customized love egg designs focused on enhanced stimulation performance, including vibration pattern optimization, surface texture detailing, and internal structure tuning to improve sensory feedback while maintaining comfort. Confidential Design Protection All custom love egg projects are protected under a strict confidentiality framework. From design review to mold production, your exclusive structure, vibration [&hellip;]<\/p>","protected":false},"author":1,"featured_media":0,"parent":402,"menu_order":0,"comment_status":"closed","ping_status":"closed","template":"","meta":{"_acf_changed":false,"footnotes":""},"class_list":["post-671","page","type-page","status-publish","hentry"],"acf":[],"jetpack_sharing_enabled":true,"_links":{"self":[{"href":"https:\/\/intimaform.com\/pt\/wp-json\/wp\/v2\/pages\/671","targetHints":{"allow":["GET"]}}],"collection":[{"href":"https:\/\/intimaform.com\/pt\/wp-json\/wp\/v2\/pages"}],"about":[{"href":"https:\/\/intimaform.com\/pt\/wp-json\/wp\/v2\/types\/page"}],"author":[{"embeddable":true,"href":"https:\/\/intimaform.com\/pt\/wp-json\/wp\/v2\/users\/1"}],"replies":[{"embeddable":true,"href":"https:\/\/intimaform.com\/pt\/wp-json\/wp\/v2\/comments?post=671"}],"version-history":[{"count":4,"href":"https:\/\/intimaform.com\/pt\/wp-json\/wp\/v2\/pages\/671\/revisions"}],"predecessor-version":[{"id":680,"href":"https:\/\/intimaform.com\/pt\/wp-json\/wp\/v2\/pages\/671\/revisions\/680"}],"up":[{"embeddable":true,"href":"https:\/\/intimaform.com\/pt\/wp-json\/wp\/v2\/pages\/402"}],"wp:attachment":[{"href":"https:\/\/intimaform.com\/pt\/wp-json\/wp\/v2\/media?parent=671"}],"curies":[{"name":"wp","href":"https:\/\/api.w.org\/{rel}","templated":true}]}}