{"id":540,"date":"2026-01-08T22:17:21","date_gmt":"2026-01-08T14:17:21","guid":{"rendered":"https:\/\/intimaform.com\/?page_id=540"},"modified":"2026-01-21T11:23:56","modified_gmt":"2026-01-21T03:23:56","slug":"customer-service","status":"publish","type":"page","link":"https:\/\/intimaform.com\/pt\/customer-service\/","title":{"rendered":"Atendimento ao cliente"},"content":{"rendered":"<div data-elementor-type=\"wp-page\" data-elementor-id=\"540\" class=\"elementor elementor-540\" data-elementor-post-type=\"page\">\n\t\t\t\t<div class=\"elementor-element elementor-element-aba16e3 e-flex e-con-boxed e-con e-parent\" data-id=\"aba16e3\" data-element_type=\"container\" data-e-type=\"container\">\n\t\t\t\t\t<div class=\"e-con-inner\">\n\t\t<div class=\"elementor-element elementor-element-5be005d e-con-full e-flex e-con e-child\" data-id=\"5be005d\" data-element_type=\"container\" data-e-type=\"container\">\n\t\t\t\t<div class=\"elementor-element elementor-element-71b9c12 elementor-widget elementor-widget-image\" data-id=\"71b9c12\" data-element_type=\"widget\" data-e-type=\"widget\" data-widget_type=\"image.default\">\n\t\t\t\t\t\t\t\t\t\t\t\t\t\t\t<img fetchpriority=\"high\" decoding=\"async\" width=\"500\" height=\"500\" src=\"https:\/\/intimaform.com\/wp-content\/uploads\/2026\/01\/\u4fee\u6539\u79d1\u6280\u611f_logo-removebg-preview.png\" class=\"attachment-large size-large wp-image-127\" alt=\"\" srcset=\"https:\/\/intimaform.com\/wp-content\/uploads\/2026\/01\/\u4fee\u6539\u79d1\u6280\u611f_logo-removebg-preview.png 500w, https:\/\/intimaform.com\/wp-content\/uploads\/2026\/01\/\u4fee\u6539\u79d1\u6280\u611f_logo-removebg-preview-300x300.png 300w, https:\/\/intimaform.com\/wp-content\/uploads\/2026\/01\/\u4fee\u6539\u79d1\u6280\u611f_logo-removebg-preview-150x150.png 150w, https:\/\/intimaform.com\/wp-content\/uploads\/2026\/01\/elementor\/thumbs\/\u4fee\u6539\u79d1\u6280\u611f_logo-removebg-preview-rh1ujz8ibdeblw4r6eqd71ti7pg2i0eqmwenkc51wo.png 100w, https:\/\/intimaform.com\/wp-content\/uploads\/2026\/01\/elementor\/thumbs\/\u4fee\u6539\u79d1\u6280\u611f_logo-removebg-preview-rh1ujz8hcad6bhlrna1fi6qtdu2rklu5xgqin7r9vs.png 20w\" sizes=\"(max-width: 500px) 100vw, 500px\" \/>\t\t\t\t\t\t\t\t\t\t\t\t\t\t\t<\/div>\n\t\t\t\t<\/div>\n\t\t<div class=\"elementor-element elementor-element-8ea330f e-con-full e-flex e-con e-child\" data-id=\"8ea330f\" data-element_type=\"container\" data-e-type=\"container\">\n\t\t\t\t<div class=\"elementor-element elementor-element-aaf6492 elementor-widget elementor-widget-text-editor\" data-id=\"aaf6492\" data-element_type=\"widget\" data-e-type=\"widget\" data-widget_type=\"text-editor.default\">\n\t\t\t\t\t\t\t\t\t<p><strong data-start=\"153\" data-end=\"178\">Sobre a IntimaForm Tech<\/strong><br data-start=\"178\" data-end=\"181\" \/>A IntimaForm Tech \u00e9 um fabricante OEM\/ODM liderado por mulheres e especializado em produtos personalizados para o bem-estar sexual.<br data-start=\"287\" data-end=\"290\" \/>Com o apoio de engenheiros profissionais e sistemas de produ\u00e7\u00e3o padronizados, ajudamos marcas globais a transformar conceitos em produtos escalon\u00e1veis e compat\u00edveis com qualidade est\u00e1vel e execu\u00e7\u00e3o eficiente.<\/p>\t\t\t\t\t\t\t\t<\/div>\n\t\t\t\t<\/div>\n\t\t\t\t\t<\/div>\n\t\t\t\t<\/div>\n\t\t<div class=\"elementor-element elementor-element-5d21a31 e-flex e-con-boxed e-con e-parent\" data-id=\"5d21a31\" data-element_type=\"container\" data-e-type=\"container\">\n\t\t\t\t\t<div class=\"e-con-inner\">\n\t\t<div class=\"elementor-element elementor-element-ce0045f e-con-full e-flex e-con e-child\" data-id=\"ce0045f\" data-element_type=\"container\" data-e-type=\"container\">\n\t\t\t\t<div class=\"elementor-element elementor-element-d4a989a elementor-widget elementor-widget-video\" data-id=\"d4a989a\" data-element_type=\"widget\" data-e-type=\"widget\" data-settings=\"{&quot;video_type&quot;:&quot;hosted&quot;,&quot;show_image_overlay&quot;:&quot;yes&quot;,&quot;image_overlay&quot;:{&quot;url&quot;:&quot;&quot;,&quot;id&quot;:&quot;&quot;,&quot;size&quot;:&quot;&quot;,&quot;alt&quot;:&quot;&quot;,&quot;source&quot;:&quot;library&quot;},&quot;controls&quot;:&quot;yes&quot;}\" data-widget_type=\"video.default\">\n\t\t\t\t\t\t\t<div class=\"e-hosted-video elementor-wrapper elementor-open-inline\">\n\t\t\t\t\t<video class=\"elementor-video\" src=\"https:\/\/intimaform.com\/wp-content\/uploads\/2026\/01\/cock-rings.mp4\" controls=\"\" preload=\"auto\" controlslist=\"nodownload\" poster=\"https:\/\/intimaform.com\/wp-content\/uploads\/2026\/01\/L\u5b57\u73af.jpg\"><\/video>\n\t\t\t\t<\/div>\n\t\t\t\t\t\t<\/div>\n\t\t\t\t<\/div>\n\t\t<div class=\"elementor-element elementor-element-a8ecf27 e-con-full e-flex e-con e-child\" data-id=\"a8ecf27\" data-element_type=\"container\" data-e-type=\"container\">\n\t\t\t\t<div class=\"elementor-element elementor-element-5b02647 elementor-widget elementor-widget-text-editor\" data-id=\"5b02647\" data-element_type=\"widget\" data-e-type=\"widget\" data-widget_type=\"text-editor.default\">\n\t\t\t\t\t\t\t\t\t<p data-start=\"1333\" data-end=\"1621\"><strong data-start=\"1333\" data-end=\"1375\">Flexibilidade de design e extens\u00e3o do produto<\/strong><br data-start=\"1375\" data-end=\"1378\" \/>De produtos principais a acess\u00f3rios funcionais, oferecemos suporte \u00e0 personaliza\u00e7\u00e3o em diferentes tipos de produtos, estruturas e cen\u00e1rios de uso.<br data-start=\"1513\" data-end=\"1516\" \/>Nossa equipe de engenharia adapta os projetos com base em seu posicionamento de mercado, usu\u00e1rios-alvo e estrat\u00e9gia de vendas.<\/p><p data-start=\"1623\" data-end=\"1641\"><strong data-start=\"1623\" data-end=\"1641\">Principais vantagens<\/strong><\/p><ul data-start=\"1642\" data-end=\"1826\"><li data-start=\"1642\" data-end=\"1694\"><p data-start=\"1644\" data-end=\"1694\">Adequado para produtos aut\u00f4nomos ou conjuntos de produtos<\/p><\/li><li data-start=\"1695\" data-end=\"1747\"><p data-start=\"1697\" data-end=\"1747\">Qualidade consistente para pedidos repetidos e escalonamento<\/p><\/li><li data-start=\"1748\" data-end=\"1826\"><p data-start=\"1750\" data-end=\"1826\">Otimizado para branding, viabilidade de fabrica\u00e7\u00e3o e coopera\u00e7\u00e3o de longo prazo<\/p><\/li><\/ul><blockquote data-start=\"1828\" data-end=\"1925\"><p data-start=\"1830\" data-end=\"1925\">Ideal para marcas que buscam fornecimento est\u00e1vel, desenvolvimento flex\u00edvel e expans\u00e3o cont\u00ednua de produtos.<\/p><\/blockquote>\t\t\t\t\t\t\t\t<\/div>\n\t\t\t\t<\/div>\n\t\t\t\t\t<\/div>\n\t\t\t\t<\/div>\n\t\t<div class=\"elementor-element elementor-element-3d5bc74 e-flex e-con-boxed e-con e-parent\" data-id=\"3d5bc74\" data-element_type=\"container\" data-e-type=\"container\">\n\t\t\t\t\t<div class=\"e-con-inner\">\n\t\t<div class=\"elementor-element elementor-element-c0e2bb6 e-con-full e-flex e-con e-child\" data-id=\"c0e2bb6\" data-element_type=\"container\" data-e-type=\"container\">\n\t\t\t\t<div class=\"elementor-element elementor-element-7b91a16 elementor-widget elementor-widget-text-editor\" data-id=\"7b91a16\" data-element_type=\"widget\" data-e-type=\"widget\" data-widget_type=\"text-editor.default\">\n\t\t\t\t\t\t\t\t\t<p data-start=\"575\" data-end=\"823\"><strong data-start=\"575\" data-end=\"613\">Recursos de personaliza\u00e7\u00e3o de produtos<\/strong><br data-start=\"613\" data-end=\"616\">Oferecemos servi\u00e7os flex\u00edveis de OEM e ODM em uma ampla gama de produtos de bem-estar sexual.<br data-start=\"705\" data-end=\"708\">Os produtos e v\u00eddeos exibidos s\u00e3o apenas para demonstra\u00e7\u00e3o de capacidade e n\u00e3o limitam nosso escopo de personaliza\u00e7\u00e3o.<\/p>\n<p data-start=\"575\" data-end=\"823\"><strong style=\"font-style: italic;\" data-start=\"827\" data-end=\"849\">Pol\u00edtica de MOQ unificada<\/strong><\/p>\n<blockquote data-start=\"825\" data-end=\"960\">\n<p data-start=\"827\" data-end=\"960\">Todos os produtos seguem uma quantidade m\u00ednima de pedido unificada de <strong data-start=\"910\" data-end=\"927\">500 a 1.000 unidades<\/strong>, dependendo da complexidade do projeto.<\/p>\n<\/blockquote>\n<p data-start=\"962\" data-end=\"985\"><strong data-start=\"962\" data-end=\"985\">Escopo de personaliza\u00e7\u00e3o<\/strong><\/p>\n<ul data-start=\"986\" data-end=\"1074\">\n<li data-start=\"986\" data-end=\"1017\">\n<p data-start=\"988\" data-end=\"1017\">Estrutura e design interno<\/p>\n<\/li>\n<li data-start=\"1018\" data-end=\"1048\">\n<p data-start=\"1020\" data-end=\"1048\">Tamanho, textura e apar\u00eancia<\/p>\n<\/li>\n<li data-start=\"1049\" data-end=\"1074\">\n<p data-start=\"1051\" data-end=\"1074\">Cor, logotipo e embalagem<\/p>\n<\/li>\n<\/ul>\n<p data-start=\"1076\" data-end=\"1089\"><strong data-start=\"1076\" data-end=\"1089\">Materiais<\/strong><\/p>\n<ul data-start=\"1090\" data-end=\"1133\">\n<li data-start=\"1090\" data-end=\"1133\">\n<p data-start=\"1092\" data-end=\"1133\">TPE\/Silicone seguro para o corpo e elast\u00f4meros compat\u00edveis<\/p>\n<\/li>\n<\/ul>\n<p data-start=\"1135\" data-end=\"1156\"><strong data-start=\"1135\" data-end=\"1156\">Termos de coopera\u00e7\u00e3o<\/strong><\/p>\n<ul data-start=\"1157\" data-end=\"1271\">\n<li data-start=\"1157\" data-end=\"1208\">\n<p data-start=\"1159\" data-end=\"1208\"><strong data-start=\"1159\" data-end=\"1167\">MOQ:<\/strong> 500-1.000 unidades (todas as categorias de produtos)<\/p>\n<\/li>\n<li data-start=\"1209\" data-end=\"1271\">\n<p data-start=\"1211\" data-end=\"1271\"><strong data-start=\"1211\" data-end=\"1229\">Condi\u00e7\u00f5es de pagamento:<\/strong> Dep\u00f3sito de 30% + saldo de 70% antes da remessa<\/p>\n<\/li>\n<\/ul>\t\t\t\t\t\t\t\t<\/div>\n\t\t\t\t<\/div>\n\t\t<div class=\"elementor-element elementor-element-db09c9e e-con-full e-flex e-con e-child\" data-id=\"db09c9e\" data-element_type=\"container\" data-e-type=\"container\">\n\t\t\t\t<div class=\"elementor-element elementor-element-f4a4d67 elementor-widget elementor-widget-video\" data-id=\"f4a4d67\" data-element_type=\"widget\" data-e-type=\"widget\" data-settings=\"{&quot;video_type&quot;:&quot;hosted&quot;,&quot;controls&quot;:&quot;yes&quot;}\" data-widget_type=\"video.default\">\n\t\t\t\t\t\t\t<div class=\"e-hosted-video elementor-wrapper elementor-open-inline\">\n\t\t\t\t\t<video class=\"elementor-video\" src=\"https:\/\/intimaform.com\/wp-content\/uploads\/2026\/01\/male-strokers.mp4\" controls=\"\" preload=\"metadata\" controlslist=\"nodownload\" poster=\"https:\/\/intimaform.com\/wp-content\/uploads\/2026\/01\/male-toys-e1768635167653.jpg\"><\/video>\n\t\t\t\t<\/div>\n\t\t\t\t\t\t<\/div>\n\t\t\t\t<\/div>\n\t\t\t\t\t<\/div>\n\t\t\t\t<\/div>\n\t\t\t\t<\/div>","protected":false},"excerpt":{"rendered":"<p>About IntimaForm TechIntimaForm Tech is a women-led OEM\/ODM manufacturer specializing in customized sexual wellness products.Supported by professional engineers and standardized production systems, we help global brands turn concepts into scalable, compliant products with stable quality and efficient execution. https:\/\/intimaform.com\/wp-content\/uploads\/2026\/01\/cock-rings.mp4 Design Flexibility &amp; Product ExtensionFrom core products to functional accessories, we support customization across different product [&hellip;]<\/p>","protected":false},"author":1,"featured_media":0,"parent":0,"menu_order":0,"comment_status":"closed","ping_status":"closed","template":"","meta":{"_acf_changed":false,"footnotes":""},"class_list":["post-540","page","type-page","status-publish","hentry"],"acf":[],"jetpack_sharing_enabled":true,"_links":{"self":[{"href":"https:\/\/intimaform.com\/pt\/wp-json\/wp\/v2\/pages\/540","targetHints":{"allow":["GET"]}}],"collection":[{"href":"https:\/\/intimaform.com\/pt\/wp-json\/wp\/v2\/pages"}],"about":[{"href":"https:\/\/intimaform.com\/pt\/wp-json\/wp\/v2\/types\/page"}],"author":[{"embeddable":true,"href":"https:\/\/intimaform.com\/pt\/wp-json\/wp\/v2\/users\/1"}],"replies":[{"embeddable":true,"href":"https:\/\/intimaform.com\/pt\/wp-json\/wp\/v2\/comments?post=540"}],"version-history":[{"count":16,"href":"https:\/\/intimaform.com\/pt\/wp-json\/wp\/v2\/pages\/540\/revisions"}],"predecessor-version":[{"id":856,"href":"https:\/\/intimaform.com\/pt\/wp-json\/wp\/v2\/pages\/540\/revisions\/856"}],"wp:attachment":[{"href":"https:\/\/intimaform.com\/pt\/wp-json\/wp\/v2\/media?parent=540"}],"curies":[{"name":"wp","href":"https:\/\/api.w.org\/{rel}","templated":true}]}}