{"id":514,"date":"2026-01-08T22:03:16","date_gmt":"2026-01-08T14:03:16","guid":{"rendered":"https:\/\/intimaform.com\/?page_id=514"},"modified":"2026-01-18T22:43:04","modified_gmt":"2026-01-18T14:43:04","slug":"custom-stimulating-finger-sleeve","status":"publish","type":"page","link":"https:\/\/intimaform.com\/pt\/custom-your-toys\/custom-stimulating-finger-sleeve\/","title":{"rendered":"Luva de dedo estimulante personalizada"},"content":{"rendered":"<div data-elementor-type=\"wp-page\" data-elementor-id=\"514\" class=\"elementor elementor-514\" data-elementor-post-type=\"page\">\n\t\t\t\t<div class=\"elementor-element elementor-element-eb4de75 e-grid e-con-boxed e-con e-parent\" data-id=\"eb4de75\" data-element_type=\"container\" data-e-type=\"container\">\n\t\t\t\t\t<div class=\"e-con-inner\">\n\t\t\t\t<div class=\"elementor-element elementor-element-6bdac6c elementor-widget elementor-widget-image\" data-id=\"6bdac6c\" data-element_type=\"widget\" data-e-type=\"widget\" data-widget_type=\"image.default\">\n\t\t\t\t\t\t\t\t\t\t\t\t\t\t\t<img fetchpriority=\"high\" decoding=\"async\" width=\"757\" height=\"761\" src=\"https:\/\/intimaform.com\/wp-content\/uploads\/2026\/01\/\u624b\u6307\u595701-\u4e24\u4e2a\u900f\u660e.jpg\" class=\"attachment-large size-large wp-image-519\" alt=\"\" srcset=\"https:\/\/intimaform.com\/wp-content\/uploads\/2026\/01\/\u624b\u6307\u595701-\u4e24\u4e2a\u900f\u660e.jpg 757w, https:\/\/intimaform.com\/wp-content\/uploads\/2026\/01\/\u624b\u6307\u595701-\u4e24\u4e2a\u900f\u660e-298x300.jpg 298w, https:\/\/intimaform.com\/wp-content\/uploads\/2026\/01\/\u624b\u6307\u595701-\u4e24\u4e2a\u900f\u660e-150x150.jpg 150w, https:\/\/intimaform.com\/wp-content\/uploads\/2026\/01\/\u624b\u6307\u595701-\u4e24\u4e2a\u900f\u660e-600x603.jpg 600w, https:\/\/intimaform.com\/wp-content\/uploads\/2026\/01\/\u624b\u6307\u595701-\u4e24\u4e2a\u900f\u660e-100x100.jpg 100w\" sizes=\"(max-width: 757px) 100vw, 757px\" \/>\t\t\t\t\t\t\t\t\t\t\t\t\t\t\t<\/div>\n\t\t\t\t<div class=\"elementor-element elementor-element-b54cc16 elementor-widget elementor-widget-image\" data-id=\"b54cc16\" data-element_type=\"widget\" data-e-type=\"widget\" data-widget_type=\"image.default\">\n\t\t\t\t\t\t\t\t\t\t\t\t\t\t\t<img decoding=\"async\" width=\"759\" height=\"792\" src=\"https:\/\/intimaform.com\/wp-content\/uploads\/2026\/01\/\u624b\u6307\u595702-\u7eff\u8272\u9707\u52a8.jpg\" class=\"attachment-large size-large wp-image-518\" alt=\"\" srcset=\"https:\/\/intimaform.com\/wp-content\/uploads\/2026\/01\/\u624b\u6307\u595702-\u7eff\u8272\u9707\u52a8.jpg 759w, https:\/\/intimaform.com\/wp-content\/uploads\/2026\/01\/\u624b\u6307\u595702-\u7eff\u8272\u9707\u52a8-288x300.jpg 288w, https:\/\/intimaform.com\/wp-content\/uploads\/2026\/01\/\u624b\u6307\u595702-\u7eff\u8272\u9707\u52a8-600x626.jpg 600w\" sizes=\"(max-width: 759px) 100vw, 759px\" \/>\t\t\t\t\t\t\t\t\t\t\t\t\t\t\t<\/div>\n\t\t\t\t<div class=\"elementor-element elementor-element-31a9643 elementor-widget elementor-widget-image\" data-id=\"31a9643\" data-element_type=\"widget\" data-e-type=\"widget\" data-widget_type=\"image.default\">\n\t\t\t\t\t\t\t\t\t\t\t\t\t\t\t<img decoding=\"async\" width=\"478\" height=\"576\" src=\"https:\/\/intimaform.com\/wp-content\/uploads\/2026\/01\/\u624b\u6307\u595703-\u87ba\u7eb9.jpg\" class=\"attachment-large size-large wp-image-517\" alt=\"\" srcset=\"https:\/\/intimaform.com\/wp-content\/uploads\/2026\/01\/\u624b\u6307\u595703-\u87ba\u7eb9.jpg 478w, https:\/\/intimaform.com\/wp-content\/uploads\/2026\/01\/\u624b\u6307\u595703-\u87ba\u7eb9-249x300.jpg 249w\" sizes=\"(max-width: 478px) 100vw, 478px\" \/>\t\t\t\t\t\t\t\t\t\t\t\t\t\t\t<\/div>\n\t\t\t\t\t<\/div>\n\t\t\t\t<\/div>\n\t\t<div class=\"elementor-element elementor-element-63a136c e-flex e-con-boxed e-con e-parent\" data-id=\"63a136c\" data-element_type=\"container\" data-e-type=\"container\">\n\t\t\t\t\t<div class=\"e-con-inner\">\n\t\t\t\t<div class=\"elementor-element elementor-element-df4ce2b elementor-widget elementor-widget-text-editor\" data-id=\"df4ce2b\" data-element_type=\"widget\" data-e-type=\"widget\" data-widget_type=\"text-editor.default\">\n\t\t\t\t\t\t\t\t\t<ul><li><strong>Design personalizado com est\u00edmulo aprimorado<\/strong><div>\u00a0<\/div><p>Realize totalmente seus projetos personalizados com foco em estimula\u00e7\u00e3o aprimorada, incluindo texturas de superf\u00edcie, sali\u00eancias e estruturas funcionais especiais.<\/p><\/li><li><strong>Garantia de confidencialidade do projeto<\/strong><div>\u00a0<\/div><p>Respeitamos totalmente e protegemos rigorosamente suas informa\u00e7\u00f5es exclusivas de design com um sistema de confidencialidade completo durante todo o processo de produ\u00e7\u00e3o.<\/p><\/li><li><strong>Teste de materiais seguros para o corpo<\/strong><div>\u00a0<\/div><p>Todas as amostras de luvas de dedo personalizadas podem ser submetidas a testes profissionais de seguran\u00e7a de materiais para atender aos mais altos padr\u00f5es de produtos \u00edntimos para adultos.<\/p><\/li><li><strong>Verifica\u00e7\u00e3o de desempenho de elasticidade<\/strong><div>\u00a0<\/div><p>Testes de elasticidade especializados est\u00e3o dispon\u00edveis para amostras personalizadas, a fim de garantir que a capacidade de estiramento do produto atenda aos seus requisitos de design e uso.<\/p><\/li><li><strong>Replica\u00e7\u00e3o de moldes de precis\u00e3o<\/strong><div>\u00a0<\/div><p>A fabrica\u00e7\u00e3o de moldes de alta precis\u00e3o garante a replica\u00e7\u00e3o exata dos detalhes de seu projeto com foco em est\u00edmulos, sem qualquer desvio.<\/p><\/li><\/ul>\t\t\t\t\t\t\t\t<\/div>\n\t\t\t\t\t<\/div>\n\t\t\t\t<\/div>\n\t\t\t\t<\/div>","protected":false},"excerpt":{"rendered":"<p>Design personalizado com est\u00edmulo aprimorado Realize totalmente seus designs personalizados com foco em est\u00edmulo aprimorado, incluindo texturas de superf\u00edcie, sali\u00eancias e estruturas funcionais especiais. Garantia de confidencialidade do design Respeitamos e protegemos totalmente suas informa\u00e7\u00f5es exclusivas de design com um sistema de confidencialidade completo durante todo o processo de produ\u00e7\u00e3o. Testes de materiais seguros para o corpo Todas as amostras de luvas de dedo personalizadas podem ser submetidas a testes profissionais de seguran\u00e7a de materiais [...]<\/p>","protected":false},"author":1,"featured_media":0,"parent":402,"menu_order":0,"comment_status":"closed","ping_status":"closed","template":"","meta":{"_acf_changed":false,"footnotes":""},"class_list":["post-514","page","type-page","status-publish","hentry"],"acf":[],"jetpack_sharing_enabled":true,"_links":{"self":[{"href":"https:\/\/intimaform.com\/pt\/wp-json\/wp\/v2\/pages\/514","targetHints":{"allow":["GET"]}}],"collection":[{"href":"https:\/\/intimaform.com\/pt\/wp-json\/wp\/v2\/pages"}],"about":[{"href":"https:\/\/intimaform.com\/pt\/wp-json\/wp\/v2\/types\/page"}],"author":[{"embeddable":true,"href":"https:\/\/intimaform.com\/pt\/wp-json\/wp\/v2\/users\/1"}],"replies":[{"embeddable":true,"href":"https:\/\/intimaform.com\/pt\/wp-json\/wp\/v2\/comments?post=514"}],"version-history":[{"count":10,"href":"https:\/\/intimaform.com\/pt\/wp-json\/wp\/v2\/pages\/514\/revisions"}],"predecessor-version":[{"id":761,"href":"https:\/\/intimaform.com\/pt\/wp-json\/wp\/v2\/pages\/514\/revisions\/761"}],"up":[{"embeddable":true,"href":"https:\/\/intimaform.com\/pt\/wp-json\/wp\/v2\/pages\/402"}],"wp:attachment":[{"href":"https:\/\/intimaform.com\/pt\/wp-json\/wp\/v2\/media?parent=514"}],"curies":[{"name":"wp","href":"https:\/\/api.w.org\/{rel}","templated":true}]}}