{"id":402,"date":"2026-01-06T22:49:41","date_gmt":"2026-01-06T14:49:41","guid":{"rendered":"https:\/\/intimaform.com\/?page_id=402"},"modified":"2026-01-21T16:21:48","modified_gmt":"2026-01-21T08:21:48","slug":"custom-your-toys","status":"publish","type":"page","link":"https:\/\/intimaform.com\/pt\/custom-your-toys\/","title":{"rendered":"Personalize seus brinquedos"},"content":{"rendered":"<div data-elementor-type=\"wp-page\" data-elementor-id=\"402\" class=\"elementor elementor-402\" data-elementor-post-type=\"page\">\n\t\t\t\t<div class=\"elementor-element elementor-element-b049cf7 e-flex e-con-boxed e-con e-parent\" data-id=\"b049cf7\" data-element_type=\"container\" data-e-type=\"container\">\n\t\t\t\t\t<div class=\"e-con-inner\">\n\t\t\t\t<div class=\"elementor-element elementor-element-39dcf11 elementor-widget elementor-widget-text-editor\" data-id=\"39dcf11\" data-element_type=\"widget\" data-e-type=\"widget\" data-widget_type=\"text-editor.default\">\n\t\t\t\t\t\t\t\t\t<div dir=\"ltr\"><h1><strong>Personalize seus brinquedos<\/strong><\/h1><div>Servi\u00e7os profissionais de fabrica\u00e7\u00e3o personalizada para produtos de bem-estar sexual<\/div><h3><strong>Servi\u00e7os essenciais<\/strong><\/h3><ul><li>Oferece suporte \u00e0 personaliza\u00e7\u00e3o de OEM\/ODM\/marca pr\u00f3pria<\/li><li>Material: TPE que n\u00e3o agride a pele, seguro e n\u00e3o irritante<\/li><li>Entrega: Servi\u00e7o DDP porta a porta; rastreamento da produ\u00e7\u00e3o em tempo real<\/li><\/ul><h3><strong>Pol\u00edtica de pedidos<\/strong><\/h3><ul><li>MOQ padr\u00e3o: 500-1000 unidades por modelo<\/li><li>Pedidos de pequenos lotes dispon\u00edveis por meio de moldes existentes; o desenvolvimento de novos moldes \u00e9 cotado separadamente<\/li><\/ul><h3><strong>Conformidade e confidencialidade<\/strong><\/h3><ul><li>Confidencialidade total com suporte de NDA<\/li><li>Em conformidade com os padr\u00f5es globais de seguran\u00e7a de produtos e requisitos de auditoria<\/li><\/ul><h3><strong>Por que nos escolher<\/strong><\/h3><div><p>MOQ est\u00e1vel e capacidade de produ\u00e7\u00e3o escalon\u00e1vel<\/p><div>Fabrica\u00e7\u00e3o interna (sem terceiriza\u00e7\u00e3o)<\/div><div>Suporte t\u00e9cnico \u00e1gil e parceria para o crescimento da marca<\/div><\/div><\/div>\t\t\t\t\t\t\t\t<\/div>\n\t\t\t\t\t<\/div>\n\t\t\t\t<\/div>\n\t\t\t\t<\/div>","protected":false},"excerpt":{"rendered":"<p>Custom Your Toys Professional Custom Manufacturing Services for Sexual Wellness Products Core Services Supports OEM\/ODM\/private label customization Material: Skin-friendly TPE, safe &amp; non-irritating Delivery: DDP door-to-door service; real-time production tracking Order Policy Standard MOQ: 500-1000 units per model Small-batch orders available via existing molds; new mold development quoted separately Compliance &amp; Confidentiality Full confidentiality with [&hellip;]<\/p>","protected":false},"author":1,"featured_media":0,"parent":0,"menu_order":0,"comment_status":"closed","ping_status":"closed","template":"","meta":{"_acf_changed":false,"footnotes":""},"class_list":["post-402","page","type-page","status-publish","hentry"],"acf":[],"jetpack_sharing_enabled":true,"_links":{"self":[{"href":"https:\/\/intimaform.com\/pt\/wp-json\/wp\/v2\/pages\/402","targetHints":{"allow":["GET"]}}],"collection":[{"href":"https:\/\/intimaform.com\/pt\/wp-json\/wp\/v2\/pages"}],"about":[{"href":"https:\/\/intimaform.com\/pt\/wp-json\/wp\/v2\/types\/page"}],"author":[{"embeddable":true,"href":"https:\/\/intimaform.com\/pt\/wp-json\/wp\/v2\/users\/1"}],"replies":[{"embeddable":true,"href":"https:\/\/intimaform.com\/pt\/wp-json\/wp\/v2\/comments?post=402"}],"version-history":[{"count":13,"href":"https:\/\/intimaform.com\/pt\/wp-json\/wp\/v2\/pages\/402\/revisions"}],"predecessor-version":[{"id":905,"href":"https:\/\/intimaform.com\/pt\/wp-json\/wp\/v2\/pages\/402\/revisions\/905"}],"wp:attachment":[{"href":"https:\/\/intimaform.com\/pt\/wp-json\/wp\/v2\/media?parent=402"}],"curies":[{"name":"wp","href":"https:\/\/api.w.org\/{rel}","templated":true}]}}