{"id":352,"date":"2026-01-04T22:34:24","date_gmt":"2026-01-04T14:34:24","guid":{"rendered":"https:\/\/intimaform.com\/?page_id=352"},"modified":"2026-01-21T16:04:54","modified_gmt":"2026-01-21T08:04:54","slug":"current-molds","status":"publish","type":"page","link":"https:\/\/intimaform.com\/pt\/current-molds\/","title":{"rendered":"Moldes atuais"},"content":{"rendered":"<div data-elementor-type=\"wp-page\" data-elementor-id=\"352\" class=\"elementor elementor-352\" data-elementor-post-type=\"page\">\n\t\t\t\t<div class=\"elementor-element elementor-element-db2c3c4 e-flex e-con-boxed e-con e-parent\" data-id=\"db2c3c4\" data-element_type=\"container\" data-e-type=\"container\">\n\t\t\t\t\t<div class=\"e-con-inner\">\n\t\t\t\t<div class=\"elementor-element elementor-element-47d874d elementor-widget elementor-widget-text-editor\" data-id=\"47d874d\" data-element_type=\"widget\" data-e-type=\"widget\" data-widget_type=\"text-editor.default\">\n\t\t\t\t\t\t\t\t\t<h1><strong>Moldes atuais<\/strong><\/h1><h2><strong>Modelos prontos para personaliza\u00e7\u00e3o | Prazo de entrega: 7 a 10 dias | Material principal: TPE<\/strong><\/h2><div>Ignore as taxas de molde e reduza o tempo de lan\u00e7amento - ideal para marcas pr\u00f3prias, testes de mercado e lan\u00e7amentos r\u00e1pidos de baixo custo. Dimensione para OEM\/ODM completo sem problemas com o aumento do volume.<\/div><h3><strong>Amostras gr\u00e1tis e personaliza\u00e7\u00e3o leve<\/strong><\/h3><ul><li>Amostras de avalia\u00e7\u00e3o gratuitas<\/li><li>Op\u00e7\u00f5es personalizadas: cor \u00fanica (mais econ\u00f4mica; transparente extra), ajustes de material de TPE\/silicone, ajustes de acabamento\/textura de superf\u00edcie (multicolorido complexo n\u00e3o recomendado)<\/li><\/ul><h3><strong>Atualiza\u00e7\u00f5es funcionais<\/strong><\/h3><div>Adicione m\u00f3dulos de vibra\u00e7\u00e3o ou opte por energia de bateria\/recarreg\u00e1vel sem precisar de redesenhos completos.<\/div><h3><strong>Tratamento de superf\u00edcie<\/strong><\/h3><div>Acabamento em p\u00f3 de talco\/amido de milho dispon\u00edvel para melhorar o manuseio e a apar\u00eancia.<\/div><h3><strong>Embalagem em um s\u00f3 lugar<\/strong><\/h3><div>Solu\u00e7\u00f5es alinhadas \u00e0 marca: caixas de presente impressas padr\u00e3o\/personalizadas, etiquetagem e c\u00f3digos de barras.<\/div><h3><strong>Ideal para<\/strong><\/h3><div>Marcas pr\u00f3prias | Teste de mercado | Distribuidores de retorno r\u00e1pido | Vendedores de com\u00e9rcio eletr\u00f4nico preocupados com o custo<\/div><h3><strong>Principais benef\u00edcios<\/strong><\/h3><div>Sem taxas de molde | Prazos de entrega curtos | Baixo investimento inicial | Valida\u00e7\u00e3o do produto antes da personaliza\u00e7\u00e3o completa<\/div>\t\t\t\t\t\t\t\t<\/div>\n\t\t\t\t\t<\/div>\n\t\t\t\t<\/div>\n\t\t\t\t<\/div>","protected":false},"excerpt":{"rendered":"<p>Current Molds Ready-to-Custom Models | Lead Time: 7\u201310 Days | Core Material: TPE Skip mold fees &amp; cut launch time \u2014 ideal for private labeling, market testing, and low-cost fast launches. Scale to full OEM\/ODM seamlessly with growing volume. Free Samples &amp; Light Customization Free evaluation samples Custom options: single-color (most cost-effective; transparent extra), TPE\/silicone [&hellip;]<\/p>","protected":false},"author":1,"featured_media":0,"parent":0,"menu_order":0,"comment_status":"closed","ping_status":"closed","template":"","meta":{"_acf_changed":false,"footnotes":""},"class_list":["post-352","page","type-page","status-publish","hentry"],"acf":[],"jetpack_sharing_enabled":true,"_links":{"self":[{"href":"https:\/\/intimaform.com\/pt\/wp-json\/wp\/v2\/pages\/352","targetHints":{"allow":["GET"]}}],"collection":[{"href":"https:\/\/intimaform.com\/pt\/wp-json\/wp\/v2\/pages"}],"about":[{"href":"https:\/\/intimaform.com\/pt\/wp-json\/wp\/v2\/types\/page"}],"author":[{"embeddable":true,"href":"https:\/\/intimaform.com\/pt\/wp-json\/wp\/v2\/users\/1"}],"replies":[{"embeddable":true,"href":"https:\/\/intimaform.com\/pt\/wp-json\/wp\/v2\/comments?post=352"}],"version-history":[{"count":13,"href":"https:\/\/intimaform.com\/pt\/wp-json\/wp\/v2\/pages\/352\/revisions"}],"predecessor-version":[{"id":884,"href":"https:\/\/intimaform.com\/pt\/wp-json\/wp\/v2\/pages\/352\/revisions\/884"}],"wp:attachment":[{"href":"https:\/\/intimaform.com\/pt\/wp-json\/wp\/v2\/media?parent=352"}],"curies":[{"name":"wp","href":"https:\/\/api.w.org\/{rel}","templated":true}]}}