{"id":671,"date":"2026-01-15T23:50:12","date_gmt":"2026-01-15T15:50:12","guid":{"rendered":"https:\/\/intimaform.com\/?page_id=671"},"modified":"2026-01-15T23:52:22","modified_gmt":"2026-01-15T15:52:22","slug":"custom-love-eggs","status":"publish","type":"page","link":"https:\/\/intimaform.com\/fr\/custom-your-toys\/custom-love-eggs\/","title":{"rendered":"\u0152ufs d'amour personnalis\u00e9s"},"content":{"rendered":"<div data-elementor-type=\"wp-page\" data-elementor-id=\"671\" class=\"elementor elementor-671\" data-elementor-post-type=\"page\">\n\t\t\t\t<div class=\"elementor-element elementor-element-62c20f3 e-grid e-con-boxed e-con e-parent\" data-id=\"62c20f3\" data-element_type=\"container\" data-e-type=\"container\">\n\t\t\t\t\t<div class=\"e-con-inner\">\n\t\t\t\t<div class=\"elementor-element elementor-element-56fbc83 elementor-widget elementor-widget-image\" data-id=\"56fbc83\" data-element_type=\"widget\" data-e-type=\"widget\" data-widget_type=\"image.default\">\n\t\t\t\t\t\t\t\t\t\t\t\t\t\t\t<img fetchpriority=\"high\" decoding=\"async\" width=\"540\" height=\"480\" src=\"https:\/\/intimaform.com\/wp-content\/uploads\/2026\/01\/\u8df3\u86cb02-\u6df1\u7d2b\u8272.png\" class=\"attachment-large size-large wp-image-674\" alt=\"\" srcset=\"https:\/\/intimaform.com\/wp-content\/uploads\/2026\/01\/\u8df3\u86cb02-\u6df1\u7d2b\u8272.png 540w, https:\/\/intimaform.com\/wp-content\/uploads\/2026\/01\/\u8df3\u86cb02-\u6df1\u7d2b\u8272-300x267.png 300w\" sizes=\"(max-width: 540px) 100vw, 540px\" \/>\t\t\t\t\t\t\t\t\t\t\t\t\t\t\t<\/div>\n\t\t\t\t<div class=\"elementor-element elementor-element-d529c84 elementor-widget elementor-widget-image\" data-id=\"d529c84\" data-element_type=\"widget\" data-e-type=\"widget\" data-widget_type=\"image.default\">\n\t\t\t\t\t\t\t\t\t\t\t\t\t\t\t<img decoding=\"async\" width=\"540\" height=\"480\" src=\"https:\/\/intimaform.com\/wp-content\/uploads\/2026\/01\/\u8df3\u86cb01-\u7d2b\u8272\u767d\u8272.png\" class=\"attachment-large size-large wp-image-673\" alt=\"\" srcset=\"https:\/\/intimaform.com\/wp-content\/uploads\/2026\/01\/\u8df3\u86cb01-\u7d2b\u8272\u767d\u8272.png 540w, https:\/\/intimaform.com\/wp-content\/uploads\/2026\/01\/\u8df3\u86cb01-\u7d2b\u8272\u767d\u8272-300x267.png 300w\" sizes=\"(max-width: 540px) 100vw, 540px\" \/>\t\t\t\t\t\t\t\t\t\t\t\t\t\t\t<\/div>\n\t\t\t\t\t<\/div>\n\t\t\t\t<\/div>\n\t\t<div class=\"elementor-element elementor-element-81fab12 e-grid e-con-boxed e-con e-parent\" data-id=\"81fab12\" data-element_type=\"container\" data-e-type=\"container\">\n\t\t\t\t\t<div class=\"e-con-inner\">\n\t\t\t\t<div class=\"elementor-element elementor-element-a750d6d elementor-widget elementor-widget-image\" data-id=\"a750d6d\" data-element_type=\"widget\" data-e-type=\"widget\" data-widget_type=\"image.default\">\n\t\t\t\t\t\t\t\t\t\t\t\t\t\t\t<img decoding=\"async\" width=\"540\" height=\"480\" src=\"https:\/\/intimaform.com\/wp-content\/uploads\/2026\/01\/\u8df3\u86cb05-\u5706\u7403\u773c\u775b.png\" class=\"attachment-large size-large wp-image-677\" alt=\"\" srcset=\"https:\/\/intimaform.com\/wp-content\/uploads\/2026\/01\/\u8df3\u86cb05-\u5706\u7403\u773c\u775b.png 540w, https:\/\/intimaform.com\/wp-content\/uploads\/2026\/01\/\u8df3\u86cb05-\u5706\u7403\u773c\u775b-300x267.png 300w\" sizes=\"(max-width: 540px) 100vw, 540px\" \/>\t\t\t\t\t\t\t\t\t\t\t\t\t\t\t<\/div>\n\t\t\t\t<div class=\"elementor-element elementor-element-22c3436 elementor-widget elementor-widget-image\" data-id=\"22c3436\" data-element_type=\"widget\" data-e-type=\"widget\" data-widget_type=\"image.default\">\n\t\t\t\t\t\t\t\t\t\t\t\t\t\t\t<img loading=\"lazy\" decoding=\"async\" width=\"540\" height=\"480\" src=\"https:\/\/intimaform.com\/wp-content\/uploads\/2026\/01\/\u8df3\u86cb04-\u7c89\u8272.png\" class=\"attachment-large size-large wp-image-676\" alt=\"\" srcset=\"https:\/\/intimaform.com\/wp-content\/uploads\/2026\/01\/\u8df3\u86cb04-\u7c89\u8272.png 540w, https:\/\/intimaform.com\/wp-content\/uploads\/2026\/01\/\u8df3\u86cb04-\u7c89\u8272-300x267.png 300w\" sizes=\"(max-width: 540px) 100vw, 540px\" \/>\t\t\t\t\t\t\t\t\t\t\t\t\t\t\t<\/div>\n\t\t\t\t<div class=\"elementor-element elementor-element-390520a elementor-widget elementor-widget-image\" data-id=\"390520a\" data-element_type=\"widget\" data-e-type=\"widget\" data-widget_type=\"image.default\">\n\t\t\t\t\t\t\t\t\t\t\t\t\t\t\t<img loading=\"lazy\" decoding=\"async\" width=\"540\" height=\"480\" src=\"https:\/\/intimaform.com\/wp-content\/uploads\/2026\/01\/\u8df3\u86cb03-\u5165\u4f53\u846b\u82a6.png\" class=\"attachment-large size-large wp-image-675\" alt=\"\" srcset=\"https:\/\/intimaform.com\/wp-content\/uploads\/2026\/01\/\u8df3\u86cb03-\u5165\u4f53\u846b\u82a6.png 540w, https:\/\/intimaform.com\/wp-content\/uploads\/2026\/01\/\u8df3\u86cb03-\u5165\u4f53\u846b\u82a6-300x267.png 300w\" sizes=\"(max-width: 540px) 100vw, 540px\" \/>\t\t\t\t\t\t\t\t\t\t\t\t\t\t\t<\/div>\n\t\t\t\t\t<\/div>\n\t\t\t\t<\/div>\n\t\t<div class=\"elementor-element elementor-element-9b09760 e-flex e-con-boxed e-con e-parent\" data-id=\"9b09760\" data-element_type=\"container\" data-e-type=\"container\">\n\t\t\t\t\t<div class=\"e-con-inner\">\n\t\t\t\t<div class=\"elementor-element elementor-element-29d2832 elementor-widget elementor-widget-text-editor\" data-id=\"29d2832\" data-element_type=\"widget\" data-e-type=\"widget\" data-widget_type=\"text-editor.default\">\n\t\t\t\t\t\t\t\t\t<h3 data-start=\"113\" data-end=\"159\"><strong>Stimulation - Ing\u00e9nierie personnalis\u00e9e et optimis\u00e9e<\/strong><\/h3><p data-start=\"160\" data-end=\"386\">La conception d'\u0153ufs d'amour personnalis\u00e9s est ax\u00e9e sur l'am\u00e9lioration des performances de stimulation, y compris l'optimisation du mod\u00e8le de vibration, le d\u00e9tail de la texture de la surface et l'ajustement de la structure interne pour am\u00e9liorer le retour sensoriel tout en maintenant le confort.<\/p><h3 data-start=\"388\" data-end=\"424\"><strong>Protection des dessins et mod\u00e8les confidentiels<\/strong><\/h3><p data-start=\"425\" data-end=\"632\">Tous les projets d'\u0153ufs d'amour personnalis\u00e9s sont prot\u00e9g\u00e9s par un cadre de confidentialit\u00e9 strict. De l'examen de la conception \u00e0 la production du moule, votre structure exclusive, votre logique vibratoire et votre apparence sont enti\u00e8rement prot\u00e9g\u00e9es.<\/p><h3 data-start=\"634\" data-end=\"669\"><strong>Mat\u00e9riaux certifi\u00e9s sans danger pour le corps<\/strong><\/h3><p data-start=\"670\" data-end=\"871\">Des \u00e9chantillons personnalis\u00e9s peuvent \u00eatre produits \u00e0 partir de silicone conforme aux normes m\u00e9dicales et soumis \u00e0 des tests de s\u00e9curit\u00e9 des mat\u00e9riaux effectu\u00e9s par des tiers, garantissant la s\u00e9curit\u00e9 de la peau, le contr\u00f4le des odeurs et la stabilit\u00e9 \u00e0 long terme des produits \u00e0 usage intime.<\/p><h3 data-start=\"873\" data-end=\"909\"><strong>Essais de vibration et de durabilit\u00e9<\/strong><\/h3><p data-start=\"910\" data-end=\"1101\">Chaque conception d'\u0153uf d'amour personnalis\u00e9 peut \u00eatre valid\u00e9e par des tests de coh\u00e9rence des vibrations, de durabilit\u00e9 du moteur et de niveau sonore, afin de garantir des performances stables et conformes au positionnement de votre march\u00e9 cible.<\/p><h3 data-start=\"1103\" data-end=\"1142\"><strong>Fabrication de moules de haute pr\u00e9cision<\/strong><\/h3><p data-start=\"1143\" data-end=\"1333\">Des processus de fabrication de moules avanc\u00e9s permettent de reproduire avec pr\u00e9cision les micro-textures, l'\u00e9paisseur de la coque et l'alignement des composants internes, garantissant ainsi la coh\u00e9rence entre les \u00e9chantillons et la production de masse.<\/p>\t\t\t\t\t\t\t\t<\/div>\n\t\t\t\t\t<\/div>\n\t\t\t\t<\/div>\n\t\t\t\t<\/div>","protected":false},"excerpt":{"rendered":"<p>Stimulation-Optimized Custom Engineering Customized love egg designs focused on enhanced stimulation performance, including vibration pattern optimization, surface texture detailing, and internal structure tuning to improve sensory feedback while maintaining comfort. Confidential Design Protection All custom love egg projects are protected under a strict confidentiality framework. From design review to mold production, your exclusive structure, vibration [&hellip;]<\/p>","protected":false},"author":1,"featured_media":0,"parent":402,"menu_order":0,"comment_status":"closed","ping_status":"closed","template":"","meta":{"_acf_changed":false,"footnotes":""},"class_list":["post-671","page","type-page","status-publish","hentry"],"acf":[],"jetpack_sharing_enabled":true,"_links":{"self":[{"href":"https:\/\/intimaform.com\/fr\/wp-json\/wp\/v2\/pages\/671","targetHints":{"allow":["GET"]}}],"collection":[{"href":"https:\/\/intimaform.com\/fr\/wp-json\/wp\/v2\/pages"}],"about":[{"href":"https:\/\/intimaform.com\/fr\/wp-json\/wp\/v2\/types\/page"}],"author":[{"embeddable":true,"href":"https:\/\/intimaform.com\/fr\/wp-json\/wp\/v2\/users\/1"}],"replies":[{"embeddable":true,"href":"https:\/\/intimaform.com\/fr\/wp-json\/wp\/v2\/comments?post=671"}],"version-history":[{"count":4,"href":"https:\/\/intimaform.com\/fr\/wp-json\/wp\/v2\/pages\/671\/revisions"}],"predecessor-version":[{"id":680,"href":"https:\/\/intimaform.com\/fr\/wp-json\/wp\/v2\/pages\/671\/revisions\/680"}],"up":[{"embeddable":true,"href":"https:\/\/intimaform.com\/fr\/wp-json\/wp\/v2\/pages\/402"}],"wp:attachment":[{"href":"https:\/\/intimaform.com\/fr\/wp-json\/wp\/v2\/media?parent=671"}],"curies":[{"name":"wp","href":"https:\/\/api.w.org\/{rel}","templated":true}]}}