{"id":540,"date":"2026-01-08T22:17:21","date_gmt":"2026-01-08T14:17:21","guid":{"rendered":"https:\/\/intimaform.com\/?page_id=540"},"modified":"2026-01-21T11:23:56","modified_gmt":"2026-01-21T03:23:56","slug":"customer-service","status":"publish","type":"page","link":"https:\/\/intimaform.com\/fr\/customer-service\/","title":{"rendered":"Service client\u00e8le"},"content":{"rendered":"<div data-elementor-type=\"wp-page\" data-elementor-id=\"540\" class=\"elementor elementor-540\" data-elementor-post-type=\"page\">\n\t\t\t\t<div class=\"elementor-element elementor-element-aba16e3 e-flex e-con-boxed e-con e-parent\" data-id=\"aba16e3\" data-element_type=\"container\" data-e-type=\"container\">\n\t\t\t\t\t<div class=\"e-con-inner\">\n\t\t<div class=\"elementor-element elementor-element-5be005d e-con-full e-flex e-con e-child\" data-id=\"5be005d\" data-element_type=\"container\" data-e-type=\"container\">\n\t\t\t\t<div class=\"elementor-element elementor-element-71b9c12 elementor-widget elementor-widget-image\" data-id=\"71b9c12\" data-element_type=\"widget\" data-e-type=\"widget\" data-widget_type=\"image.default\">\n\t\t\t\t\t\t\t\t\t\t\t\t\t\t\t<img fetchpriority=\"high\" decoding=\"async\" width=\"500\" height=\"500\" src=\"https:\/\/intimaform.com\/wp-content\/uploads\/2026\/01\/\u4fee\u6539\u79d1\u6280\u611f_logo-removebg-preview.png\" class=\"attachment-large size-large wp-image-127\" alt=\"\" srcset=\"https:\/\/intimaform.com\/wp-content\/uploads\/2026\/01\/\u4fee\u6539\u79d1\u6280\u611f_logo-removebg-preview.png 500w, https:\/\/intimaform.com\/wp-content\/uploads\/2026\/01\/\u4fee\u6539\u79d1\u6280\u611f_logo-removebg-preview-300x300.png 300w, https:\/\/intimaform.com\/wp-content\/uploads\/2026\/01\/\u4fee\u6539\u79d1\u6280\u611f_logo-removebg-preview-150x150.png 150w, https:\/\/intimaform.com\/wp-content\/uploads\/2026\/01\/elementor\/thumbs\/\u4fee\u6539\u79d1\u6280\u611f_logo-removebg-preview-rh1ujz8ibdeblw4r6eqd71ti7pg2i0eqmwenkc51wo.png 100w, https:\/\/intimaform.com\/wp-content\/uploads\/2026\/01\/elementor\/thumbs\/\u4fee\u6539\u79d1\u6280\u611f_logo-removebg-preview-rh1ujz8hcad6bhlrna1fi6qtdu2rklu5xgqin7r9vs.png 20w\" sizes=\"(max-width: 500px) 100vw, 500px\" \/>\t\t\t\t\t\t\t\t\t\t\t\t\t\t\t<\/div>\n\t\t\t\t<\/div>\n\t\t<div class=\"elementor-element elementor-element-8ea330f e-con-full e-flex e-con e-child\" data-id=\"8ea330f\" data-element_type=\"container\" data-e-type=\"container\">\n\t\t\t\t<div class=\"elementor-element elementor-element-aaf6492 elementor-widget elementor-widget-text-editor\" data-id=\"aaf6492\" data-element_type=\"widget\" data-e-type=\"widget\" data-widget_type=\"text-editor.default\">\n\t\t\t\t\t\t\t\t\t<p><strong data-start=\"153\" data-end=\"178\">A propos d'IntimaForm Tech<\/strong><br data-start=\"178\" data-end=\"181\" \/>IntimaForm Tech est un fabricant OEM\/ODM dirig\u00e9 par des femmes et sp\u00e9cialis\u00e9 dans les produits de bien-\u00eatre sexuel personnalis\u00e9s.<br data-start=\"287\" data-end=\"290\" \/>Avec le soutien d'ing\u00e9nieurs professionnels et de syst\u00e8mes de production normalis\u00e9s, nous aidons les marques internationales \u00e0 transformer leurs concepts en produits \u00e9volutifs et conformes, avec une qualit\u00e9 stable et une ex\u00e9cution efficace.<\/p>\t\t\t\t\t\t\t\t<\/div>\n\t\t\t\t<\/div>\n\t\t\t\t\t<\/div>\n\t\t\t\t<\/div>\n\t\t<div class=\"elementor-element elementor-element-5d21a31 e-flex e-con-boxed e-con e-parent\" data-id=\"5d21a31\" data-element_type=\"container\" data-e-type=\"container\">\n\t\t\t\t\t<div class=\"e-con-inner\">\n\t\t<div class=\"elementor-element elementor-element-ce0045f e-con-full e-flex e-con e-child\" data-id=\"ce0045f\" data-element_type=\"container\" data-e-type=\"container\">\n\t\t\t\t<div class=\"elementor-element elementor-element-d4a989a elementor-widget elementor-widget-video\" data-id=\"d4a989a\" data-element_type=\"widget\" data-e-type=\"widget\" data-settings=\"{&quot;video_type&quot;:&quot;hosted&quot;,&quot;show_image_overlay&quot;:&quot;yes&quot;,&quot;image_overlay&quot;:{&quot;url&quot;:&quot;&quot;,&quot;id&quot;:&quot;&quot;,&quot;size&quot;:&quot;&quot;,&quot;alt&quot;:&quot;&quot;,&quot;source&quot;:&quot;library&quot;},&quot;controls&quot;:&quot;yes&quot;}\" data-widget_type=\"video.default\">\n\t\t\t\t\t\t\t<div class=\"e-hosted-video elementor-wrapper elementor-open-inline\">\n\t\t\t\t\t<video class=\"elementor-video\" src=\"https:\/\/intimaform.com\/wp-content\/uploads\/2026\/01\/cock-rings.mp4\" controls=\"\" preload=\"auto\" controlslist=\"nodownload\" poster=\"https:\/\/intimaform.com\/wp-content\/uploads\/2026\/01\/L\u5b57\u73af.jpg\"><\/video>\n\t\t\t\t<\/div>\n\t\t\t\t\t\t<\/div>\n\t\t\t\t<\/div>\n\t\t<div class=\"elementor-element elementor-element-a8ecf27 e-con-full e-flex e-con e-child\" data-id=\"a8ecf27\" data-element_type=\"container\" data-e-type=\"container\">\n\t\t\t\t<div class=\"elementor-element elementor-element-5b02647 elementor-widget elementor-widget-text-editor\" data-id=\"5b02647\" data-element_type=\"widget\" data-e-type=\"widget\" data-widget_type=\"text-editor.default\">\n\t\t\t\t\t\t\t\t\t<p data-start=\"1333\" data-end=\"1621\"><strong data-start=\"1333\" data-end=\"1375\">Flexibilit\u00e9 de la conception et extension des produits<\/strong><br data-start=\"1375\" data-end=\"1378\" \/>Des produits de base aux accessoires fonctionnels, nous prenons en charge la personnalisation de diff\u00e9rents types de produits, de structures et de sc\u00e9narios d'utilisation.<br data-start=\"1513\" data-end=\"1516\" \/>Notre \u00e9quipe d'ing\u00e9nieurs adapte les conceptions en fonction de votre positionnement sur le march\u00e9, de vos utilisateurs cibles et de votre strat\u00e9gie de vente.<\/p><p data-start=\"1623\" data-end=\"1641\"><strong data-start=\"1623\" data-end=\"1641\">Principaux avantages<\/strong><\/p><ul data-start=\"1642\" data-end=\"1826\"><li data-start=\"1642\" data-end=\"1694\"><p data-start=\"1644\" data-end=\"1694\">Convient pour les produits autonomes ou les ensembles group\u00e9s<\/p><\/li><li data-start=\"1695\" data-end=\"1747\"><p data-start=\"1697\" data-end=\"1747\">Qualit\u00e9 constante pour les commandes r\u00e9p\u00e9t\u00e9es et la mise \u00e0 l'\u00e9chelle<\/p><\/li><li data-start=\"1748\" data-end=\"1826\"><p data-start=\"1750\" data-end=\"1826\">Optimis\u00e9 pour l'image de marque, la faisabilit\u00e9 de la fabrication et la coop\u00e9ration \u00e0 long terme<\/p><\/li><\/ul><blockquote data-start=\"1828\" data-end=\"1925\"><p data-start=\"1830\" data-end=\"1925\">Id\u00e9al pour les marques \u00e0 la recherche d'un approvisionnement stable, d'un d\u00e9veloppement flexible et d'une expansion continue des produits.<\/p><\/blockquote>\t\t\t\t\t\t\t\t<\/div>\n\t\t\t\t<\/div>\n\t\t\t\t\t<\/div>\n\t\t\t\t<\/div>\n\t\t<div class=\"elementor-element elementor-element-3d5bc74 e-flex e-con-boxed e-con e-parent\" data-id=\"3d5bc74\" data-element_type=\"container\" data-e-type=\"container\">\n\t\t\t\t\t<div class=\"e-con-inner\">\n\t\t<div class=\"elementor-element elementor-element-c0e2bb6 e-con-full e-flex e-con e-child\" data-id=\"c0e2bb6\" data-element_type=\"container\" data-e-type=\"container\">\n\t\t\t\t<div class=\"elementor-element elementor-element-7b91a16 elementor-widget elementor-widget-text-editor\" data-id=\"7b91a16\" data-element_type=\"widget\" data-e-type=\"widget\" data-widget_type=\"text-editor.default\">\n\t\t\t\t\t\t\t\t\t<p data-start=\"575\" data-end=\"823\"><strong data-start=\"575\" data-end=\"613\">Capacit\u00e9s de personnalisation des produits<\/strong><br data-start=\"613\" data-end=\"616\">Nous proposons des services OEM et ODM flexibles pour une large gamme de produits de bien-\u00eatre sexuel.<br data-start=\"705\" data-end=\"708\">Les produits et les vid\u00e9os pr\u00e9sent\u00e9s le sont uniquement \u00e0 titre de d\u00e9monstration et ne limitent pas nos possibilit\u00e9s de personnalisation.<\/p>\n<p data-start=\"575\" data-end=\"823\"><strong style=\"font-style: italic;\" data-start=\"827\" data-end=\"849\">Politique de qualit\u00e9 unifi\u00e9e<\/strong><\/p>\n<blockquote data-start=\"825\" data-end=\"960\">\n<p data-start=\"827\" data-end=\"960\">Tous les produits sont soumis \u00e0 une quantit\u00e9 minimale de commande unifi\u00e9e de <strong data-start=\"910\" data-end=\"927\">500-1 000 pi\u00e8ces<\/strong>, en fonction de la complexit\u00e9 de la conception.<\/p>\n<\/blockquote>\n<p data-start=\"962\" data-end=\"985\"><strong data-start=\"962\" data-end=\"985\">Champ d'application de la personnalisation<\/strong><\/p>\n<ul data-start=\"986\" data-end=\"1074\">\n<li data-start=\"986\" data-end=\"1017\">\n<p data-start=\"988\" data-end=\"1017\">Structure et conception interne<\/p>\n<\/li>\n<li data-start=\"1018\" data-end=\"1048\">\n<p data-start=\"1020\" data-end=\"1048\">Taille, texture et aspect<\/p>\n<\/li>\n<li data-start=\"1049\" data-end=\"1074\">\n<p data-start=\"1051\" data-end=\"1074\">Couleur, logo et emballage<\/p>\n<\/li>\n<\/ul>\n<p data-start=\"1076\" data-end=\"1089\"><strong data-start=\"1076\" data-end=\"1089\">Mat\u00e9riaux<\/strong><\/p>\n<ul data-start=\"1090\" data-end=\"1133\">\n<li data-start=\"1090\" data-end=\"1133\">\n<p data-start=\"1092\" data-end=\"1133\">TPE\/Silicone et \u00e9lastom\u00e8res compatibles avec le corps humain<\/p>\n<\/li>\n<\/ul>\n<p data-start=\"1135\" data-end=\"1156\"><strong data-start=\"1135\" data-end=\"1156\">Conditions de coop\u00e9ration<\/strong><\/p>\n<ul data-start=\"1157\" data-end=\"1271\">\n<li data-start=\"1157\" data-end=\"1208\">\n<p data-start=\"1159\" data-end=\"1208\"><strong data-start=\"1159\" data-end=\"1167\">MOQ :<\/strong> 500-1 000 pi\u00e8ces (toutes cat\u00e9gories de produits)<\/p>\n<\/li>\n<li data-start=\"1209\" data-end=\"1271\">\n<p data-start=\"1211\" data-end=\"1271\"><strong data-start=\"1211\" data-end=\"1229\">Conditions de paiement :<\/strong> 30% d\u00e9p\u00f4t + 70% solde avant exp\u00e9dition<\/p>\n<\/li>\n<\/ul>\t\t\t\t\t\t\t\t<\/div>\n\t\t\t\t<\/div>\n\t\t<div class=\"elementor-element elementor-element-db09c9e e-con-full e-flex e-con e-child\" data-id=\"db09c9e\" data-element_type=\"container\" data-e-type=\"container\">\n\t\t\t\t<div class=\"elementor-element elementor-element-f4a4d67 elementor-widget elementor-widget-video\" data-id=\"f4a4d67\" data-element_type=\"widget\" data-e-type=\"widget\" data-settings=\"{&quot;video_type&quot;:&quot;hosted&quot;,&quot;controls&quot;:&quot;yes&quot;}\" data-widget_type=\"video.default\">\n\t\t\t\t\t\t\t<div class=\"e-hosted-video elementor-wrapper elementor-open-inline\">\n\t\t\t\t\t<video class=\"elementor-video\" src=\"https:\/\/intimaform.com\/wp-content\/uploads\/2026\/01\/male-strokers.mp4\" controls=\"\" preload=\"metadata\" controlslist=\"nodownload\" poster=\"https:\/\/intimaform.com\/wp-content\/uploads\/2026\/01\/male-toys-e1768635167653.jpg\"><\/video>\n\t\t\t\t<\/div>\n\t\t\t\t\t\t<\/div>\n\t\t\t\t<\/div>\n\t\t\t\t\t<\/div>\n\t\t\t\t<\/div>\n\t\t\t\t<\/div>","protected":false},"excerpt":{"rendered":"<p>About IntimaForm TechIntimaForm Tech is a women-led OEM\/ODM manufacturer specializing in customized sexual wellness products.Supported by professional engineers and standardized production systems, we help global brands turn concepts into scalable, compliant products with stable quality and efficient execution. https:\/\/intimaform.com\/wp-content\/uploads\/2026\/01\/cock-rings.mp4 Design Flexibility &amp; Product ExtensionFrom core products to functional accessories, we support customization across different product [&hellip;]<\/p>","protected":false},"author":1,"featured_media":0,"parent":0,"menu_order":0,"comment_status":"closed","ping_status":"closed","template":"","meta":{"_acf_changed":false,"footnotes":""},"class_list":["post-540","page","type-page","status-publish","hentry"],"acf":[],"jetpack_sharing_enabled":true,"_links":{"self":[{"href":"https:\/\/intimaform.com\/fr\/wp-json\/wp\/v2\/pages\/540","targetHints":{"allow":["GET"]}}],"collection":[{"href":"https:\/\/intimaform.com\/fr\/wp-json\/wp\/v2\/pages"}],"about":[{"href":"https:\/\/intimaform.com\/fr\/wp-json\/wp\/v2\/types\/page"}],"author":[{"embeddable":true,"href":"https:\/\/intimaform.com\/fr\/wp-json\/wp\/v2\/users\/1"}],"replies":[{"embeddable":true,"href":"https:\/\/intimaform.com\/fr\/wp-json\/wp\/v2\/comments?post=540"}],"version-history":[{"count":16,"href":"https:\/\/intimaform.com\/fr\/wp-json\/wp\/v2\/pages\/540\/revisions"}],"predecessor-version":[{"id":856,"href":"https:\/\/intimaform.com\/fr\/wp-json\/wp\/v2\/pages\/540\/revisions\/856"}],"wp:attachment":[{"href":"https:\/\/intimaform.com\/fr\/wp-json\/wp\/v2\/media?parent=540"}],"curies":[{"name":"wp","href":"https:\/\/api.w.org\/{rel}","templated":true}]}}