{"id":514,"date":"2026-01-08T22:03:16","date_gmt":"2026-01-08T14:03:16","guid":{"rendered":"https:\/\/intimaform.com\/?page_id=514"},"modified":"2026-01-18T22:43:04","modified_gmt":"2026-01-18T14:43:04","slug":"custom-stimulating-finger-sleeve","status":"publish","type":"page","link":"https:\/\/intimaform.com\/fr\/custom-your-toys\/custom-stimulating-finger-sleeve\/","title":{"rendered":"Manchette de stimulation personnalis\u00e9e pour les doigts"},"content":{"rendered":"<div data-elementor-type=\"wp-page\" data-elementor-id=\"514\" class=\"elementor elementor-514\" data-elementor-post-type=\"page\">\n\t\t\t\t<div class=\"elementor-element elementor-element-eb4de75 e-grid e-con-boxed e-con e-parent\" data-id=\"eb4de75\" data-element_type=\"container\" data-e-type=\"container\">\n\t\t\t\t\t<div class=\"e-con-inner\">\n\t\t\t\t<div class=\"elementor-element elementor-element-6bdac6c elementor-widget elementor-widget-image\" data-id=\"6bdac6c\" data-element_type=\"widget\" data-e-type=\"widget\" data-widget_type=\"image.default\">\n\t\t\t\t\t\t\t\t\t\t\t\t\t\t\t<img fetchpriority=\"high\" decoding=\"async\" width=\"757\" height=\"761\" src=\"https:\/\/intimaform.com\/wp-content\/uploads\/2026\/01\/\u624b\u6307\u595701-\u4e24\u4e2a\u900f\u660e.jpg\" class=\"attachment-large size-large wp-image-519\" alt=\"\" srcset=\"https:\/\/intimaform.com\/wp-content\/uploads\/2026\/01\/\u624b\u6307\u595701-\u4e24\u4e2a\u900f\u660e.jpg 757w, https:\/\/intimaform.com\/wp-content\/uploads\/2026\/01\/\u624b\u6307\u595701-\u4e24\u4e2a\u900f\u660e-298x300.jpg 298w, https:\/\/intimaform.com\/wp-content\/uploads\/2026\/01\/\u624b\u6307\u595701-\u4e24\u4e2a\u900f\u660e-150x150.jpg 150w, https:\/\/intimaform.com\/wp-content\/uploads\/2026\/01\/\u624b\u6307\u595701-\u4e24\u4e2a\u900f\u660e-600x603.jpg 600w, https:\/\/intimaform.com\/wp-content\/uploads\/2026\/01\/\u624b\u6307\u595701-\u4e24\u4e2a\u900f\u660e-100x100.jpg 100w\" sizes=\"(max-width: 757px) 100vw, 757px\" \/>\t\t\t\t\t\t\t\t\t\t\t\t\t\t\t<\/div>\n\t\t\t\t<div class=\"elementor-element elementor-element-b54cc16 elementor-widget elementor-widget-image\" data-id=\"b54cc16\" data-element_type=\"widget\" data-e-type=\"widget\" data-widget_type=\"image.default\">\n\t\t\t\t\t\t\t\t\t\t\t\t\t\t\t<img decoding=\"async\" width=\"759\" height=\"792\" src=\"https:\/\/intimaform.com\/wp-content\/uploads\/2026\/01\/\u624b\u6307\u595702-\u7eff\u8272\u9707\u52a8.jpg\" class=\"attachment-large size-large wp-image-518\" alt=\"\" srcset=\"https:\/\/intimaform.com\/wp-content\/uploads\/2026\/01\/\u624b\u6307\u595702-\u7eff\u8272\u9707\u52a8.jpg 759w, https:\/\/intimaform.com\/wp-content\/uploads\/2026\/01\/\u624b\u6307\u595702-\u7eff\u8272\u9707\u52a8-288x300.jpg 288w, https:\/\/intimaform.com\/wp-content\/uploads\/2026\/01\/\u624b\u6307\u595702-\u7eff\u8272\u9707\u52a8-600x626.jpg 600w\" sizes=\"(max-width: 759px) 100vw, 759px\" \/>\t\t\t\t\t\t\t\t\t\t\t\t\t\t\t<\/div>\n\t\t\t\t<div class=\"elementor-element elementor-element-31a9643 elementor-widget elementor-widget-image\" data-id=\"31a9643\" data-element_type=\"widget\" data-e-type=\"widget\" data-widget_type=\"image.default\">\n\t\t\t\t\t\t\t\t\t\t\t\t\t\t\t<img decoding=\"async\" width=\"478\" height=\"576\" src=\"https:\/\/intimaform.com\/wp-content\/uploads\/2026\/01\/\u624b\u6307\u595703-\u87ba\u7eb9.jpg\" class=\"attachment-large size-large wp-image-517\" alt=\"\" srcset=\"https:\/\/intimaform.com\/wp-content\/uploads\/2026\/01\/\u624b\u6307\u595703-\u87ba\u7eb9.jpg 478w, https:\/\/intimaform.com\/wp-content\/uploads\/2026\/01\/\u624b\u6307\u595703-\u87ba\u7eb9-249x300.jpg 249w\" sizes=\"(max-width: 478px) 100vw, 478px\" \/>\t\t\t\t\t\t\t\t\t\t\t\t\t\t\t<\/div>\n\t\t\t\t\t<\/div>\n\t\t\t\t<\/div>\n\t\t<div class=\"elementor-element elementor-element-63a136c e-flex e-con-boxed e-con e-parent\" data-id=\"63a136c\" data-element_type=\"container\" data-e-type=\"container\">\n\t\t\t\t\t<div class=\"e-con-inner\">\n\t\t\t\t<div class=\"elementor-element elementor-element-df4ce2b elementor-widget elementor-widget-text-editor\" data-id=\"df4ce2b\" data-element_type=\"widget\" data-e-type=\"widget\" data-widget_type=\"text-editor.default\">\n\t\t\t\t\t\t\t\t\t<ul><li><strong>Conception personnalis\u00e9e renforc\u00e9e par la stimulation<\/strong><div>\u00a0<\/div><p>R\u00e9alisez pleinement vos conceptions personnalis\u00e9es ax\u00e9es sur une stimulation accrue, y compris les textures de surface, les protub\u00e9rances et les structures fonctionnelles sp\u00e9ciales.<\/p><\/li><li><strong>Garantie de confidentialit\u00e9 des dessins et mod\u00e8les<\/strong><div>\u00a0<\/div><p>Nous respectons et prot\u00e9geons strictement vos informations de conception exclusives gr\u00e2ce \u00e0 un syst\u00e8me de confidentialit\u00e9 complet tout au long du processus de production.<\/p><\/li><li><strong>Essais de mat\u00e9riaux sans danger pour le corps<\/strong><div>\u00a0<\/div><p>Tous les \u00e9chantillons de manchons personnalis\u00e9s peuvent \u00eatre soumis \u00e0 des tests professionnels de s\u00e9curit\u00e9 des mat\u00e9riaux afin de r\u00e9pondre aux normes les plus strictes en mati\u00e8re de produits intimes pour adultes.<\/p><\/li><li><strong>V\u00e9rification des performances en mati\u00e8re d'\u00e9lasticit\u00e9<\/strong><div>\u00a0<\/div><p>Des tests d'\u00e9lasticit\u00e9 sp\u00e9cialis\u00e9s sont disponibles pour les \u00e9chantillons personnalis\u00e9s afin de s'assurer que l'extensibilit\u00e9 du produit r\u00e9pond \u00e0 vos exigences en mati\u00e8re de conception et d'utilisation.<\/p><\/li><li><strong>R\u00e9plication de moules de pr\u00e9cision<\/strong><div>\u00a0<\/div><p>La fabrication de moules de haute pr\u00e9cision garantit la reproduction exacte des d\u00e9tails de votre conception ax\u00e9e sur la stimulation, sans aucune d\u00e9viation.<\/p><\/li><\/ul>\t\t\t\t\t\t\t\t<\/div>\n\t\t\t\t\t<\/div>\n\t\t\t\t<\/div>\n\t\t\t\t<\/div>","protected":false},"excerpt":{"rendered":"<p>Stimulation-Enhanced Custom Design\u00a0 Fully realize your customized designs focused on enhanced stimulation, including surface textures, protrusions, and special functional structures. Design Confidentiality Guarantee\u00a0 We fully respect and strictly protect your exclusive design information with a complete confidentiality system throughout the production process. Body-Safe Material Testing\u00a0 All custom finger sleeve samples can undergo professional material safety [&hellip;]<\/p>","protected":false},"author":1,"featured_media":0,"parent":402,"menu_order":0,"comment_status":"closed","ping_status":"closed","template":"","meta":{"_acf_changed":false,"footnotes":""},"class_list":["post-514","page","type-page","status-publish","hentry"],"acf":[],"jetpack_sharing_enabled":true,"_links":{"self":[{"href":"https:\/\/intimaform.com\/fr\/wp-json\/wp\/v2\/pages\/514","targetHints":{"allow":["GET"]}}],"collection":[{"href":"https:\/\/intimaform.com\/fr\/wp-json\/wp\/v2\/pages"}],"about":[{"href":"https:\/\/intimaform.com\/fr\/wp-json\/wp\/v2\/types\/page"}],"author":[{"embeddable":true,"href":"https:\/\/intimaform.com\/fr\/wp-json\/wp\/v2\/users\/1"}],"replies":[{"embeddable":true,"href":"https:\/\/intimaform.com\/fr\/wp-json\/wp\/v2\/comments?post=514"}],"version-history":[{"count":10,"href":"https:\/\/intimaform.com\/fr\/wp-json\/wp\/v2\/pages\/514\/revisions"}],"predecessor-version":[{"id":761,"href":"https:\/\/intimaform.com\/fr\/wp-json\/wp\/v2\/pages\/514\/revisions\/761"}],"up":[{"embeddable":true,"href":"https:\/\/intimaform.com\/fr\/wp-json\/wp\/v2\/pages\/402"}],"wp:attachment":[{"href":"https:\/\/intimaform.com\/fr\/wp-json\/wp\/v2\/media?parent=514"}],"curies":[{"name":"wp","href":"https:\/\/api.w.org\/{rel}","templated":true}]}}