{"id":447,"date":"2026-01-07T23:18:38","date_gmt":"2026-01-07T15:18:38","guid":{"rendered":"https:\/\/intimaform.com\/?page_id=447"},"modified":"2026-01-08T22:35:45","modified_gmt":"2026-01-08T14:35:45","slug":"custom-cock-rings","status":"publish","type":"page","link":"https:\/\/intimaform.com\/fr\/custom-your-toys\/custom-cock-rings\/","title":{"rendered":"Anneaux de bite sur mesure"},"content":{"rendered":"<div data-elementor-type=\"wp-page\" data-elementor-id=\"447\" class=\"elementor elementor-447\" data-elementor-post-type=\"page\">\n\t\t\t\t<div class=\"elementor-element elementor-element-03ca573 e-grid e-con-boxed e-con e-parent\" data-id=\"03ca573\" data-element_type=\"container\" data-e-type=\"container\">\n\t\t\t\t\t<div class=\"e-con-inner\">\n\t\t\t\t<div class=\"elementor-element elementor-element-299a425 elementor-widget elementor-widget-image\" data-id=\"299a425\" data-element_type=\"widget\" data-e-type=\"widget\" data-widget_type=\"image.default\">\n\t\t\t\t\t\t\t\t\t\t\t\t\t\t\t<img fetchpriority=\"high\" decoding=\"async\" width=\"741\" height=\"789\" src=\"https:\/\/intimaform.com\/wp-content\/uploads\/2026\/01\/\u9ed1\u8272\u9501\u7cbe\u73af\u5361\u86cb\u86cb02.jpg\" class=\"attachment-large size-large wp-image-453\" alt=\"\" srcset=\"https:\/\/intimaform.com\/wp-content\/uploads\/2026\/01\/\u9ed1\u8272\u9501\u7cbe\u73af\u5361\u86cb\u86cb02.jpg 741w, https:\/\/intimaform.com\/wp-content\/uploads\/2026\/01\/\u9ed1\u8272\u9501\u7cbe\u73af\u5361\u86cb\u86cb02-282x300.jpg 282w, https:\/\/intimaform.com\/wp-content\/uploads\/2026\/01\/\u9ed1\u8272\u9501\u7cbe\u73af\u5361\u86cb\u86cb02-600x639.jpg 600w\" sizes=\"(max-width: 741px) 100vw, 741px\" \/>\t\t\t\t\t\t\t\t\t\t\t\t\t\t\t<\/div>\n\t\t\t\t<div class=\"elementor-element elementor-element-f3acd9d elementor-widget elementor-widget-image\" data-id=\"f3acd9d\" data-element_type=\"widget\" data-e-type=\"widget\" data-widget_type=\"image.default\">\n\t\t\t\t\t\t\t\t\t\t\t\t\t\t\t<img decoding=\"async\" width=\"800\" height=\"753\" src=\"https:\/\/intimaform.com\/wp-content\/uploads\/2026\/01\/\u9501\u7cbe\u73af-\u9633\u5177\u578b05-1024x964.jpg\" class=\"attachment-large size-large wp-image-450\" alt=\"\" srcset=\"https:\/\/intimaform.com\/wp-content\/uploads\/2026\/01\/\u9501\u7cbe\u73af-\u9633\u5177\u578b05-1024x964.jpg 1024w, https:\/\/intimaform.com\/wp-content\/uploads\/2026\/01\/\u9501\u7cbe\u73af-\u9633\u5177\u578b05-300x282.jpg 300w, https:\/\/intimaform.com\/wp-content\/uploads\/2026\/01\/\u9501\u7cbe\u73af-\u9633\u5177\u578b05-768x723.jpg 768w, https:\/\/intimaform.com\/wp-content\/uploads\/2026\/01\/\u9501\u7cbe\u73af-\u9633\u5177\u578b05-1320x1242.jpg 1320w, https:\/\/intimaform.com\/wp-content\/uploads\/2026\/01\/\u9501\u7cbe\u73af-\u9633\u5177\u578b05-600x565.jpg 600w, https:\/\/intimaform.com\/wp-content\/uploads\/2026\/01\/\u9501\u7cbe\u73af-\u9633\u5177\u578b05.jpg 1462w\" sizes=\"(max-width: 800px) 100vw, 800px\" \/>\t\t\t\t\t\t\t\t\t\t\t\t\t\t\t<\/div>\n\t\t\t\t<div class=\"elementor-element elementor-element-946c446 elementor-widget elementor-widget-image\" data-id=\"946c446\" data-element_type=\"widget\" data-e-type=\"widget\" data-widget_type=\"image.default\">\n\t\t\t\t\t\t\t\t\t\t\t\t\t\t\t<img decoding=\"async\" width=\"404\" height=\"535\" src=\"https:\/\/intimaform.com\/wp-content\/uploads\/2026\/01\/\u9ed1\u8272\u9501\u7cbe\u73af\u6212\u5b5006.jpg\" class=\"attachment-large size-large wp-image-449\" alt=\"\" srcset=\"https:\/\/intimaform.com\/wp-content\/uploads\/2026\/01\/\u9ed1\u8272\u9501\u7cbe\u73af\u6212\u5b5006.jpg 404w, https:\/\/intimaform.com\/wp-content\/uploads\/2026\/01\/\u9ed1\u8272\u9501\u7cbe\u73af\u6212\u5b5006-227x300.jpg 227w\" sizes=\"(max-width: 404px) 100vw, 404px\" \/>\t\t\t\t\t\t\t\t\t\t\t\t\t\t\t<\/div>\n\t\t\t\t<div class=\"elementor-element elementor-element-8d30b25 elementor-widget elementor-widget-image\" data-id=\"8d30b25\" data-element_type=\"widget\" data-e-type=\"widget\" data-widget_type=\"image.default\">\n\t\t\t\t\t\t\t\t\t\t\t\t\t\t\t<img loading=\"lazy\" decoding=\"async\" width=\"800\" height=\"663\" src=\"https:\/\/intimaform.com\/wp-content\/uploads\/2026\/01\/\u7eaf\u767d\u9501\u7cbe\u73af03.jpg\" class=\"attachment-large size-large wp-image-452\" alt=\"\" srcset=\"https:\/\/intimaform.com\/wp-content\/uploads\/2026\/01\/\u7eaf\u767d\u9501\u7cbe\u73af03.jpg 937w, https:\/\/intimaform.com\/wp-content\/uploads\/2026\/01\/\u7eaf\u767d\u9501\u7cbe\u73af03-300x248.jpg 300w, https:\/\/intimaform.com\/wp-content\/uploads\/2026\/01\/\u7eaf\u767d\u9501\u7cbe\u73af03-768x636.jpg 768w, https:\/\/intimaform.com\/wp-content\/uploads\/2026\/01\/\u7eaf\u767d\u9501\u7cbe\u73af03-600x497.jpg 600w\" sizes=\"(max-width: 800px) 100vw, 800px\" \/>\t\t\t\t\t\t\t\t\t\t\t\t\t\t\t<\/div>\n\t\t\t\t<div class=\"elementor-element elementor-element-ed66224 elementor-widget elementor-widget-image\" data-id=\"ed66224\" data-element_type=\"widget\" data-e-type=\"widget\" data-widget_type=\"image.default\">\n\t\t\t\t\t\t\t\t\t\t\t\t\t\t\t<img loading=\"lazy\" decoding=\"async\" width=\"800\" height=\"664\" src=\"https:\/\/intimaform.com\/wp-content\/uploads\/2026\/01\/\u900f\u660e\u9501\u7cbe\u73af\u4e32\u73e0\u5f62\u72b604-1024x850.jpg\" class=\"attachment-large size-large wp-image-451\" alt=\"\" srcset=\"https:\/\/intimaform.com\/wp-content\/uploads\/2026\/01\/\u900f\u660e\u9501\u7cbe\u73af\u4e32\u73e0\u5f62\u72b604-1024x850.jpg 1024w, https:\/\/intimaform.com\/wp-content\/uploads\/2026\/01\/\u900f\u660e\u9501\u7cbe\u73af\u4e32\u73e0\u5f62\u72b604-300x249.jpg 300w, https:\/\/intimaform.com\/wp-content\/uploads\/2026\/01\/\u900f\u660e\u9501\u7cbe\u73af\u4e32\u73e0\u5f62\u72b604-768x637.jpg 768w, https:\/\/intimaform.com\/wp-content\/uploads\/2026\/01\/\u900f\u660e\u9501\u7cbe\u73af\u4e32\u73e0\u5f62\u72b604-1320x1096.jpg 1320w, https:\/\/intimaform.com\/wp-content\/uploads\/2026\/01\/\u900f\u660e\u9501\u7cbe\u73af\u4e32\u73e0\u5f62\u72b604-600x498.jpg 600w, https:\/\/intimaform.com\/wp-content\/uploads\/2026\/01\/\u900f\u660e\u9501\u7cbe\u73af\u4e32\u73e0\u5f62\u72b604.jpg 1500w\" sizes=\"(max-width: 800px) 100vw, 800px\" \/>\t\t\t\t\t\t\t\t\t\t\t\t\t\t\t<\/div>\n\t\t\t\t<div class=\"elementor-element elementor-element-6d4edd8 elementor-widget elementor-widget-image\" data-id=\"6d4edd8\" data-element_type=\"widget\" data-e-type=\"widget\" data-widget_type=\"image.default\">\n\t\t\t\t\t\t\t\t\t\t\t\t\t\t\t<img loading=\"lazy\" decoding=\"async\" width=\"730\" height=\"535\" src=\"https:\/\/intimaform.com\/wp-content\/uploads\/2026\/01\/\u56db\u8272\u9501\u7cbe\u73af01.jpg\" class=\"attachment-large size-large wp-image-454\" alt=\"\" srcset=\"https:\/\/intimaform.com\/wp-content\/uploads\/2026\/01\/\u56db\u8272\u9501\u7cbe\u73af01.jpg 730w, https:\/\/intimaform.com\/wp-content\/uploads\/2026\/01\/\u56db\u8272\u9501\u7cbe\u73af01-300x220.jpg 300w, https:\/\/intimaform.com\/wp-content\/uploads\/2026\/01\/\u56db\u8272\u9501\u7cbe\u73af01-600x440.jpg 600w\" sizes=\"(max-width: 730px) 100vw, 730px\" \/>\t\t\t\t\t\t\t\t\t\t\t\t\t\t\t<\/div>\n\t\t\t\t\t<\/div>\n\t\t\t\t<\/div>\n\t\t<div class=\"elementor-element elementor-element-38ee493 e-flex e-con-boxed e-con e-parent\" data-id=\"38ee493\" data-element_type=\"container\" data-e-type=\"container\">\n\t\t\t\t\t<div class=\"e-con-inner\">\n\t\t\t\t<div class=\"elementor-element elementor-element-d3a4a50 elementor-widget elementor-widget-text-editor\" data-id=\"d3a4a50\" data-element_type=\"widget\" data-e-type=\"widget\" data-widget_type=\"text-editor.default\">\n\t\t\t\t\t\t\t\t\t<ul><li data-start=\"121\" data-end=\"272\"><p data-start=\"123\" data-end=\"272\"><strong data-start=\"123\" data-end=\"146\">Mat\u00e9riaux sans danger pour le corps<\/strong><br data-start=\"146\" data-end=\"149\" \/>Fabriqu\u00e9 en silicone ou TPE non toxique et respectueux de la peau, il convient \u00e0 un contact prolong\u00e9 avec la peau et \u00e0 un usage r\u00e9serv\u00e9 aux adultes (18+).<\/p><\/li><li data-start=\"274\" data-end=\"419\"><p data-start=\"276\" data-end=\"419\"><strong data-start=\"276\" data-end=\"308\">Structure durable et fiable<\/strong><br data-start=\"308\" data-end=\"311\" \/>Conception r\u00e9sistante \u00e0 la d\u00e9chirure avec une \u00e9lasticit\u00e9 contr\u00f4l\u00e9e, con\u00e7ue pour une durabilit\u00e9 \u00e0 long terme et une stabilit\u00e9 de la forme.<\/p><\/li><li data-start=\"421\" data-end=\"568\"><p data-start=\"423\" data-end=\"568\"><strong data-start=\"423\" data-end=\"449\">Personnalisation flexible<\/strong><br data-start=\"449\" data-end=\"452\" \/>La taille, la duret\u00e9, la couleur et la finition de la surface peuvent \u00eatre personnalis\u00e9es. Les options unicolores sont recommand\u00e9es pour des raisons de rentabilit\u00e9.<\/p><\/li><li data-start=\"570\" data-end=\"697\"><p data-start=\"572\" data-end=\"697\"><strong data-start=\"572\" data-end=\"603\">Fonction de vibration en option<\/strong><br data-start=\"603\" data-end=\"606\" \/>Disponibles avec ou sans modules de vibration, y compris des solutions \u00e0 batterie ou rechargeables.<\/p><\/li><li data-start=\"699\" data-end=\"834\"><p data-start=\"701\" data-end=\"834\"><strong data-start=\"701\" data-end=\"731\">Un contr\u00f4le de qualit\u00e9 coh\u00e9rent<\/strong><br data-start=\"731\" data-end=\"734\" \/>Production en interne avec inspection en plusieurs \u00e9tapes pour garantir l'homog\u00e9n\u00e9it\u00e9 des lots et la s\u00e9curit\u00e9 structurelle.<\/p><\/li><li data-start=\"836\" data-end=\"950\"><p data-start=\"838\" data-end=\"950\"><strong data-start=\"838\" data-end=\"863\">Emballage pr\u00eat \u00e0 l'emploi<\/strong><br data-start=\"863\" data-end=\"866\" \/>Support unique pour l'int\u00e9gration de logos, l'\u00e9tiquetage et l'emballage standard ou personnalis\u00e9.<\/p><\/li><\/ul>\t\t\t\t\t\t\t\t<\/div>\n\t\t\t\t\t<\/div>\n\t\t\t\t<\/div>\n\t\t\t\t<\/div>","protected":false},"excerpt":{"rendered":"<p>Body-Safe MaterialsManufactured with non-toxic, skin-friendly silicone or TPE, suitable for prolonged skin contact and adult use only (18+). Durable &amp; Reliable StructureTear-resistant design with controlled elasticity, engineered for long-term durability and shape stability. Flexible CustomizationSize, hardness, color, and surface finish can be customized. Single-color options recommended for cost efficiency. Optional Vibration FunctionAvailable with or without [&hellip;]<\/p>","protected":false},"author":1,"featured_media":0,"parent":402,"menu_order":0,"comment_status":"closed","ping_status":"closed","template":"","meta":{"_acf_changed":false,"footnotes":""},"class_list":["post-447","page","type-page","status-publish","hentry"],"acf":[],"jetpack_sharing_enabled":true,"_links":{"self":[{"href":"https:\/\/intimaform.com\/fr\/wp-json\/wp\/v2\/pages\/447","targetHints":{"allow":["GET"]}}],"collection":[{"href":"https:\/\/intimaform.com\/fr\/wp-json\/wp\/v2\/pages"}],"about":[{"href":"https:\/\/intimaform.com\/fr\/wp-json\/wp\/v2\/types\/page"}],"author":[{"embeddable":true,"href":"https:\/\/intimaform.com\/fr\/wp-json\/wp\/v2\/users\/1"}],"replies":[{"embeddable":true,"href":"https:\/\/intimaform.com\/fr\/wp-json\/wp\/v2\/comments?post=447"}],"version-history":[{"count":7,"href":"https:\/\/intimaform.com\/fr\/wp-json\/wp\/v2\/pages\/447\/revisions"}],"predecessor-version":[{"id":567,"href":"https:\/\/intimaform.com\/fr\/wp-json\/wp\/v2\/pages\/447\/revisions\/567"}],"up":[{"embeddable":true,"href":"https:\/\/intimaform.com\/fr\/wp-json\/wp\/v2\/pages\/402"}],"wp:attachment":[{"href":"https:\/\/intimaform.com\/fr\/wp-json\/wp\/v2\/media?parent=447"}],"curies":[{"name":"wp","href":"https:\/\/api.w.org\/{rel}","templated":true}]}}