{"id":402,"date":"2026-01-06T22:49:41","date_gmt":"2026-01-06T14:49:41","guid":{"rendered":"https:\/\/intimaform.com\/?page_id=402"},"modified":"2026-01-21T16:21:48","modified_gmt":"2026-01-21T08:21:48","slug":"custom-your-toys","status":"publish","type":"page","link":"https:\/\/intimaform.com\/fr\/custom-your-toys\/","title":{"rendered":"Personnalisez vos jouets"},"content":{"rendered":"<div data-elementor-type=\"wp-page\" data-elementor-id=\"402\" class=\"elementor elementor-402\" data-elementor-post-type=\"page\">\n\t\t\t\t<div class=\"elementor-element elementor-element-b049cf7 e-flex e-con-boxed e-con e-parent\" data-id=\"b049cf7\" data-element_type=\"container\" data-e-type=\"container\">\n\t\t\t\t\t<div class=\"e-con-inner\">\n\t\t\t\t<div class=\"elementor-element elementor-element-39dcf11 elementor-widget elementor-widget-text-editor\" data-id=\"39dcf11\" data-element_type=\"widget\" data-e-type=\"widget\" data-widget_type=\"text-editor.default\">\n\t\t\t\t\t\t\t\t\t<div dir=\"ltr\"><h1><strong>Personnalisez vos jouets<\/strong><\/h1><div>Services professionnels de fabrication sur mesure pour les produits de bien-\u00eatre sexuel<\/div><h3><strong>Services de base<\/strong><\/h3><ul><li>Prise en charge de la personnalisation OEM\/ODM\/marque priv\u00e9e<\/li><li>Mat\u00e9riau : TPE doux pour la peau, s\u00fbr et non irritant<\/li><li>Livraison : Service DDP porte \u00e0 porte ; suivi de la production en temps r\u00e9el<\/li><\/ul><h3><strong>Politique de commande<\/strong><\/h3><ul><li>MOQ standard : 500-1000 unit\u00e9s par mod\u00e8le<\/li><li>Commandes de petites s\u00e9ries possibles \u00e0 partir de moules existants ; le d\u00e9veloppement de nouveaux moules fait l'objet d'un devis s\u00e9par\u00e9.<\/li><\/ul><h3><strong>Conformit\u00e9 et confidentialit\u00e9<\/strong><\/h3><ul><li>Confidentialit\u00e9 totale avec support NDA<\/li><li>Conformit\u00e9 avec les normes mondiales de s\u00e9curit\u00e9 des produits et les exigences en mati\u00e8re d'audit<\/li><\/ul><h3><strong>Pourquoi nous choisir ?<\/strong><\/h3><div><p>\u2705 QMo stable et capacit\u00e9 de production modulable<\/p><div>\u2705 Fabrication en interne (pas d'externalisation)<\/div><div>\u2705 Support technique r\u00e9actif et partenariat pour la croissance de la marque<\/div><\/div><\/div>\t\t\t\t\t\t\t\t<\/div>\n\t\t\t\t\t<\/div>\n\t\t\t\t<\/div>\n\t\t\t\t<\/div>","protected":false},"excerpt":{"rendered":"<p>Custom Your Toys Services professionnels de fabrication sur mesure pour les produits de bien-\u00eatre sexuel Services principaux Prise en charge de la personnalisation OEM\/ODM\/marque priv\u00e9e Mat\u00e9riau : TPE doux pour la peau, s\u00fbr et non irritant Livraison : Service DDP porte \u00e0 porte ; suivi de la production en temps r\u00e9el Politique de commande MOQ standard : 500-1000 unit\u00e9s par mod\u00e8le Commandes en petites s\u00e9ries disponibles via les moules existants ; d\u00e9veloppement de nouveaux moules sur devis s\u00e9par\u00e9 Conformit\u00e9 et confidentialit\u00e9 Confidentialit\u00e9 Confidentialit\u00e9 totale avec [...]<\/p>","protected":false},"author":1,"featured_media":0,"parent":0,"menu_order":0,"comment_status":"closed","ping_status":"closed","template":"","meta":{"_acf_changed":false,"footnotes":""},"class_list":["post-402","page","type-page","status-publish","hentry"],"acf":[],"jetpack_sharing_enabled":true,"_links":{"self":[{"href":"https:\/\/intimaform.com\/fr\/wp-json\/wp\/v2\/pages\/402","targetHints":{"allow":["GET"]}}],"collection":[{"href":"https:\/\/intimaform.com\/fr\/wp-json\/wp\/v2\/pages"}],"about":[{"href":"https:\/\/intimaform.com\/fr\/wp-json\/wp\/v2\/types\/page"}],"author":[{"embeddable":true,"href":"https:\/\/intimaform.com\/fr\/wp-json\/wp\/v2\/users\/1"}],"replies":[{"embeddable":true,"href":"https:\/\/intimaform.com\/fr\/wp-json\/wp\/v2\/comments?post=402"}],"version-history":[{"count":13,"href":"https:\/\/intimaform.com\/fr\/wp-json\/wp\/v2\/pages\/402\/revisions"}],"predecessor-version":[{"id":905,"href":"https:\/\/intimaform.com\/fr\/wp-json\/wp\/v2\/pages\/402\/revisions\/905"}],"wp:attachment":[{"href":"https:\/\/intimaform.com\/fr\/wp-json\/wp\/v2\/media?parent=402"}],"curies":[{"name":"wp","href":"https:\/\/api.w.org\/{rel}","templated":true}]}}