{"id":369,"date":"2026-01-06T22:11:19","date_gmt":"2026-01-06T14:11:19","guid":{"rendered":"https:\/\/intimaform.com\/?page_id=369"},"modified":"2026-01-08T22:39:30","modified_gmt":"2026-01-08T14:39:30","slug":"custom-dildos","status":"publish","type":"page","link":"https:\/\/intimaform.com\/fr\/custom-your-toys\/custom-dildos\/","title":{"rendered":"Godes sur mesure"},"content":{"rendered":"<div data-elementor-type=\"wp-page\" data-elementor-id=\"369\" class=\"elementor elementor-369\" data-elementor-post-type=\"page\">\n\t\t\t\t<div class=\"elementor-element elementor-element-c52ccc6 e-flex e-con-boxed e-con e-parent\" data-id=\"c52ccc6\" data-element_type=\"container\" data-e-type=\"container\">\n\t\t\t\t\t<div class=\"e-con-inner\">\n\t\t\t\t<div class=\"elementor-element elementor-element-1cef79f elementor-widget elementor-widget-heading\" data-id=\"1cef79f\" data-element_type=\"widget\" data-e-type=\"widget\" data-widget_type=\"heading.default\">\n\t\t\t\t\t<h2 class=\"elementor-heading-title elementor-size-default\">Godes r\u00e9alistes avec forte ventouse (sans boules)<\/h2>\t\t\t\t<\/div>\n\t\t\t\t\t<\/div>\n\t\t\t\t<\/div>\n\t\t<div class=\"elementor-element elementor-element-f9d9161 e-grid e-con-boxed e-con e-parent\" data-id=\"f9d9161\" data-element_type=\"container\" data-e-type=\"container\">\n\t\t\t\t\t<div class=\"e-con-inner\">\n\t\t\t\t<div class=\"elementor-element elementor-element-9ffe5ce elementor-widget elementor-widget-image\" data-id=\"9ffe5ce\" data-element_type=\"widget\" data-e-type=\"widget\" data-widget_type=\"image.default\">\n\t\t\t\t\t\t\t\t\t\t\t\t\t\t\t<img fetchpriority=\"high\" decoding=\"async\" width=\"792\" height=\"1024\" src=\"https:\/\/intimaform.com\/wp-content\/uploads\/2026\/01\/\u65e0\u86cb\u5438\u76d8\u5e9501\u900f\u660e-792x1024.jpg\" class=\"attachment-large size-large wp-image-373\" alt=\"\" srcset=\"https:\/\/intimaform.com\/wp-content\/uploads\/2026\/01\/\u65e0\u86cb\u5438\u76d8\u5e9501\u900f\u660e-792x1024.jpg 792w, https:\/\/intimaform.com\/wp-content\/uploads\/2026\/01\/\u65e0\u86cb\u5438\u76d8\u5e9501\u900f\u660e-232x300.jpg 232w, https:\/\/intimaform.com\/wp-content\/uploads\/2026\/01\/\u65e0\u86cb\u5438\u76d8\u5e9501\u900f\u660e-768x993.jpg 768w, https:\/\/intimaform.com\/wp-content\/uploads\/2026\/01\/\u65e0\u86cb\u5438\u76d8\u5e9501\u900f\u660e-600x776.jpg 600w, https:\/\/intimaform.com\/wp-content\/uploads\/2026\/01\/\u65e0\u86cb\u5438\u76d8\u5e9501\u900f\u660e.jpg 1160w\" sizes=\"(max-width: 792px) 100vw, 792px\" \/>\t\t\t\t\t\t\t\t\t\t\t\t\t\t\t<\/div>\n\t\t\t\t<div class=\"elementor-element elementor-element-63c35ef elementor-widget elementor-widget-image\" data-id=\"63c35ef\" data-element_type=\"widget\" data-e-type=\"widget\" data-widget_type=\"image.default\">\n\t\t\t\t\t\t\t\t\t\t\t\t\t\t\t<img decoding=\"async\" width=\"800\" height=\"860\" src=\"https:\/\/intimaform.com\/wp-content\/uploads\/2026\/01\/\u65e0\u86cb\u5438\u76d8\u5e9501\u9ed1\u8272.jpg\" class=\"attachment-large size-large wp-image-372\" alt=\"\" srcset=\"https:\/\/intimaform.com\/wp-content\/uploads\/2026\/01\/\u65e0\u86cb\u5438\u76d8\u5e9501\u9ed1\u8272.jpg 874w, https:\/\/intimaform.com\/wp-content\/uploads\/2026\/01\/\u65e0\u86cb\u5438\u76d8\u5e9501\u9ed1\u8272-279x300.jpg 279w, https:\/\/intimaform.com\/wp-content\/uploads\/2026\/01\/\u65e0\u86cb\u5438\u76d8\u5e9501\u9ed1\u8272-768x826.jpg 768w, https:\/\/intimaform.com\/wp-content\/uploads\/2026\/01\/\u65e0\u86cb\u5438\u76d8\u5e9501\u9ed1\u8272-600x645.jpg 600w\" sizes=\"(max-width: 800px) 100vw, 800px\" \/>\t\t\t\t\t\t\t\t\t\t\t\t\t\t\t<\/div>\n\t\t\t\t<div class=\"elementor-element elementor-element-f093824 elementor-widget elementor-widget-image\" data-id=\"f093824\" data-element_type=\"widget\" data-e-type=\"widget\" data-widget_type=\"image.default\">\n\t\t\t\t\t\t\t\t\t\t\t\t\t\t\t<img decoding=\"async\" width=\"800\" height=\"860\" src=\"https:\/\/intimaform.com\/wp-content\/uploads\/2026\/01\/\u65e0\u86cb\u5438\u76d8\u5e9501\u7c89\u8272.jpg\" class=\"attachment-large size-large wp-image-371\" alt=\"\" srcset=\"https:\/\/intimaform.com\/wp-content\/uploads\/2026\/01\/\u65e0\u86cb\u5438\u76d8\u5e9501\u7c89\u8272.jpg 874w, https:\/\/intimaform.com\/wp-content\/uploads\/2026\/01\/\u65e0\u86cb\u5438\u76d8\u5e9501\u7c89\u8272-279x300.jpg 279w, https:\/\/intimaform.com\/wp-content\/uploads\/2026\/01\/\u65e0\u86cb\u5438\u76d8\u5e9501\u7c89\u8272-768x826.jpg 768w, https:\/\/intimaform.com\/wp-content\/uploads\/2026\/01\/\u65e0\u86cb\u5438\u76d8\u5e9501\u7c89\u8272-600x645.jpg 600w\" sizes=\"(max-width: 800px) 100vw, 800px\" \/>\t\t\t\t\t\t\t\t\t\t\t\t\t\t\t<\/div>\n\t\t\t\t\t<\/div>\n\t\t\t\t<\/div>\n\t\t<div class=\"elementor-element elementor-element-17e30f5 e-flex e-con-boxed e-con e-parent\" data-id=\"17e30f5\" data-element_type=\"container\" data-e-type=\"container\">\n\t\t\t\t\t<div class=\"e-con-inner\">\n\t\t\t\t<div class=\"elementor-element elementor-element-3b3d31a elementor-widget elementor-widget-text-editor\" data-id=\"3b3d31a\" data-element_type=\"widget\" data-e-type=\"widget\" data-widget_type=\"text-editor.default\">\n\t\t\t\t\t\t\t\t\t<ul><li>Godes de taille personnalis\u00e9e avec forte ventouse, adapt\u00e9s \u00e0 tous les sexes<\/li><li>Une apparence r\u00e9aliste pour une exp\u00e9rience passionnante et authentique<\/li><li>La base robuste \u00e0 ventouses se fixe sur toute surface plane.<\/li><li>--Ce style est ce que nous appelons \u201csemelle \u00e0 ventouse + sans \u0153uf + couleur unie\u201d...<\/li><\/ul>\t\t\t\t\t\t\t\t<\/div>\n\t\t\t\t\t<\/div>\n\t\t\t\t<\/div>\n\t\t<div class=\"elementor-element elementor-element-5acbe39 e-flex e-con-boxed e-con e-parent\" data-id=\"5acbe39\" data-element_type=\"container\" data-e-type=\"container\">\n\t\t\t\t\t<div class=\"e-con-inner\">\n\t\t\t\t<div class=\"elementor-element elementor-element-fd421f9 elementor-widget elementor-widget-heading\" data-id=\"fd421f9\" data-element_type=\"widget\" data-e-type=\"widget\" data-widget_type=\"heading.default\">\n\t\t\t\t\t<h2 class=\"elementor-heading-title elementor-size-default\">Godes \u00e0 deux t\u00eates (happy double)<\/h2>\t\t\t\t<\/div>\n\t\t\t\t\t<\/div>\n\t\t\t\t<\/div>\n\t\t<div class=\"elementor-element elementor-element-6e3b5f6 e-flex e-con-boxed e-con e-parent\" data-id=\"6e3b5f6\" data-element_type=\"container\" data-e-type=\"container\">\n\t\t\t\t\t<div class=\"e-con-inner\">\n\t\t<div class=\"elementor-element elementor-element-250182c e-con-full e-flex e-con e-child\" data-id=\"250182c\" data-element_type=\"container\" data-e-type=\"container\">\n\t\t\t\t<div class=\"elementor-element elementor-element-a30bebc elementor-widget elementor-widget-image\" data-id=\"a30bebc\" data-element_type=\"widget\" data-e-type=\"widget\" data-widget_type=\"image.default\">\n\t\t\t\t\t\t\t\t\t\t\t\t\t\t\t<img loading=\"lazy\" decoding=\"async\" width=\"148\" height=\"300\" src=\"https:\/\/intimaform.com\/wp-content\/uploads\/2026\/01\/\u53cc\u5934\u9f9901-148x300.jpg\" class=\"attachment-medium size-medium wp-image-380\" alt=\"\" srcset=\"https:\/\/intimaform.com\/wp-content\/uploads\/2026\/01\/\u53cc\u5934\u9f9901-148x300.jpg 148w, https:\/\/intimaform.com\/wp-content\/uploads\/2026\/01\/\u53cc\u5934\u9f9901-504x1024.jpg 504w, https:\/\/intimaform.com\/wp-content\/uploads\/2026\/01\/\u53cc\u5934\u9f9901-600x1218.jpg 600w, https:\/\/intimaform.com\/wp-content\/uploads\/2026\/01\/\u53cc\u5934\u9f9901.jpg 685w\" sizes=\"(max-width: 148px) 100vw, 148px\" \/>\t\t\t\t\t\t\t\t\t\t\t\t\t\t\t<\/div>\n\t\t\t\t<\/div>\n\t\t<div class=\"elementor-element elementor-element-6416725 e-con-full e-flex e-con e-child\" data-id=\"6416725\" data-element_type=\"container\" data-e-type=\"container\">\n\t\t\t\t<div class=\"elementor-element elementor-element-8ead1f1 elementor-widget elementor-widget-image\" data-id=\"8ead1f1\" data-element_type=\"widget\" data-e-type=\"widget\" data-widget_type=\"image.default\">\n\t\t\t\t\t\t\t\t\t\t\t\t\t\t\t<img loading=\"lazy\" decoding=\"async\" width=\"270\" height=\"300\" src=\"https:\/\/intimaform.com\/wp-content\/uploads\/2026\/01\/\u53cc\u5934\u9f99\u8089\u827202-270x300.jpg\" class=\"attachment-medium size-medium wp-image-381\" alt=\"\" srcset=\"https:\/\/intimaform.com\/wp-content\/uploads\/2026\/01\/\u53cc\u5934\u9f99\u8089\u827202-270x300.jpg 270w, https:\/\/intimaform.com\/wp-content\/uploads\/2026\/01\/\u53cc\u5934\u9f99\u8089\u827202-921x1024.jpg 921w, https:\/\/intimaform.com\/wp-content\/uploads\/2026\/01\/\u53cc\u5934\u9f99\u8089\u827202-768x854.jpg 768w, https:\/\/intimaform.com\/wp-content\/uploads\/2026\/01\/\u53cc\u5934\u9f99\u8089\u827202-1320x1468.jpg 1320w, https:\/\/intimaform.com\/wp-content\/uploads\/2026\/01\/\u53cc\u5934\u9f99\u8089\u827202-600x667.jpg 600w, https:\/\/intimaform.com\/wp-content\/uploads\/2026\/01\/\u53cc\u5934\u9f99\u8089\u827202.jpg 1349w\" sizes=\"(max-width: 270px) 100vw, 270px\" \/>\t\t\t\t\t\t\t\t\t\t\t\t\t\t\t<\/div>\n\t\t\t\t<\/div>\n\t\t<div class=\"elementor-element elementor-element-73be246 e-con-full e-flex e-con e-child\" data-id=\"73be246\" data-element_type=\"container\" data-e-type=\"container\">\n\t\t\t\t<div class=\"elementor-element elementor-element-b61cfc9 elementor-widget elementor-widget-image\" data-id=\"b61cfc9\" data-element_type=\"widget\" data-e-type=\"widget\" data-widget_type=\"image.default\">\n\t\t\t\t\t\t\t\t\t\t\t\t\t\t\t<img loading=\"lazy\" decoding=\"async\" width=\"300\" height=\"300\" src=\"https:\/\/intimaform.com\/wp-content\/uploads\/2026\/01\/\u53cc\u5934\u9f99\u5b9e\u8272\u7ea2\u8272\u9707\u52a805-300x300.jpg\" class=\"attachment-medium size-medium wp-image-382\" alt=\"\" srcset=\"https:\/\/intimaform.com\/wp-content\/uploads\/2026\/01\/\u53cc\u5934\u9f99\u5b9e\u8272\u7ea2\u8272\u9707\u52a805-300x300.jpg 300w, https:\/\/intimaform.com\/wp-content\/uploads\/2026\/01\/\u53cc\u5934\u9f99\u5b9e\u8272\u7ea2\u8272\u9707\u52a805-1024x1024.jpg 1024w, https:\/\/intimaform.com\/wp-content\/uploads\/2026\/01\/\u53cc\u5934\u9f99\u5b9e\u8272\u7ea2\u8272\u9707\u52a805-150x150.jpg 150w, https:\/\/intimaform.com\/wp-content\/uploads\/2026\/01\/\u53cc\u5934\u9f99\u5b9e\u8272\u7ea2\u8272\u9707\u52a805-768x768.jpg 768w, https:\/\/intimaform.com\/wp-content\/uploads\/2026\/01\/\u53cc\u5934\u9f99\u5b9e\u8272\u7ea2\u8272\u9707\u52a805-1320x1320.jpg 1320w, https:\/\/intimaform.com\/wp-content\/uploads\/2026\/01\/\u53cc\u5934\u9f99\u5b9e\u8272\u7ea2\u8272\u9707\u52a805-600x600.jpg 600w, https:\/\/intimaform.com\/wp-content\/uploads\/2026\/01\/\u53cc\u5934\u9f99\u5b9e\u8272\u7ea2\u8272\u9707\u52a805-100x100.jpg 100w, https:\/\/intimaform.com\/wp-content\/uploads\/2026\/01\/\u53cc\u5934\u9f99\u5b9e\u8272\u7ea2\u8272\u9707\u52a805.jpg 1500w\" sizes=\"(max-width: 300px) 100vw, 300px\" \/>\t\t\t\t\t\t\t\t\t\t\t\t\t\t\t<\/div>\n\t\t\t\t<\/div>\n\t\t<div class=\"elementor-element elementor-element-d7461b8 e-con-full e-flex e-con e-child\" data-id=\"d7461b8\" data-element_type=\"container\" data-e-type=\"container\">\n\t\t\t\t<div class=\"elementor-element elementor-element-744b7c8 elementor-widget elementor-widget-image\" data-id=\"744b7c8\" data-element_type=\"widget\" data-e-type=\"widget\" data-widget_type=\"image.default\">\n\t\t\t\t\t\t\t\t\t\t\t\t\t\t\t<img loading=\"lazy\" decoding=\"async\" width=\"300\" height=\"300\" src=\"https:\/\/intimaform.com\/wp-content\/uploads\/2026\/01\/\u53cc\u5934\u9f99\u5b9e\u8272\u7d2b\u827204-300x300.jpg\" class=\"attachment-medium size-medium wp-image-383\" alt=\"\" srcset=\"https:\/\/intimaform.com\/wp-content\/uploads\/2026\/01\/\u53cc\u5934\u9f99\u5b9e\u8272\u7d2b\u827204-300x300.jpg 300w, https:\/\/intimaform.com\/wp-content\/uploads\/2026\/01\/\u53cc\u5934\u9f99\u5b9e\u8272\u7d2b\u827204-1024x1024.jpg 1024w, https:\/\/intimaform.com\/wp-content\/uploads\/2026\/01\/\u53cc\u5934\u9f99\u5b9e\u8272\u7d2b\u827204-150x150.jpg 150w, https:\/\/intimaform.com\/wp-content\/uploads\/2026\/01\/\u53cc\u5934\u9f99\u5b9e\u8272\u7d2b\u827204-768x768.jpg 768w, https:\/\/intimaform.com\/wp-content\/uploads\/2026\/01\/\u53cc\u5934\u9f99\u5b9e\u8272\u7d2b\u827204-1320x1320.jpg 1320w, https:\/\/intimaform.com\/wp-content\/uploads\/2026\/01\/\u53cc\u5934\u9f99\u5b9e\u8272\u7d2b\u827204-600x600.jpg 600w, https:\/\/intimaform.com\/wp-content\/uploads\/2026\/01\/\u53cc\u5934\u9f99\u5b9e\u8272\u7d2b\u827204-100x100.jpg 100w, https:\/\/intimaform.com\/wp-content\/uploads\/2026\/01\/\u53cc\u5934\u9f99\u5b9e\u8272\u7d2b\u827204.jpg 1500w\" sizes=\"(max-width: 300px) 100vw, 300px\" \/>\t\t\t\t\t\t\t\t\t\t\t\t\t\t\t<\/div>\n\t\t\t\t<\/div>\n\t\t<div class=\"elementor-element elementor-element-6ba9f79 e-con-full e-flex e-con e-child\" data-id=\"6ba9f79\" data-element_type=\"container\" data-e-type=\"container\">\n\t\t\t\t<div class=\"elementor-element elementor-element-fce179b elementor-widget elementor-widget-image\" data-id=\"fce179b\" data-element_type=\"widget\" data-e-type=\"widget\" data-widget_type=\"image.default\">\n\t\t\t\t\t\t\t\t\t\t\t\t\t\t\t<img loading=\"lazy\" decoding=\"async\" width=\"268\" height=\"300\" src=\"https:\/\/intimaform.com\/wp-content\/uploads\/2026\/01\/\u53cc\u5934\u9f99\u5b9e\u8272\u7d2b\u8272-\u9707\u52a807-268x300.jpg\" class=\"attachment-medium size-medium wp-image-384\" alt=\"\" srcset=\"https:\/\/intimaform.com\/wp-content\/uploads\/2026\/01\/\u53cc\u5934\u9f99\u5b9e\u8272\u7d2b\u8272-\u9707\u52a807-268x300.jpg 268w, https:\/\/intimaform.com\/wp-content\/uploads\/2026\/01\/\u53cc\u5934\u9f99\u5b9e\u8272\u7d2b\u8272-\u9707\u52a807-768x859.jpg 768w, https:\/\/intimaform.com\/wp-content\/uploads\/2026\/01\/\u53cc\u5934\u9f99\u5b9e\u8272\u7d2b\u8272-\u9707\u52a807-600x671.jpg 600w, https:\/\/intimaform.com\/wp-content\/uploads\/2026\/01\/\u53cc\u5934\u9f99\u5b9e\u8272\u7d2b\u8272-\u9707\u52a807.jpg 881w\" sizes=\"(max-width: 268px) 100vw, 268px\" \/>\t\t\t\t\t\t\t\t\t\t\t\t\t\t\t<\/div>\n\t\t\t\t<\/div>\n\t\t<div class=\"elementor-element elementor-element-95524c5 e-con-full e-flex e-con e-child\" data-id=\"95524c5\" data-element_type=\"container\" data-e-type=\"container\">\n\t\t\t\t<div class=\"elementor-element elementor-element-cf1c778 elementor-widget elementor-widget-image\" data-id=\"cf1c778\" data-element_type=\"widget\" data-e-type=\"widget\" data-widget_type=\"image.default\">\n\t\t\t\t\t\t\t\t\t\t\t\t\t\t\t<img loading=\"lazy\" decoding=\"async\" width=\"295\" height=\"300\" src=\"https:\/\/intimaform.com\/wp-content\/uploads\/2026\/01\/\u53cc\u5934\u9f99\u900f\u660e\u84dd\u8272-\u725b\u548c\u62c9\u73e006-295x300.jpg\" class=\"attachment-medium size-medium wp-image-385\" alt=\"\" srcset=\"https:\/\/intimaform.com\/wp-content\/uploads\/2026\/01\/\u53cc\u5934\u9f99\u900f\u660e\u84dd\u8272-\u725b\u548c\u62c9\u73e006-295x300.jpg 295w, https:\/\/intimaform.com\/wp-content\/uploads\/2026\/01\/\u53cc\u5934\u9f99\u900f\u660e\u84dd\u8272-\u725b\u548c\u62c9\u73e006-1008x1024.jpg 1008w, https:\/\/intimaform.com\/wp-content\/uploads\/2026\/01\/\u53cc\u5934\u9f99\u900f\u660e\u84dd\u8272-\u725b\u548c\u62c9\u73e006-768x780.jpg 768w, https:\/\/intimaform.com\/wp-content\/uploads\/2026\/01\/\u53cc\u5934\u9f99\u900f\u660e\u84dd\u8272-\u725b\u548c\u62c9\u73e006-1320x1341.jpg 1320w, https:\/\/intimaform.com\/wp-content\/uploads\/2026\/01\/\u53cc\u5934\u9f99\u900f\u660e\u84dd\u8272-\u725b\u548c\u62c9\u73e006-600x609.jpg 600w, https:\/\/intimaform.com\/wp-content\/uploads\/2026\/01\/\u53cc\u5934\u9f99\u900f\u660e\u84dd\u8272-\u725b\u548c\u62c9\u73e006.jpg 1463w\" sizes=\"(max-width: 295px) 100vw, 295px\" \/>\t\t\t\t\t\t\t\t\t\t\t\t\t\t\t<\/div>\n\t\t\t\t<\/div>\n\t\t\t\t\t<\/div>\n\t\t\t\t<\/div>\n\t\t<div class=\"elementor-element elementor-element-d616d80 e-grid e-con-boxed e-con e-parent\" data-id=\"d616d80\" data-element_type=\"container\" data-e-type=\"container\">\n\t\t\t\t\t<div class=\"e-con-inner\">\n\t\t\t\t<div class=\"elementor-element elementor-element-be26427 elementor-widget elementor-widget-image\" data-id=\"be26427\" data-element_type=\"widget\" data-e-type=\"widget\" data-widget_type=\"image.default\">\n\t\t\t\t\t\t\t\t\t\t\t\t\t\t\t<img loading=\"lazy\" decoding=\"async\" width=\"300\" height=\"300\" src=\"https:\/\/intimaform.com\/wp-content\/uploads\/2026\/01\/\u53cc\u5934\u9f99\u900f\u660e\u7d2b\u827203-300x300.jpg\" class=\"attachment-medium size-medium wp-image-386\" alt=\"\" srcset=\"https:\/\/intimaform.com\/wp-content\/uploads\/2026\/01\/\u53cc\u5934\u9f99\u900f\u660e\u7d2b\u827203-300x300.jpg 300w, https:\/\/intimaform.com\/wp-content\/uploads\/2026\/01\/\u53cc\u5934\u9f99\u900f\u660e\u7d2b\u827203-1024x1024.jpg 1024w, https:\/\/intimaform.com\/wp-content\/uploads\/2026\/01\/\u53cc\u5934\u9f99\u900f\u660e\u7d2b\u827203-150x150.jpg 150w, https:\/\/intimaform.com\/wp-content\/uploads\/2026\/01\/\u53cc\u5934\u9f99\u900f\u660e\u7d2b\u827203-768x768.jpg 768w, https:\/\/intimaform.com\/wp-content\/uploads\/2026\/01\/\u53cc\u5934\u9f99\u900f\u660e\u7d2b\u827203-1320x1320.jpg 1320w, https:\/\/intimaform.com\/wp-content\/uploads\/2026\/01\/\u53cc\u5934\u9f99\u900f\u660e\u7d2b\u827203-600x600.jpg 600w, https:\/\/intimaform.com\/wp-content\/uploads\/2026\/01\/\u53cc\u5934\u9f99\u900f\u660e\u7d2b\u827203-100x100.jpg 100w, https:\/\/intimaform.com\/wp-content\/uploads\/2026\/01\/\u53cc\u5934\u9f99\u900f\u660e\u7d2b\u827203.jpg 1500w\" sizes=\"(max-width: 300px) 100vw, 300px\" \/>\t\t\t\t\t\t\t\t\t\t\t\t\t\t\t<\/div>\n\t\t\t\t<div class=\"elementor-element elementor-element-f973923 elementor-widget elementor-widget-image\" data-id=\"f973923\" data-element_type=\"widget\" data-e-type=\"widget\" data-widget_type=\"image.default\">\n\t\t\t\t\t\t\t\t\t\t\t\t\t\t\t<img loading=\"lazy\" decoding=\"async\" width=\"300\" height=\"288\" src=\"https:\/\/intimaform.com\/wp-content\/uploads\/2026\/01\/\u53cc\u5934\u7eb3\u5165\u5f0f01-300x288.jpg\" class=\"attachment-medium size-medium wp-image-387\" alt=\"\" srcset=\"https:\/\/intimaform.com\/wp-content\/uploads\/2026\/01\/\u53cc\u5934\u7eb3\u5165\u5f0f01-300x288.jpg 300w, https:\/\/intimaform.com\/wp-content\/uploads\/2026\/01\/\u53cc\u5934\u7eb3\u5165\u5f0f01-1024x983.jpg 1024w, https:\/\/intimaform.com\/wp-content\/uploads\/2026\/01\/\u53cc\u5934\u7eb3\u5165\u5f0f01-768x737.jpg 768w, https:\/\/intimaform.com\/wp-content\/uploads\/2026\/01\/\u53cc\u5934\u7eb3\u5165\u5f0f01-600x576.jpg 600w, https:\/\/intimaform.com\/wp-content\/uploads\/2026\/01\/\u53cc\u5934\u7eb3\u5165\u5f0f01.jpg 1278w\" sizes=\"(max-width: 300px) 100vw, 300px\" \/>\t\t\t\t\t\t\t\t\t\t\t\t\t\t\t<\/div>\n\t\t\t\t<div class=\"elementor-element elementor-element-bb5e05b elementor-widget elementor-widget-image\" data-id=\"bb5e05b\" data-element_type=\"widget\" data-e-type=\"widget\" data-widget_type=\"image.default\">\n\t\t\t\t\t\t\t\t\t\t\t\t\t\t\t<img loading=\"lazy\" decoding=\"async\" width=\"300\" height=\"287\" src=\"https:\/\/intimaform.com\/wp-content\/uploads\/2026\/01\/\u53cc\u5934\u7eb3\u5165\u5f0f\u5f02\u5f6202-300x287.jpg\" class=\"attachment-medium size-medium wp-image-388\" alt=\"\" srcset=\"https:\/\/intimaform.com\/wp-content\/uploads\/2026\/01\/\u53cc\u5934\u7eb3\u5165\u5f0f\u5f02\u5f6202-300x287.jpg 300w, https:\/\/intimaform.com\/wp-content\/uploads\/2026\/01\/\u53cc\u5934\u7eb3\u5165\u5f0f\u5f02\u5f6202-1024x980.jpg 1024w, https:\/\/intimaform.com\/wp-content\/uploads\/2026\/01\/\u53cc\u5934\u7eb3\u5165\u5f0f\u5f02\u5f6202-768x735.jpg 768w, https:\/\/intimaform.com\/wp-content\/uploads\/2026\/01\/\u53cc\u5934\u7eb3\u5165\u5f0f\u5f02\u5f6202-1320x1263.jpg 1320w, https:\/\/intimaform.com\/wp-content\/uploads\/2026\/01\/\u53cc\u5934\u7eb3\u5165\u5f0f\u5f02\u5f6202-600x574.jpg 600w, https:\/\/intimaform.com\/wp-content\/uploads\/2026\/01\/\u53cc\u5934\u7eb3\u5165\u5f0f\u5f02\u5f6202.jpg 1459w\" sizes=\"(max-width: 300px) 100vw, 300px\" \/>\t\t\t\t\t\t\t\t\t\t\t\t\t\t\t<\/div>\n\t\t\t\t\t<\/div>\n\t\t\t\t<\/div>\n\t\t<div class=\"elementor-element elementor-element-d3f3b4f e-flex e-con-boxed e-con e-parent\" data-id=\"d3f3b4f\" data-element_type=\"container\" data-e-type=\"container\">\n\t\t\t\t\t<div class=\"e-con-inner\">\n\t\t\t\t<div class=\"elementor-element elementor-element-2c5c321 elementor-widget elementor-widget-text-editor\" data-id=\"2c5c321\" data-element_type=\"widget\" data-e-type=\"widget\" data-widget_type=\"text-editor.default\">\n\t\t\t\t\t\t\t\t\t<ul><li>Pour les deux c\u00f4t\u00e9s des godemich\u00e9s \u00e0 double t\u00eate, nous pouvons les concevoir dans des formes ou des tailles diff\u00e9rentes.<\/li><li>Convient \u00e0 un usage unique ou \u00e0 des utilisateurs multiples<\/li><\/ul>\t\t\t\t\t\t\t\t<\/div>\n\t\t\t\t\t<\/div>\n\t\t\t\t<\/div>\n\t\t\t\t<\/div>","protected":false},"excerpt":{"rendered":"<p>Godes r\u00e9alistes avec forte ventouse (pas de boules) Godes de taille personnalis\u00e9e avec forte ventouse, adapt\u00e9s \u00e0 tous les sexes Aspect r\u00e9aliste pour une exp\u00e9rience excitante et authentique La base robuste \u00e0 ventouse se fixe sur toute surface plane --Ce style est ce que nous appelons \u201csemelle \u00e0 ventouse + sans \u0153uf + couleur unie\u201d-- Godes \u00e0 double t\u00eate (happy double) Pour les [...]<\/p>","protected":false},"author":1,"featured_media":0,"parent":402,"menu_order":0,"comment_status":"closed","ping_status":"closed","template":"","meta":{"_acf_changed":false,"footnotes":""},"class_list":["post-369","page","type-page","status-publish","hentry"],"acf":[],"jetpack_sharing_enabled":true,"_links":{"self":[{"href":"https:\/\/intimaform.com\/fr\/wp-json\/wp\/v2\/pages\/369","targetHints":{"allow":["GET"]}}],"collection":[{"href":"https:\/\/intimaform.com\/fr\/wp-json\/wp\/v2\/pages"}],"about":[{"href":"https:\/\/intimaform.com\/fr\/wp-json\/wp\/v2\/types\/page"}],"author":[{"embeddable":true,"href":"https:\/\/intimaform.com\/fr\/wp-json\/wp\/v2\/users\/1"}],"replies":[{"embeddable":true,"href":"https:\/\/intimaform.com\/fr\/wp-json\/wp\/v2\/comments?post=369"}],"version-history":[{"count":16,"href":"https:\/\/intimaform.com\/fr\/wp-json\/wp\/v2\/pages\/369\/revisions"}],"predecessor-version":[{"id":570,"href":"https:\/\/intimaform.com\/fr\/wp-json\/wp\/v2\/pages\/369\/revisions\/570"}],"up":[{"embeddable":true,"href":"https:\/\/intimaform.com\/fr\/wp-json\/wp\/v2\/pages\/402"}],"wp:attachment":[{"href":"https:\/\/intimaform.com\/fr\/wp-json\/wp\/v2\/media?parent=369"}],"curies":[{"name":"wp","href":"https:\/\/api.w.org\/{rel}","templated":true}]}}