{"id":352,"date":"2026-01-04T22:34:24","date_gmt":"2026-01-04T14:34:24","guid":{"rendered":"https:\/\/intimaform.com\/?page_id=352"},"modified":"2026-01-21T16:04:54","modified_gmt":"2026-01-21T08:04:54","slug":"current-molds","status":"publish","type":"page","link":"https:\/\/intimaform.com\/fr\/current-molds\/","title":{"rendered":"Moules actuels"},"content":{"rendered":"<div data-elementor-type=\"wp-page\" data-elementor-id=\"352\" class=\"elementor elementor-352\" data-elementor-post-type=\"page\">\n\t\t\t\t<div class=\"elementor-element elementor-element-db2c3c4 e-flex e-con-boxed e-con e-parent\" data-id=\"db2c3c4\" data-element_type=\"container\" data-e-type=\"container\">\n\t\t\t\t\t<div class=\"e-con-inner\">\n\t\t\t\t<div class=\"elementor-element elementor-element-47d874d elementor-widget elementor-widget-text-editor\" data-id=\"47d874d\" data-element_type=\"widget\" data-e-type=\"widget\" data-widget_type=\"text-editor.default\">\n\t\t\t\t\t\t\t\t\t<h1><strong>Moules actuels<\/strong><\/h1><h2><strong>Mod\u00e8les pr\u00eats \u00e0 l'emploi | D\u00e9lai de livraison : 7-10 jours | Mat\u00e9riau de base : TPE<\/strong><\/h2><div>Ne pas avoir \u00e0 payer de frais de moule et r\u00e9duire le temps de lancement - id\u00e9al pour les marques priv\u00e9es, les tests de march\u00e9 et les lancements rapides \u00e0 faible co\u00fbt. \u00c9voluez vers un syst\u00e8me OEM\/ODM complet en toute transparence, en fonction de l'augmentation du volume.<\/div><h3><strong>\u00c9chantillons gratuits et personnalisation l\u00e9g\u00e8re<\/strong><\/h3><ul><li>\u00c9chantillons d'\u00e9valuation gratuits<\/li><li>Options personnalis\u00e9es : couleur unique (la plus rentable ; transparent en suppl\u00e9ment), ajustement des mat\u00e9riaux TPE\/silicone, finition de surface\/texture (multicolore complexe non recommand\u00e9).<\/li><\/ul><h3><strong>Am\u00e9liorations fonctionnelles<\/strong><\/h3><div>Ajoutez des modules de vibration ou optez pour une alimentation par batterie\/recharge sans avoir \u00e0 revoir enti\u00e8rement la conception de l'appareil.<\/div><h3><strong>Traitement de surface<\/strong><\/h3><div>Finition en poudre de talc\/amidon de ma\u00efs disponible pour am\u00e9liorer la maniabilit\u00e9 et l'apparence.<\/div><h3><strong>Emballage \u00e0 guichet unique<\/strong><\/h3><div>Solutions align\u00e9es sur la marque : bo\u00eetes imprim\u00e9es\/personnalis\u00e9es\/bo\u00eetes-cadeaux, \u00e9tiquetage et codes-barres.<\/div><h3><strong>Id\u00e9al pour<\/strong><\/h3><div>Marques de distributeur | Tests de march\u00e9 | Distributeurs \u00e0 rotation rapide | Vendeurs en ligne soucieux des co\u00fbts<\/div><h3><strong>Principaux avantages<\/strong><\/h3><div>Pas de frais de moule | D\u00e9lais courts | Faible investissement initial | Validation du produit avant personnalisation compl\u00e8te<\/div>\t\t\t\t\t\t\t\t<\/div>\n\t\t\t\t\t<\/div>\n\t\t\t\t<\/div>\n\t\t\t\t<\/div>","protected":false},"excerpt":{"rendered":"<p>Current Molds Ready-to-Custom Models | Lead Time: 7\u201310 Days | Core Material: TPE Skip mold fees &amp; cut launch time \u2014 ideal for private labeling, market testing, and low-cost fast launches. Scale to full OEM\/ODM seamlessly with growing volume. Free Samples &amp; Light Customization Free evaluation samples Custom options: single-color (most cost-effective; transparent extra), TPE\/silicone [&hellip;]<\/p>","protected":false},"author":1,"featured_media":0,"parent":0,"menu_order":0,"comment_status":"closed","ping_status":"closed","template":"","meta":{"_acf_changed":false,"footnotes":""},"class_list":["post-352","page","type-page","status-publish","hentry"],"acf":[],"jetpack_sharing_enabled":true,"_links":{"self":[{"href":"https:\/\/intimaform.com\/fr\/wp-json\/wp\/v2\/pages\/352","targetHints":{"allow":["GET"]}}],"collection":[{"href":"https:\/\/intimaform.com\/fr\/wp-json\/wp\/v2\/pages"}],"about":[{"href":"https:\/\/intimaform.com\/fr\/wp-json\/wp\/v2\/types\/page"}],"author":[{"embeddable":true,"href":"https:\/\/intimaform.com\/fr\/wp-json\/wp\/v2\/users\/1"}],"replies":[{"embeddable":true,"href":"https:\/\/intimaform.com\/fr\/wp-json\/wp\/v2\/comments?post=352"}],"version-history":[{"count":13,"href":"https:\/\/intimaform.com\/fr\/wp-json\/wp\/v2\/pages\/352\/revisions"}],"predecessor-version":[{"id":884,"href":"https:\/\/intimaform.com\/fr\/wp-json\/wp\/v2\/pages\/352\/revisions\/884"}],"wp:attachment":[{"href":"https:\/\/intimaform.com\/fr\/wp-json\/wp\/v2\/media?parent=352"}],"curies":[{"name":"wp","href":"https:\/\/api.w.org\/{rel}","templated":true}]}}