{"id":163,"date":"2026-01-04T21:38:16","date_gmt":"2026-01-04T13:38:16","guid":{"rendered":"https:\/\/intimaform.com\/?page_id=163"},"modified":"2026-01-21T16:09:51","modified_gmt":"2026-01-21T08:09:51","slug":"current-cock-rings","status":"publish","type":"page","link":"https:\/\/intimaform.com\/fr\/current-molds\/current-cock-rings\/","title":{"rendered":"Anneaux de bite actuels"},"content":{"rendered":"<div data-elementor-type=\"wp-page\" data-elementor-id=\"163\" class=\"elementor elementor-163\" data-elementor-post-type=\"page\">\n\t\t\t\t<div class=\"elementor-element elementor-element-720a23c e-grid e-con-boxed e-con e-parent\" data-id=\"720a23c\" data-element_type=\"container\" data-e-type=\"container\">\n\t\t\t\t\t<div class=\"e-con-inner\">\n\t\t\t\t<div class=\"elementor-element elementor-element-11407b6 elementor-widget elementor-widget-image\" data-id=\"11407b6\" data-element_type=\"widget\" data-e-type=\"widget\" data-widget_type=\"image.default\">\n\t\t\t\t\t\t\t\t\t\t\t\t\t\t\t<img fetchpriority=\"high\" decoding=\"async\" width=\"800\" height=\"800\" src=\"https:\/\/intimaform.com\/wp-content\/uploads\/2026\/01\/\u89c6\u989102L\u5b57\u73af.png\" class=\"attachment-large size-large wp-image-307\" alt=\"\" srcset=\"https:\/\/intimaform.com\/wp-content\/uploads\/2026\/01\/\u89c6\u989102L\u5b57\u73af.png 1000w, https:\/\/intimaform.com\/wp-content\/uploads\/2026\/01\/\u89c6\u989102L\u5b57\u73af-300x300.png 300w, https:\/\/intimaform.com\/wp-content\/uploads\/2026\/01\/\u89c6\u989102L\u5b57\u73af-150x150.png 150w, https:\/\/intimaform.com\/wp-content\/uploads\/2026\/01\/\u89c6\u989102L\u5b57\u73af-768x768.png 768w, https:\/\/intimaform.com\/wp-content\/uploads\/2026\/01\/\u89c6\u989102L\u5b57\u73af-600x600.png 600w, https:\/\/intimaform.com\/wp-content\/uploads\/2026\/01\/\u89c6\u989102L\u5b57\u73af-100x100.png 100w\" sizes=\"(max-width: 800px) 100vw, 800px\" \/>\t\t\t\t\t\t\t\t\t\t\t\t\t\t\t<\/div>\n\t\t\t\t<div class=\"elementor-element elementor-element-599e0d1 elementor-widget elementor-widget-image\" data-id=\"599e0d1\" data-element_type=\"widget\" data-e-type=\"widget\" data-widget_type=\"image.default\">\n\t\t\t\t\t\t\t\t\t\t\t\t\t\t\t<img decoding=\"async\" width=\"800\" height=\"800\" src=\"https:\/\/intimaform.com\/wp-content\/uploads\/2026\/01\/\u89c6\u989102\u53cc\u5c42\u6ce2\u6d6a\u73af.png\" class=\"attachment-large size-large wp-image-306\" alt=\"\" srcset=\"https:\/\/intimaform.com\/wp-content\/uploads\/2026\/01\/\u89c6\u989102\u53cc\u5c42\u6ce2\u6d6a\u73af.png 1000w, https:\/\/intimaform.com\/wp-content\/uploads\/2026\/01\/\u89c6\u989102\u53cc\u5c42\u6ce2\u6d6a\u73af-300x300.png 300w, https:\/\/intimaform.com\/wp-content\/uploads\/2026\/01\/\u89c6\u989102\u53cc\u5c42\u6ce2\u6d6a\u73af-150x150.png 150w, https:\/\/intimaform.com\/wp-content\/uploads\/2026\/01\/\u89c6\u989102\u53cc\u5c42\u6ce2\u6d6a\u73af-768x768.png 768w, https:\/\/intimaform.com\/wp-content\/uploads\/2026\/01\/\u89c6\u989102\u53cc\u5c42\u6ce2\u6d6a\u73af-600x600.png 600w, https:\/\/intimaform.com\/wp-content\/uploads\/2026\/01\/\u89c6\u989102\u53cc\u5c42\u6ce2\u6d6a\u73af-100x100.png 100w\" sizes=\"(max-width: 800px) 100vw, 800px\" \/>\t\t\t\t\t\t\t\t\t\t\t\t\t\t\t<\/div>\n\t\t\t\t<div class=\"elementor-element elementor-element-48ee456 elementor-widget elementor-widget-image\" data-id=\"48ee456\" data-element_type=\"widget\" data-e-type=\"widget\" data-widget_type=\"image.default\">\n\t\t\t\t\t\t\t\t\t\t\t\t\t\t\t<img decoding=\"async\" width=\"800\" height=\"800\" src=\"https:\/\/intimaform.com\/wp-content\/uploads\/2026\/01\/\u89c6\u989102\u4e09\u89d2\u5f62\u7403\u73af.png\" class=\"attachment-large size-large wp-image-305\" alt=\"\" srcset=\"https:\/\/intimaform.com\/wp-content\/uploads\/2026\/01\/\u89c6\u989102\u4e09\u89d2\u5f62\u7403\u73af.png 1000w, https:\/\/intimaform.com\/wp-content\/uploads\/2026\/01\/\u89c6\u989102\u4e09\u89d2\u5f62\u7403\u73af-300x300.png 300w, https:\/\/intimaform.com\/wp-content\/uploads\/2026\/01\/\u89c6\u989102\u4e09\u89d2\u5f62\u7403\u73af-150x150.png 150w, https:\/\/intimaform.com\/wp-content\/uploads\/2026\/01\/\u89c6\u989102\u4e09\u89d2\u5f62\u7403\u73af-768x768.png 768w, https:\/\/intimaform.com\/wp-content\/uploads\/2026\/01\/\u89c6\u989102\u4e09\u89d2\u5f62\u7403\u73af-600x600.png 600w, https:\/\/intimaform.com\/wp-content\/uploads\/2026\/01\/\u89c6\u989102\u4e09\u89d2\u5f62\u7403\u73af-100x100.png 100w\" sizes=\"(max-width: 800px) 100vw, 800px\" \/>\t\t\t\t\t\t\t\t\t\t\t\t\t\t\t<\/div>\n\t\t\t\t<div class=\"elementor-element elementor-element-e4fa770 elementor-widget elementor-widget-image\" data-id=\"e4fa770\" data-element_type=\"widget\" data-e-type=\"widget\" data-widget_type=\"image.default\">\n\t\t\t\t\t\t\t\t\t\t\t\t\t\t\t<img loading=\"lazy\" decoding=\"async\" width=\"800\" height=\"800\" src=\"https:\/\/intimaform.com\/wp-content\/uploads\/2026\/01\/\u89c6\u989102\u6ce2\u6d6a\u73af.png\" class=\"attachment-large size-large wp-image-304\" alt=\"\" srcset=\"https:\/\/intimaform.com\/wp-content\/uploads\/2026\/01\/\u89c6\u989102\u6ce2\u6d6a\u73af.png 1000w, https:\/\/intimaform.com\/wp-content\/uploads\/2026\/01\/\u89c6\u989102\u6ce2\u6d6a\u73af-300x300.png 300w, https:\/\/intimaform.com\/wp-content\/uploads\/2026\/01\/\u89c6\u989102\u6ce2\u6d6a\u73af-150x150.png 150w, https:\/\/intimaform.com\/wp-content\/uploads\/2026\/01\/\u89c6\u989102\u6ce2\u6d6a\u73af-768x768.png 768w, https:\/\/intimaform.com\/wp-content\/uploads\/2026\/01\/\u89c6\u989102\u6ce2\u6d6a\u73af-600x600.png 600w, https:\/\/intimaform.com\/wp-content\/uploads\/2026\/01\/\u89c6\u989102\u6ce2\u6d6a\u73af-100x100.png 100w\" sizes=\"(max-width: 800px) 100vw, 800px\" \/>\t\t\t\t\t\t\t\t\t\t\t\t\t\t\t<\/div>\n\t\t\t\t\t<\/div>\n\t\t\t\t<\/div>\n\t\t<div class=\"elementor-element elementor-element-ce6e0b4 e-flex e-con-boxed e-con e-parent\" data-id=\"ce6e0b4\" data-element_type=\"container\" data-e-type=\"container\">\n\t\t\t\t\t<div class=\"e-con-inner\">\n\t\t\t\t<div class=\"elementor-element elementor-element-a542f88 elementor-widget elementor-widget-video\" data-id=\"a542f88\" data-element_type=\"widget\" data-e-type=\"widget\" data-settings=\"{&quot;video_type&quot;:&quot;hosted&quot;,&quot;controls&quot;:&quot;yes&quot;}\" data-widget_type=\"video.default\">\n\t\t\t\t\t\t\t<div class=\"e-hosted-video elementor-wrapper elementor-open-inline\">\n\t\t\t\t\t<video class=\"elementor-video\" src=\"https:\/\/intimaform.com\/wp-content\/uploads\/2026\/01\/cock-rings.mp4\" controls=\"\" preload=\"metadata\" controlslist=\"nodownload\" poster=\"https:\/\/intimaform.com\/wp-content\/uploads\/2026\/01\/\u9501\u7cbe\u73af5-scaled.png\"><\/video>\n\t\t\t\t<\/div>\n\t\t\t\t\t\t<\/div>\n\t\t\t\t\t<\/div>\n\t\t\t\t<\/div>\n\t\t<div class=\"elementor-element elementor-element-f50a039 e-flex e-con-boxed e-con e-parent\" data-id=\"f50a039\" data-element_type=\"container\" data-e-type=\"container\">\n\t\t\t\t\t<div class=\"e-con-inner\">\n\t\t\t\t<div class=\"elementor-element elementor-element-00e634b elementor-widget elementor-widget-text-editor\" data-id=\"00e634b\" data-element_type=\"widget\" data-e-type=\"widget\" data-widget_type=\"text-editor.default\">\n\t\t\t\t\t\t\t\t\t<ul><li>Comme le montre la figure, il s'agit de nos <strong>quatre types de produits de moulage d'anneaux de verrouillage actuels<\/strong>.<\/li><li>Pour le MOQ et les d\u00e9tails de prix, n'h\u00e9sitez pas \u00e0 nous contacter pour une demande de renseignements.<\/li><\/ul>\t\t\t\t\t\t\t\t<\/div>\n\t\t\t\t\t<\/div>\n\t\t\t\t<\/div>\n\t\t\t\t<\/div>","protected":false},"excerpt":{"rendered":"<p>https:\/\/intimaform.com\/wp-content\/uploads\/2026\/01\/cock-rings.mp4 As shown in the figure, these are our four types of current lock ring mold products. For MOQ and pricing details, please feel free to contact us for an inquiry.<\/p>","protected":false},"author":1,"featured_media":0,"parent":352,"menu_order":0,"comment_status":"closed","ping_status":"closed","template":"","meta":{"_acf_changed":false,"footnotes":""},"class_list":["post-163","page","type-page","status-publish","hentry"],"acf":[],"jetpack_sharing_enabled":true,"_links":{"self":[{"href":"https:\/\/intimaform.com\/fr\/wp-json\/wp\/v2\/pages\/163","targetHints":{"allow":["GET"]}}],"collection":[{"href":"https:\/\/intimaform.com\/fr\/wp-json\/wp\/v2\/pages"}],"about":[{"href":"https:\/\/intimaform.com\/fr\/wp-json\/wp\/v2\/types\/page"}],"author":[{"embeddable":true,"href":"https:\/\/intimaform.com\/fr\/wp-json\/wp\/v2\/users\/1"}],"replies":[{"embeddable":true,"href":"https:\/\/intimaform.com\/fr\/wp-json\/wp\/v2\/comments?post=163"}],"version-history":[{"count":16,"href":"https:\/\/intimaform.com\/fr\/wp-json\/wp\/v2\/pages\/163\/revisions"}],"predecessor-version":[{"id":890,"href":"https:\/\/intimaform.com\/fr\/wp-json\/wp\/v2\/pages\/163\/revisions\/890"}],"up":[{"embeddable":true,"href":"https:\/\/intimaform.com\/fr\/wp-json\/wp\/v2\/pages\/352"}],"wp:attachment":[{"href":"https:\/\/intimaform.com\/fr\/wp-json\/wp\/v2\/media?parent=163"}],"curies":[{"name":"wp","href":"https:\/\/api.w.org\/{rel}","templated":true}]}}