{"id":158,"date":"2026-01-04T20:44:42","date_gmt":"2026-01-04T12:44:42","guid":{"rendered":"https:\/\/intimaform.com\/?page_id=158"},"modified":"2026-01-21T16:07:43","modified_gmt":"2026-01-21T08:07:43","slug":"custom-mold","status":"publish","type":"page","link":"https:\/\/intimaform.com\/fr\/current-molds\/custom-mold\/","title":{"rendered":"Godes actuels"},"content":{"rendered":"<div data-elementor-type=\"wp-page\" data-elementor-id=\"158\" class=\"elementor elementor-158\" data-elementor-post-type=\"page\">\n\t\t\t\t<div class=\"elementor-element elementor-element-7d4c05b e-grid e-con-boxed e-con e-parent\" data-id=\"7d4c05b\" data-element_type=\"container\" data-e-type=\"container\">\n\t\t\t\t\t<div class=\"e-con-inner\">\n\t\t\t\t<div class=\"elementor-element elementor-element-1ae7a5b elementor-widget elementor-widget-image\" data-id=\"1ae7a5b\" data-element_type=\"widget\" data-e-type=\"widget\" data-widget_type=\"image.default\">\n\t\t\t\t\t\t\t\t\t\t\t\t\t\t\t<img fetchpriority=\"high\" decoding=\"async\" width=\"800\" height=\"800\" src=\"https:\/\/intimaform.com\/wp-content\/uploads\/2026\/01\/\u89c6\u989102\u65e0\u86cb\u9633\u5177.png\" class=\"attachment-large size-large wp-image-282\" alt=\"\" srcset=\"https:\/\/intimaform.com\/wp-content\/uploads\/2026\/01\/\u89c6\u989102\u65e0\u86cb\u9633\u5177.png 1000w, https:\/\/intimaform.com\/wp-content\/uploads\/2026\/01\/\u89c6\u989102\u65e0\u86cb\u9633\u5177-300x300.png 300w, https:\/\/intimaform.com\/wp-content\/uploads\/2026\/01\/\u89c6\u989102\u65e0\u86cb\u9633\u5177-150x150.png 150w, https:\/\/intimaform.com\/wp-content\/uploads\/2026\/01\/\u89c6\u989102\u65e0\u86cb\u9633\u5177-768x768.png 768w, https:\/\/intimaform.com\/wp-content\/uploads\/2026\/01\/\u89c6\u989102\u65e0\u86cb\u9633\u5177-600x600.png 600w, https:\/\/intimaform.com\/wp-content\/uploads\/2026\/01\/\u89c6\u989102\u65e0\u86cb\u9633\u5177-100x100.png 100w\" sizes=\"(max-width: 800px) 100vw, 800px\" \/>\t\t\t\t\t\t\t\t\t\t\t\t\t\t\t<\/div>\n\t\t\t\t<div class=\"elementor-element elementor-element-86a782a elementor-widget elementor-widget-image\" data-id=\"86a782a\" data-element_type=\"widget\" data-e-type=\"widget\" data-widget_type=\"image.default\">\n\t\t\t\t\t\t\t\t\t\t\t\t\t\t\t<img decoding=\"async\" width=\"800\" height=\"800\" src=\"https:\/\/intimaform.com\/wp-content\/uploads\/2026\/01\/\u89c6\u989101\u5e26\u86cb\u9633\u5177-1.png\" class=\"attachment-large size-large wp-image-281\" alt=\"\" srcset=\"https:\/\/intimaform.com\/wp-content\/uploads\/2026\/01\/\u89c6\u989101\u5e26\u86cb\u9633\u5177-1.png 1000w, https:\/\/intimaform.com\/wp-content\/uploads\/2026\/01\/\u89c6\u989101\u5e26\u86cb\u9633\u5177-1-300x300.png 300w, https:\/\/intimaform.com\/wp-content\/uploads\/2026\/01\/\u89c6\u989101\u5e26\u86cb\u9633\u5177-1-150x150.png 150w, https:\/\/intimaform.com\/wp-content\/uploads\/2026\/01\/\u89c6\u989101\u5e26\u86cb\u9633\u5177-1-768x768.png 768w, https:\/\/intimaform.com\/wp-content\/uploads\/2026\/01\/\u89c6\u989101\u5e26\u86cb\u9633\u5177-1-600x600.png 600w, https:\/\/intimaform.com\/wp-content\/uploads\/2026\/01\/\u89c6\u989101\u5e26\u86cb\u9633\u5177-1-100x100.png 100w\" sizes=\"(max-width: 800px) 100vw, 800px\" \/>\t\t\t\t\t\t\t\t\t\t\t\t\t\t\t<\/div>\n\t\t\t\t<div class=\"elementor-element elementor-element-b1d8ea6 elementor-widget elementor-widget-image\" data-id=\"b1d8ea6\" data-element_type=\"widget\" data-e-type=\"widget\" data-widget_type=\"image.default\">\n\t\t\t\t\t\t\t\t\t\t\t\t\t\t\t<img decoding=\"async\" width=\"800\" height=\"800\" src=\"https:\/\/intimaform.com\/wp-content\/uploads\/2026\/01\/\u89c6\u989101\u53d8\u8272\u9633\u5177.png\" class=\"attachment-large size-large wp-image-280\" alt=\"\" srcset=\"https:\/\/intimaform.com\/wp-content\/uploads\/2026\/01\/\u89c6\u989101\u53d8\u8272\u9633\u5177.png 1000w, https:\/\/intimaform.com\/wp-content\/uploads\/2026\/01\/\u89c6\u989101\u53d8\u8272\u9633\u5177-300x300.png 300w, https:\/\/intimaform.com\/wp-content\/uploads\/2026\/01\/\u89c6\u989101\u53d8\u8272\u9633\u5177-150x150.png 150w, https:\/\/intimaform.com\/wp-content\/uploads\/2026\/01\/\u89c6\u989101\u53d8\u8272\u9633\u5177-768x768.png 768w, https:\/\/intimaform.com\/wp-content\/uploads\/2026\/01\/\u89c6\u989101\u53d8\u8272\u9633\u5177-600x600.png 600w, https:\/\/intimaform.com\/wp-content\/uploads\/2026\/01\/\u89c6\u989101\u53d8\u8272\u9633\u5177-100x100.png 100w\" sizes=\"(max-width: 800px) 100vw, 800px\" \/>\t\t\t\t\t\t\t\t\t\t\t\t\t\t\t<\/div>\n\t\t\t\t\t<\/div>\n\t\t\t\t<\/div>\n\t\t<div class=\"elementor-element elementor-element-a0d7579 e-flex e-con-boxed e-con e-parent\" data-id=\"a0d7579\" data-element_type=\"container\" data-e-type=\"container\">\n\t\t\t\t\t<div class=\"e-con-inner\">\n\t\t\t\t<div class=\"elementor-element elementor-element-1dd2b35 elementor-widget elementor-widget-text-editor\" data-id=\"1dd2b35\" data-element_type=\"widget\" data-e-type=\"widget\" data-widget_type=\"text-editor.default\">\n\t\t\t\t\t\t\t\t\t<ul><li>Comme le montre la figure, il s'agit de nos moules existants.<\/li><li>La taille est fixe.<\/li><li>Pour les moules existants, des \u00e9chantillons gratuits peuvent \u00eatre fournis.<\/li><li>La couleur ou la duret\u00e9 du mat\u00e9riau peut \u00eatre ajust\u00e9e.<\/li><li>Les produits fabriqu\u00e9s avec les moules actuels sont livr\u00e9s rapidement.<\/li><li>N'h\u00e9sitez pas \u00e0 nous contacter pour tout besoin ou question.<\/li><\/ul>\t\t\t\t\t\t\t\t<\/div>\n\t\t\t\t\t<\/div>\n\t\t\t\t<\/div>\n\t\t\t\t<\/div>","protected":false},"excerpt":{"rendered":"<p>Voici quelques-uns des produits qui sont actuellement fabriqu\u00e9s \u00e0 l'aide de nos moules existants.<\/p>","protected":false},"author":1,"featured_media":0,"parent":352,"menu_order":0,"comment_status":"closed","ping_status":"closed","template":"","meta":{"_acf_changed":false,"footnotes":""},"class_list":["post-158","page","type-page","status-publish","hentry"],"acf":[],"jetpack_sharing_enabled":true,"_links":{"self":[{"href":"https:\/\/intimaform.com\/fr\/wp-json\/wp\/v2\/pages\/158","targetHints":{"allow":["GET"]}}],"collection":[{"href":"https:\/\/intimaform.com\/fr\/wp-json\/wp\/v2\/pages"}],"about":[{"href":"https:\/\/intimaform.com\/fr\/wp-json\/wp\/v2\/types\/page"}],"author":[{"embeddable":true,"href":"https:\/\/intimaform.com\/fr\/wp-json\/wp\/v2\/users\/1"}],"replies":[{"embeddable":true,"href":"https:\/\/intimaform.com\/fr\/wp-json\/wp\/v2\/comments?post=158"}],"version-history":[{"count":40,"href":"https:\/\/intimaform.com\/fr\/wp-json\/wp\/v2\/pages\/158\/revisions"}],"predecessor-version":[{"id":887,"href":"https:\/\/intimaform.com\/fr\/wp-json\/wp\/v2\/pages\/158\/revisions\/887"}],"up":[{"embeddable":true,"href":"https:\/\/intimaform.com\/fr\/wp-json\/wp\/v2\/pages\/352"}],"wp:attachment":[{"href":"https:\/\/intimaform.com\/fr\/wp-json\/wp\/v2\/media?parent=158"}],"curies":[{"name":"wp","href":"https:\/\/api.w.org\/{rel}","templated":true}]}}