{"id":540,"date":"2026-01-08T22:17:21","date_gmt":"2026-01-08T14:17:21","guid":{"rendered":"https:\/\/intimaform.com\/?page_id=540"},"modified":"2026-01-21T11:23:56","modified_gmt":"2026-01-21T03:23:56","slug":"customer-service","status":"publish","type":"page","link":"https:\/\/intimaform.com\/es\/customer-service\/","title":{"rendered":"Atenci\u00f3n al cliente"},"content":{"rendered":"<div data-elementor-type=\"wp-page\" data-elementor-id=\"540\" class=\"elementor elementor-540\" data-elementor-post-type=\"page\">\n\t\t\t\t<div class=\"elementor-element elementor-element-aba16e3 e-flex e-con-boxed e-con e-parent\" data-id=\"aba16e3\" data-element_type=\"container\" data-e-type=\"container\">\n\t\t\t\t\t<div class=\"e-con-inner\">\n\t\t<div class=\"elementor-element elementor-element-5be005d e-con-full e-flex e-con e-child\" data-id=\"5be005d\" data-element_type=\"container\" data-e-type=\"container\">\n\t\t\t\t<div class=\"elementor-element elementor-element-71b9c12 elementor-widget elementor-widget-image\" data-id=\"71b9c12\" data-element_type=\"widget\" data-e-type=\"widget\" data-widget_type=\"image.default\">\n\t\t\t\t\t\t\t\t\t\t\t\t\t\t\t<img fetchpriority=\"high\" decoding=\"async\" width=\"500\" height=\"500\" src=\"https:\/\/intimaform.com\/wp-content\/uploads\/2026\/01\/\u4fee\u6539\u79d1\u6280\u611f_logo-removebg-preview.png\" class=\"attachment-large size-large wp-image-127\" alt=\"\" srcset=\"https:\/\/intimaform.com\/wp-content\/uploads\/2026\/01\/\u4fee\u6539\u79d1\u6280\u611f_logo-removebg-preview.png 500w, https:\/\/intimaform.com\/wp-content\/uploads\/2026\/01\/\u4fee\u6539\u79d1\u6280\u611f_logo-removebg-preview-300x300.png 300w, https:\/\/intimaform.com\/wp-content\/uploads\/2026\/01\/\u4fee\u6539\u79d1\u6280\u611f_logo-removebg-preview-150x150.png 150w, https:\/\/intimaform.com\/wp-content\/uploads\/2026\/01\/elementor\/thumbs\/\u4fee\u6539\u79d1\u6280\u611f_logo-removebg-preview-rh1ujz8ibdeblw4r6eqd71ti7pg2i0eqmwenkc51wo.png 100w, https:\/\/intimaform.com\/wp-content\/uploads\/2026\/01\/elementor\/thumbs\/\u4fee\u6539\u79d1\u6280\u611f_logo-removebg-preview-rh1ujz8hcad6bhlrna1fi6qtdu2rklu5xgqin7r9vs.png 20w\" sizes=\"(max-width: 500px) 100vw, 500px\" \/>\t\t\t\t\t\t\t\t\t\t\t\t\t\t\t<\/div>\n\t\t\t\t<\/div>\n\t\t<div class=\"elementor-element elementor-element-8ea330f e-con-full e-flex e-con e-child\" data-id=\"8ea330f\" data-element_type=\"container\" data-e-type=\"container\">\n\t\t\t\t<div class=\"elementor-element elementor-element-aaf6492 elementor-widget elementor-widget-text-editor\" data-id=\"aaf6492\" data-element_type=\"widget\" data-e-type=\"widget\" data-widget_type=\"text-editor.default\">\n\t\t\t\t\t\t\t\t\t<p><strong data-start=\"153\" data-end=\"178\">Acerca de IntimaForm Tech<\/strong><br data-start=\"178\" data-end=\"181\" \/>IntimaForm Tech es un fabricante OEM\/ODM dirigido por mujeres y especializado en productos personalizados de bienestar sexual.<br data-start=\"287\" data-end=\"290\" \/>Con el apoyo de ingenieros profesionales y sistemas de producci\u00f3n estandarizados, ayudamos a las marcas mundiales a convertir conceptos en productos escalables y conformes con una calidad estable y una ejecuci\u00f3n eficiente.<\/p>\t\t\t\t\t\t\t\t<\/div>\n\t\t\t\t<\/div>\n\t\t\t\t\t<\/div>\n\t\t\t\t<\/div>\n\t\t<div class=\"elementor-element elementor-element-5d21a31 e-flex e-con-boxed e-con e-parent\" data-id=\"5d21a31\" data-element_type=\"container\" data-e-type=\"container\">\n\t\t\t\t\t<div class=\"e-con-inner\">\n\t\t<div class=\"elementor-element elementor-element-ce0045f e-con-full e-flex e-con e-child\" data-id=\"ce0045f\" data-element_type=\"container\" data-e-type=\"container\">\n\t\t\t\t<div class=\"elementor-element elementor-element-d4a989a elementor-widget elementor-widget-video\" data-id=\"d4a989a\" data-element_type=\"widget\" data-e-type=\"widget\" data-settings=\"{&quot;video_type&quot;:&quot;hosted&quot;,&quot;show_image_overlay&quot;:&quot;yes&quot;,&quot;image_overlay&quot;:{&quot;url&quot;:&quot;&quot;,&quot;id&quot;:&quot;&quot;,&quot;size&quot;:&quot;&quot;,&quot;alt&quot;:&quot;&quot;,&quot;source&quot;:&quot;library&quot;},&quot;controls&quot;:&quot;yes&quot;}\" data-widget_type=\"video.default\">\n\t\t\t\t\t\t\t<div class=\"e-hosted-video elementor-wrapper elementor-open-inline\">\n\t\t\t\t\t<video class=\"elementor-video\" src=\"https:\/\/intimaform.com\/wp-content\/uploads\/2026\/01\/cock-rings.mp4\" controls=\"\" preload=\"auto\" controlslist=\"nodownload\" poster=\"https:\/\/intimaform.com\/wp-content\/uploads\/2026\/01\/L\u5b57\u73af.jpg\"><\/video>\n\t\t\t\t<\/div>\n\t\t\t\t\t\t<\/div>\n\t\t\t\t<\/div>\n\t\t<div class=\"elementor-element elementor-element-a8ecf27 e-con-full e-flex e-con e-child\" data-id=\"a8ecf27\" data-element_type=\"container\" data-e-type=\"container\">\n\t\t\t\t<div class=\"elementor-element elementor-element-5b02647 elementor-widget elementor-widget-text-editor\" data-id=\"5b02647\" data-element_type=\"widget\" data-e-type=\"widget\" data-widget_type=\"text-editor.default\">\n\t\t\t\t\t\t\t\t\t<p data-start=\"1333\" data-end=\"1621\"><strong data-start=\"1333\" data-end=\"1375\">Flexibilidad de dise\u00f1o y ampliaci\u00f3n de productos<\/strong><br data-start=\"1375\" data-end=\"1378\" \/>Desde los productos b\u00e1sicos hasta los accesorios funcionales, apoyamos la personalizaci\u00f3n en diferentes tipos de productos, estructuras y escenarios de uso.<br data-start=\"1513\" data-end=\"1516\" \/>Nuestro equipo de ingenieros adapta los dise\u00f1os en funci\u00f3n de su posicionamiento en el mercado, los usuarios a los que se dirige y la estrategia de ventas.<\/p><p data-start=\"1623\" data-end=\"1641\"><strong data-start=\"1623\" data-end=\"1641\">Principales ventajas<\/strong><\/p><ul data-start=\"1642\" data-end=\"1826\"><li data-start=\"1642\" data-end=\"1694\"><p data-start=\"1644\" data-end=\"1694\">Adecuado para productos independientes o juegos combinados<\/p><\/li><li data-start=\"1695\" data-end=\"1747\"><p data-start=\"1697\" data-end=\"1747\">Calidad constante para pedidos repetidos y escalados<\/p><\/li><li data-start=\"1748\" data-end=\"1826\"><p data-start=\"1750\" data-end=\"1826\">Optimizado para la marca, la viabilidad de fabricaci\u00f3n y la cooperaci\u00f3n a largo plazo<\/p><\/li><\/ul><blockquote data-start=\"1828\" data-end=\"1925\"><p data-start=\"1830\" data-end=\"1925\">Ideal para marcas que buscan un suministro estable, un desarrollo flexible y una expansi\u00f3n continua de sus productos.<\/p><\/blockquote>\t\t\t\t\t\t\t\t<\/div>\n\t\t\t\t<\/div>\n\t\t\t\t\t<\/div>\n\t\t\t\t<\/div>\n\t\t<div class=\"elementor-element elementor-element-3d5bc74 e-flex e-con-boxed e-con e-parent\" data-id=\"3d5bc74\" data-element_type=\"container\" data-e-type=\"container\">\n\t\t\t\t\t<div class=\"e-con-inner\">\n\t\t<div class=\"elementor-element elementor-element-c0e2bb6 e-con-full e-flex e-con e-child\" data-id=\"c0e2bb6\" data-element_type=\"container\" data-e-type=\"container\">\n\t\t\t\t<div class=\"elementor-element elementor-element-7b91a16 elementor-widget elementor-widget-text-editor\" data-id=\"7b91a16\" data-element_type=\"widget\" data-e-type=\"widget\" data-widget_type=\"text-editor.default\">\n\t\t\t\t\t\t\t\t\t<p data-start=\"575\" data-end=\"823\"><strong data-start=\"575\" data-end=\"613\">Personalizaci\u00f3n de productos<\/strong><br data-start=\"613\" data-end=\"616\">Ofrecemos servicios flexibles de OEM y ODM para una amplia gama de productos de bienestar sexual.<br data-start=\"705\" data-end=\"708\">Los productos y v\u00eddeos mostrados son s\u00f3lo para demostraci\u00f3n de capacidades y no limitan nuestro \u00e1mbito de personalizaci\u00f3n.<\/p>\n<p data-start=\"575\" data-end=\"823\"><strong style=\"font-style: italic;\" data-start=\"827\" data-end=\"849\">Pol\u00edtica de MOQ unificada<\/strong><\/p>\n<blockquote data-start=\"825\" data-end=\"960\">\n<p data-start=\"827\" data-end=\"960\">Todos los productos siguen una cantidad m\u00ednima de pedido unificada de <strong data-start=\"910\" data-end=\"927\">500-1.000 unidades<\/strong>, en funci\u00f3n de la complejidad del dise\u00f1o.<\/p>\n<\/blockquote>\n<p data-start=\"962\" data-end=\"985\"><strong data-start=\"962\" data-end=\"985\">\u00c1mbito de personalizaci\u00f3n<\/strong><\/p>\n<ul data-start=\"986\" data-end=\"1074\">\n<li data-start=\"986\" data-end=\"1017\">\n<p data-start=\"988\" data-end=\"1017\">Estructura y dise\u00f1o interno<\/p>\n<\/li>\n<li data-start=\"1018\" data-end=\"1048\">\n<p data-start=\"1020\" data-end=\"1048\">Tama\u00f1o, textura y aspecto<\/p>\n<\/li>\n<li data-start=\"1049\" data-end=\"1074\">\n<p data-start=\"1051\" data-end=\"1074\">Color, logotipo y embalaje<\/p>\n<\/li>\n<\/ul>\n<p data-start=\"1076\" data-end=\"1089\"><strong data-start=\"1076\" data-end=\"1089\">Materiales<\/strong><\/p>\n<ul data-start=\"1090\" data-end=\"1133\">\n<li data-start=\"1090\" data-end=\"1133\">\n<p data-start=\"1092\" data-end=\"1133\">TPE\/Silicona seguros para el cuerpo y elast\u00f3meros conformes<\/p>\n<\/li>\n<\/ul>\n<p data-start=\"1135\" data-end=\"1156\"><strong data-start=\"1135\" data-end=\"1156\">Condiciones de cooperaci\u00f3n<\/strong><\/p>\n<ul data-start=\"1157\" data-end=\"1271\">\n<li data-start=\"1157\" data-end=\"1208\">\n<p data-start=\"1159\" data-end=\"1208\"><strong data-start=\"1159\" data-end=\"1167\">MOQ:<\/strong> 500-1.000 unidades (todas las categor\u00edas de productos)<\/p>\n<\/li>\n<li data-start=\"1209\" data-end=\"1271\">\n<p data-start=\"1211\" data-end=\"1271\"><strong data-start=\"1211\" data-end=\"1229\">Condiciones de pago:<\/strong> 30% de dep\u00f3sito + 70% de saldo antes del env\u00edo<\/p>\n<\/li>\n<\/ul>\t\t\t\t\t\t\t\t<\/div>\n\t\t\t\t<\/div>\n\t\t<div class=\"elementor-element elementor-element-db09c9e e-con-full e-flex e-con e-child\" data-id=\"db09c9e\" data-element_type=\"container\" data-e-type=\"container\">\n\t\t\t\t<div class=\"elementor-element elementor-element-f4a4d67 elementor-widget elementor-widget-video\" data-id=\"f4a4d67\" data-element_type=\"widget\" data-e-type=\"widget\" data-settings=\"{&quot;video_type&quot;:&quot;hosted&quot;,&quot;controls&quot;:&quot;yes&quot;}\" data-widget_type=\"video.default\">\n\t\t\t\t\t\t\t<div class=\"e-hosted-video elementor-wrapper elementor-open-inline\">\n\t\t\t\t\t<video class=\"elementor-video\" src=\"https:\/\/intimaform.com\/wp-content\/uploads\/2026\/01\/male-strokers.mp4\" controls=\"\" preload=\"metadata\" controlslist=\"nodownload\" poster=\"https:\/\/intimaform.com\/wp-content\/uploads\/2026\/01\/male-toys-e1768635167653.jpg\"><\/video>\n\t\t\t\t<\/div>\n\t\t\t\t\t\t<\/div>\n\t\t\t\t<\/div>\n\t\t\t\t\t<\/div>\n\t\t\t\t<\/div>\n\t\t\t\t<\/div>","protected":false},"excerpt":{"rendered":"<p>About IntimaForm TechIntimaForm Tech is a women-led OEM\/ODM manufacturer specializing in customized sexual wellness products.Supported by professional engineers and standardized production systems, we help global brands turn concepts into scalable, compliant products with stable quality and efficient execution. https:\/\/intimaform.com\/wp-content\/uploads\/2026\/01\/cock-rings.mp4 Design Flexibility &amp; Product ExtensionFrom core products to functional accessories, we support customization across different product [&hellip;]<\/p>","protected":false},"author":1,"featured_media":0,"parent":0,"menu_order":0,"comment_status":"closed","ping_status":"closed","template":"","meta":{"_acf_changed":false,"footnotes":""},"class_list":["post-540","page","type-page","status-publish","hentry"],"acf":[],"jetpack_sharing_enabled":true,"_links":{"self":[{"href":"https:\/\/intimaform.com\/es\/wp-json\/wp\/v2\/pages\/540","targetHints":{"allow":["GET"]}}],"collection":[{"href":"https:\/\/intimaform.com\/es\/wp-json\/wp\/v2\/pages"}],"about":[{"href":"https:\/\/intimaform.com\/es\/wp-json\/wp\/v2\/types\/page"}],"author":[{"embeddable":true,"href":"https:\/\/intimaform.com\/es\/wp-json\/wp\/v2\/users\/1"}],"replies":[{"embeddable":true,"href":"https:\/\/intimaform.com\/es\/wp-json\/wp\/v2\/comments?post=540"}],"version-history":[{"count":16,"href":"https:\/\/intimaform.com\/es\/wp-json\/wp\/v2\/pages\/540\/revisions"}],"predecessor-version":[{"id":856,"href":"https:\/\/intimaform.com\/es\/wp-json\/wp\/v2\/pages\/540\/revisions\/856"}],"wp:attachment":[{"href":"https:\/\/intimaform.com\/es\/wp-json\/wp\/v2\/media?parent=540"}],"curies":[{"name":"wp","href":"https:\/\/api.w.org\/{rel}","templated":true}]}}