{"id":526,"date":"2026-01-08T22:13:08","date_gmt":"2026-01-08T14:13:08","guid":{"rendered":"https:\/\/intimaform.com\/?page_id=526"},"modified":"2026-01-08T22:14:09","modified_gmt":"2026-01-08T14:14:09","slug":"custom-mouth-gag","status":"publish","type":"page","link":"https:\/\/intimaform.com\/es\/custom-your-toys\/custom-mouth-gag\/","title":{"rendered":"Mordaza bucal personalizada"},"content":{"rendered":"<div data-elementor-type=\"wp-page\" data-elementor-id=\"526\" class=\"elementor elementor-526\" data-elementor-post-type=\"page\">\n\t\t\t\t<div class=\"elementor-element elementor-element-bfd8746 e-flex e-con-boxed e-con e-parent\" data-id=\"bfd8746\" data-element_type=\"container\" data-e-type=\"container\">\n\t\t\t\t\t<div class=\"e-con-inner\">\n\t\t<div class=\"elementor-element elementor-element-91783bf e-con-full e-flex e-con e-child\" data-id=\"91783bf\" data-element_type=\"container\" data-e-type=\"container\">\n\t\t\t\t<div class=\"elementor-element elementor-element-50fa084 elementor-widget elementor-widget-image\" data-id=\"50fa084\" data-element_type=\"widget\" data-e-type=\"widget\" data-widget_type=\"image.default\">\n\t\t\t\t\t\t\t\t\t\t\t\t\t\t\t<img fetchpriority=\"high\" decoding=\"async\" width=\"800\" height=\"499\" src=\"https:\/\/intimaform.com\/wp-content\/uploads\/2026\/01\/\u53e3\u585e\u6b3201-\u7ea2\u8272\u5634\u5507-1024x639.jpg\" class=\"attachment-large size-large wp-image-533\" alt=\"\" srcset=\"https:\/\/intimaform.com\/wp-content\/uploads\/2026\/01\/\u53e3\u585e\u6b3201-\u7ea2\u8272\u5634\u5507-1024x639.jpg 1024w, https:\/\/intimaform.com\/wp-content\/uploads\/2026\/01\/\u53e3\u585e\u6b3201-\u7ea2\u8272\u5634\u5507-300x187.jpg 300w, https:\/\/intimaform.com\/wp-content\/uploads\/2026\/01\/\u53e3\u585e\u6b3201-\u7ea2\u8272\u5634\u5507-768x479.jpg 768w, https:\/\/intimaform.com\/wp-content\/uploads\/2026\/01\/\u53e3\u585e\u6b3201-\u7ea2\u8272\u5634\u5507-1320x824.jpg 1320w, https:\/\/intimaform.com\/wp-content\/uploads\/2026\/01\/\u53e3\u585e\u6b3201-\u7ea2\u8272\u5634\u5507-600x375.jpg 600w, https:\/\/intimaform.com\/wp-content\/uploads\/2026\/01\/\u53e3\u585e\u6b3201-\u7ea2\u8272\u5634\u5507.jpg 1339w\" sizes=\"(max-width: 800px) 100vw, 800px\" \/>\t\t\t\t\t\t\t\t\t\t\t\t\t\t\t<\/div>\n\t\t\t\t<\/div>\n\t\t<div class=\"elementor-element elementor-element-5cdce8e e-con-full e-flex e-con e-child\" data-id=\"5cdce8e\" data-element_type=\"container\" data-e-type=\"container\">\n\t\t\t\t<div class=\"elementor-element elementor-element-6637ae3 elementor-widget elementor-widget-image\" data-id=\"6637ae3\" data-element_type=\"widget\" data-e-type=\"widget\" data-widget_type=\"image.default\">\n\t\t\t\t\t\t\t\t\t\t\t\t\t\t\t<img decoding=\"async\" width=\"800\" height=\"441\" src=\"https:\/\/intimaform.com\/wp-content\/uploads\/2026\/01\/\u53e3\u585e\u6b3202-\u7403\u5f62-1024x565.jpg\" class=\"attachment-large size-large wp-image-532\" alt=\"\" srcset=\"https:\/\/intimaform.com\/wp-content\/uploads\/2026\/01\/\u53e3\u585e\u6b3202-\u7403\u5f62-1024x565.jpg 1024w, https:\/\/intimaform.com\/wp-content\/uploads\/2026\/01\/\u53e3\u585e\u6b3202-\u7403\u5f62-300x165.jpg 300w, https:\/\/intimaform.com\/wp-content\/uploads\/2026\/01\/\u53e3\u585e\u6b3202-\u7403\u5f62-768x423.jpg 768w, https:\/\/intimaform.com\/wp-content\/uploads\/2026\/01\/\u53e3\u585e\u6b3202-\u7403\u5f62-600x331.jpg 600w, https:\/\/intimaform.com\/wp-content\/uploads\/2026\/01\/\u53e3\u585e\u6b3202-\u7403\u5f62.jpg 1041w\" sizes=\"(max-width: 800px) 100vw, 800px\" \/>\t\t\t\t\t\t\t\t\t\t\t\t\t\t\t<\/div>\n\t\t\t\t<\/div>\n\t\t<div class=\"elementor-element elementor-element-c5cfe41 e-con-full e-flex e-con e-child\" data-id=\"c5cfe41\" data-element_type=\"container\" data-e-type=\"container\">\n\t\t\t\t<div class=\"elementor-element elementor-element-430f8c4 elementor-widget elementor-widget-image\" data-id=\"430f8c4\" data-element_type=\"widget\" data-e-type=\"widget\" data-widget_type=\"image.default\">\n\t\t\t\t\t\t\t\t\t\t\t\t\t\t\t<img decoding=\"async\" width=\"800\" height=\"529\" src=\"https:\/\/intimaform.com\/wp-content\/uploads\/2026\/01\/\u53e3\u585e\u6b3203-\u7c89\u8272\u9aa8\u5934.jpg\" class=\"attachment-large size-large wp-image-531\" alt=\"\" srcset=\"https:\/\/intimaform.com\/wp-content\/uploads\/2026\/01\/\u53e3\u585e\u6b3203-\u7c89\u8272\u9aa8\u5934.jpg 963w, https:\/\/intimaform.com\/wp-content\/uploads\/2026\/01\/\u53e3\u585e\u6b3203-\u7c89\u8272\u9aa8\u5934-300x198.jpg 300w, https:\/\/intimaform.com\/wp-content\/uploads\/2026\/01\/\u53e3\u585e\u6b3203-\u7c89\u8272\u9aa8\u5934-768x508.jpg 768w, https:\/\/intimaform.com\/wp-content\/uploads\/2026\/01\/\u53e3\u585e\u6b3203-\u7c89\u8272\u9aa8\u5934-600x397.jpg 600w\" sizes=\"(max-width: 800px) 100vw, 800px\" \/>\t\t\t\t\t\t\t\t\t\t\t\t\t\t\t<\/div>\n\t\t\t\t<\/div>\n\t\t<div class=\"elementor-element elementor-element-825e8e3 e-con-full e-flex e-con e-child\" data-id=\"825e8e3\" data-element_type=\"container\" data-e-type=\"container\">\n\t\t\t\t<div class=\"elementor-element elementor-element-a3ab8f1 elementor-widget elementor-widget-image\" data-id=\"a3ab8f1\" data-element_type=\"widget\" data-e-type=\"widget\" data-widget_type=\"image.default\">\n\t\t\t\t\t\t\t\t\t\t\t\t\t\t\t<img loading=\"lazy\" decoding=\"async\" width=\"800\" height=\"639\" src=\"https:\/\/intimaform.com\/wp-content\/uploads\/2026\/01\/\u53e3\u585e\u6b3204-\u914d\u5957\u725b\u5b50-1024x818.jpg\" class=\"attachment-large size-large wp-image-530\" alt=\"\" srcset=\"https:\/\/intimaform.com\/wp-content\/uploads\/2026\/01\/\u53e3\u585e\u6b3204-\u914d\u5957\u725b\u5b50-1024x818.jpg 1024w, https:\/\/intimaform.com\/wp-content\/uploads\/2026\/01\/\u53e3\u585e\u6b3204-\u914d\u5957\u725b\u5b50-300x240.jpg 300w, https:\/\/intimaform.com\/wp-content\/uploads\/2026\/01\/\u53e3\u585e\u6b3204-\u914d\u5957\u725b\u5b50-768x613.jpg 768w, https:\/\/intimaform.com\/wp-content\/uploads\/2026\/01\/\u53e3\u585e\u6b3204-\u914d\u5957\u725b\u5b50-1320x1054.jpg 1320w, https:\/\/intimaform.com\/wp-content\/uploads\/2026\/01\/\u53e3\u585e\u6b3204-\u914d\u5957\u725b\u5b50-600x479.jpg 600w, https:\/\/intimaform.com\/wp-content\/uploads\/2026\/01\/\u53e3\u585e\u6b3204-\u914d\u5957\u725b\u5b50.jpg 1500w\" sizes=\"(max-width: 800px) 100vw, 800px\" \/>\t\t\t\t\t\t\t\t\t\t\t\t\t\t\t<\/div>\n\t\t\t\t<\/div>\n\t\t<div class=\"elementor-element elementor-element-568f742 e-con-full e-flex e-con e-child\" data-id=\"568f742\" data-element_type=\"container\" data-e-type=\"container\">\n\t\t\t\t<div class=\"elementor-element elementor-element-fba2052 elementor-widget elementor-widget-image\" data-id=\"fba2052\" data-element_type=\"widget\" data-e-type=\"widget\" data-widget_type=\"image.default\">\n\t\t\t\t\t\t\t\t\t\t\t\t\t\t\t<img loading=\"lazy\" decoding=\"async\" width=\"800\" height=\"789\" src=\"https:\/\/intimaform.com\/wp-content\/uploads\/2026\/01\/\u53e3\u585e\u6b3205-\u7ea2\u9ed1\u4e24\u4e2a.jpg\" class=\"attachment-large size-large wp-image-529\" alt=\"\" srcset=\"https:\/\/intimaform.com\/wp-content\/uploads\/2026\/01\/\u53e3\u585e\u6b3205-\u7ea2\u9ed1\u4e24\u4e2a.jpg 977w, https:\/\/intimaform.com\/wp-content\/uploads\/2026\/01\/\u53e3\u585e\u6b3205-\u7ea2\u9ed1\u4e24\u4e2a-300x296.jpg 300w, https:\/\/intimaform.com\/wp-content\/uploads\/2026\/01\/\u53e3\u585e\u6b3205-\u7ea2\u9ed1\u4e24\u4e2a-768x757.jpg 768w, https:\/\/intimaform.com\/wp-content\/uploads\/2026\/01\/\u53e3\u585e\u6b3205-\u7ea2\u9ed1\u4e24\u4e2a-600x591.jpg 600w, https:\/\/intimaform.com\/wp-content\/uploads\/2026\/01\/\u53e3\u585e\u6b3205-\u7ea2\u9ed1\u4e24\u4e2a-100x100.jpg 100w\" sizes=\"(max-width: 800px) 100vw, 800px\" \/>\t\t\t\t\t\t\t\t\t\t\t\t\t\t\t<\/div>\n\t\t\t\t<\/div>\n\t\t<div class=\"elementor-element elementor-element-5087570 e-con-full e-flex e-con e-child\" data-id=\"5087570\" data-element_type=\"container\" data-e-type=\"container\">\n\t\t\t\t<div class=\"elementor-element elementor-element-94573f3 elementor-widget elementor-widget-image\" data-id=\"94573f3\" data-element_type=\"widget\" data-e-type=\"widget\" data-widget_type=\"image.default\">\n\t\t\t\t\t\t\t\t\t\t\t\t\t\t\t<img loading=\"lazy\" decoding=\"async\" width=\"800\" height=\"618\" src=\"https:\/\/intimaform.com\/wp-content\/uploads\/2026\/01\/\u53e3\u585e\u6b3206-\u5c0f\u7a74-1024x791.jpg\" class=\"attachment-large size-large wp-image-528\" alt=\"\" srcset=\"https:\/\/intimaform.com\/wp-content\/uploads\/2026\/01\/\u53e3\u585e\u6b3206-\u5c0f\u7a74-1024x791.jpg 1024w, https:\/\/intimaform.com\/wp-content\/uploads\/2026\/01\/\u53e3\u585e\u6b3206-\u5c0f\u7a74-300x232.jpg 300w, https:\/\/intimaform.com\/wp-content\/uploads\/2026\/01\/\u53e3\u585e\u6b3206-\u5c0f\u7a74-768x593.jpg 768w, https:\/\/intimaform.com\/wp-content\/uploads\/2026\/01\/\u53e3\u585e\u6b3206-\u5c0f\u7a74-1320x1019.jpg 1320w, https:\/\/intimaform.com\/wp-content\/uploads\/2026\/01\/\u53e3\u585e\u6b3206-\u5c0f\u7a74-600x463.jpg 600w, https:\/\/intimaform.com\/wp-content\/uploads\/2026\/01\/\u53e3\u585e\u6b3206-\u5c0f\u7a74.jpg 1500w\" sizes=\"(max-width: 800px) 100vw, 800px\" \/>\t\t\t\t\t\t\t\t\t\t\t\t\t\t\t<\/div>\n\t\t\t\t<\/div>\n\t\t\t\t\t<\/div>\n\t\t\t\t<\/div>\n\t\t<div class=\"elementor-element elementor-element-eb8591a e-flex e-con-boxed e-con e-parent\" data-id=\"eb8591a\" data-element_type=\"container\" data-e-type=\"container\">\n\t\t\t\t\t<div class=\"e-con-inner\">\n\t\t\t\t<div class=\"elementor-element elementor-element-eeb4f95 elementor-widget elementor-widget-text-editor\" data-id=\"eeb4f95\" data-element_type=\"widget\" data-e-type=\"widget\" data-widget_type=\"text-editor.default\">\n\t\t\t\t\t\t\t\t\t<ul><li><strong>Dureza y forma personalizadas<\/strong><div>\u00a0<\/div>Dureza del material y forma general del producto totalmente personalizables para mordazas bucales, perfectamente adaptadas a sus requisitos de dise\u00f1o espec\u00edficos.<\/li><li><strong>Apoyo profesional del equipo de I+D<\/strong><div>\u00a0<\/div>Con el respaldo de un equipo de dise\u00f1adores e ingenieros t\u00e9cnicos experimentados para ofrecer soluciones integrales de personalizaci\u00f3n y orientaci\u00f3n t\u00e9cnica.<\/li><li><strong>Proceso de personalizaci\u00f3n seguro y eficaz<\/strong><div>\u00a0<\/div>Adoptar materias primas seguras para el cuerpo y procedimientos de producci\u00f3n racionalizados para garantizar una entrega r\u00e1pida de las muestras al tiempo que se cumplen las normas de seguridad de los productos \u00edntimos.<\/li><li><strong>Estrategia de precios competitiva<\/strong><div>\u00a0<\/div>Ofrecemos precios razonables y transparentes para mordazas bucales personalizadas, sin costes ocultos, adecuados tanto para pruebas de lotes peque\u00f1os como para pedidos a gran escala.<\/li><li><strong>Fabricaci\u00f3n de moldes de precisi\u00f3n<\/strong><div>\u00a0<\/div>Utilizamos tecnolog\u00eda de fabricaci\u00f3n de moldes de alta precisi\u00f3n para garantizar que cada detalle personalizado se reproduzca con exactitud, en consonancia con el dise\u00f1o original.<\/li><\/ul>\t\t\t\t\t\t\t\t<\/div>\n\t\t\t\t\t<\/div>\n\t\t\t\t<\/div>\n\t\t\t\t<\/div>","protected":false},"excerpt":{"rendered":"<p>Dise\u00f1o de dureza y forma personalizados Dureza del material y forma general del producto totalmente personalizables para mordazas bucales, perfectamente adaptadas a sus requisitos de dise\u00f1o espec\u00edficos. Equipo profesional de I+D Respaldado por un equipo de dise\u00f1adores e ingenieros t\u00e9cnicos experimentados que proporcionan soluciones de personalizaci\u00f3n y orientaci\u00f3n t\u00e9cnica integrales. Proceso de personalizaci\u00f3n seguro y eficaz Adoptamos materias primas seguras para el cuerpo y procedimientos de producci\u00f3n racionalizados [...].<\/p>","protected":false},"author":1,"featured_media":0,"parent":402,"menu_order":0,"comment_status":"closed","ping_status":"closed","template":"","meta":{"_acf_changed":false,"footnotes":""},"class_list":["post-526","page","type-page","status-publish","hentry"],"acf":[],"jetpack_sharing_enabled":true,"_links":{"self":[{"href":"https:\/\/intimaform.com\/es\/wp-json\/wp\/v2\/pages\/526","targetHints":{"allow":["GET"]}}],"collection":[{"href":"https:\/\/intimaform.com\/es\/wp-json\/wp\/v2\/pages"}],"about":[{"href":"https:\/\/intimaform.com\/es\/wp-json\/wp\/v2\/types\/page"}],"author":[{"embeddable":true,"href":"https:\/\/intimaform.com\/es\/wp-json\/wp\/v2\/users\/1"}],"replies":[{"embeddable":true,"href":"https:\/\/intimaform.com\/es\/wp-json\/wp\/v2\/comments?post=526"}],"version-history":[{"count":4,"href":"https:\/\/intimaform.com\/es\/wp-json\/wp\/v2\/pages\/526\/revisions"}],"predecessor-version":[{"id":536,"href":"https:\/\/intimaform.com\/es\/wp-json\/wp\/v2\/pages\/526\/revisions\/536"}],"up":[{"embeddable":true,"href":"https:\/\/intimaform.com\/es\/wp-json\/wp\/v2\/pages\/402"}],"wp:attachment":[{"href":"https:\/\/intimaform.com\/es\/wp-json\/wp\/v2\/media?parent=526"}],"curies":[{"name":"wp","href":"https:\/\/api.w.org\/{rel}","templated":true}]}}