{"id":499,"date":"2026-01-08T21:53:37","date_gmt":"2026-01-08T13:53:37","guid":{"rendered":"https:\/\/intimaform.com\/?page_id=499"},"modified":"2026-01-08T21:56:28","modified_gmt":"2026-01-08T13:56:28","slug":"custom-penis-sleeve-extension-sleeve","status":"publish","type":"page","link":"https:\/\/intimaform.com\/es\/custom-your-toys\/custom-penis-sleeve-extension-sleeve\/","title":{"rendered":"Funda para el pene\/manguito de extensi\u00f3n a medida"},"content":{"rendered":"<div data-elementor-type=\"wp-page\" data-elementor-id=\"499\" class=\"elementor elementor-499\" data-elementor-post-type=\"page\">\n\t\t\t\t<div class=\"elementor-element elementor-element-400091a e-flex e-con-boxed e-con e-parent\" data-id=\"400091a\" data-element_type=\"container\" data-e-type=\"container\">\n\t\t\t\t\t<div class=\"e-con-inner\">\n\t\t<div class=\"elementor-element elementor-element-19d9143 e-con-full e-flex e-con e-child\" data-id=\"19d9143\" data-element_type=\"container\" data-e-type=\"container\">\n\t\t\t\t<div class=\"elementor-element elementor-element-6eaa8e7 elementor-widget elementor-widget-image\" data-id=\"6eaa8e7\" data-element_type=\"widget\" data-e-type=\"widget\" data-widget_type=\"image.default\">\n\t\t\t\t\t\t\t\t\t\t\t\t\t\t\t<img fetchpriority=\"high\" decoding=\"async\" width=\"307\" height=\"1024\" src=\"https:\/\/intimaform.com\/wp-content\/uploads\/2026\/01\/\u9633\u5177\u595701-\u900f\u660e-307x1024.jpg\" class=\"attachment-large size-large wp-image-510\" alt=\"\" srcset=\"https:\/\/intimaform.com\/wp-content\/uploads\/2026\/01\/\u9633\u5177\u595701-\u900f\u660e-307x1024.jpg 307w, https:\/\/intimaform.com\/wp-content\/uploads\/2026\/01\/\u9633\u5177\u595701-\u900f\u660e-90x300.jpg 90w\" sizes=\"(max-width: 307px) 100vw, 307px\" \/>\t\t\t\t\t\t\t\t\t\t\t\t\t\t\t<\/div>\n\t\t\t\t<\/div>\n\t\t<div class=\"elementor-element elementor-element-abdc6be e-con-full e-flex e-con e-child\" data-id=\"abdc6be\" data-element_type=\"container\" data-e-type=\"container\">\n\t\t\t\t<div class=\"elementor-element elementor-element-14986ad elementor-widget elementor-widget-image\" data-id=\"14986ad\" data-element_type=\"widget\" data-e-type=\"widget\" data-widget_type=\"image.default\">\n\t\t\t\t\t\t\t\t\t\t\t\t\t\t\t<img decoding=\"async\" width=\"800\" height=\"838\" src=\"https:\/\/intimaform.com\/wp-content\/uploads\/2026\/01\/\u9633\u5177\u595702-\u5916\u87ba\u7eb9-978x1024.jpg\" class=\"attachment-large size-large wp-image-509\" alt=\"\" srcset=\"https:\/\/intimaform.com\/wp-content\/uploads\/2026\/01\/\u9633\u5177\u595702-\u5916\u87ba\u7eb9-978x1024.jpg 978w, https:\/\/intimaform.com\/wp-content\/uploads\/2026\/01\/\u9633\u5177\u595702-\u5916\u87ba\u7eb9-287x300.jpg 287w, https:\/\/intimaform.com\/wp-content\/uploads\/2026\/01\/\u9633\u5177\u595702-\u5916\u87ba\u7eb9-768x804.jpg 768w, https:\/\/intimaform.com\/wp-content\/uploads\/2026\/01\/\u9633\u5177\u595702-\u5916\u87ba\u7eb9-1320x1382.jpg 1320w, https:\/\/intimaform.com\/wp-content\/uploads\/2026\/01\/\u9633\u5177\u595702-\u5916\u87ba\u7eb9-600x628.jpg 600w, https:\/\/intimaform.com\/wp-content\/uploads\/2026\/01\/\u9633\u5177\u595702-\u5916\u87ba\u7eb9.jpg 1433w\" sizes=\"(max-width: 800px) 100vw, 800px\" \/>\t\t\t\t\t\t\t\t\t\t\t\t\t\t\t<\/div>\n\t\t\t\t<\/div>\n\t\t<div class=\"elementor-element elementor-element-511147c e-con-full e-flex e-con e-child\" data-id=\"511147c\" data-element_type=\"container\" data-e-type=\"container\">\n\t\t\t\t<div class=\"elementor-element elementor-element-2f42724 elementor-widget elementor-widget-image\" data-id=\"2f42724\" data-element_type=\"widget\" data-e-type=\"widget\" data-widget_type=\"image.default\">\n\t\t\t\t\t\t\t\t\t\t\t\t\t\t\t<img decoding=\"async\" width=\"800\" height=\"846\" src=\"https:\/\/intimaform.com\/wp-content\/uploads\/2026\/01\/\u9633\u5177\u595703-\u900f\u660e\u4e09\u4e2a-968x1024.jpg\" class=\"attachment-large size-large wp-image-508\" alt=\"\" srcset=\"https:\/\/intimaform.com\/wp-content\/uploads\/2026\/01\/\u9633\u5177\u595703-\u900f\u660e\u4e09\u4e2a-968x1024.jpg 968w, https:\/\/intimaform.com\/wp-content\/uploads\/2026\/01\/\u9633\u5177\u595703-\u900f\u660e\u4e09\u4e2a-283x300.jpg 283w, https:\/\/intimaform.com\/wp-content\/uploads\/2026\/01\/\u9633\u5177\u595703-\u900f\u660e\u4e09\u4e2a-768x813.jpg 768w, https:\/\/intimaform.com\/wp-content\/uploads\/2026\/01\/\u9633\u5177\u595703-\u900f\u660e\u4e09\u4e2a-1320x1397.jpg 1320w, https:\/\/intimaform.com\/wp-content\/uploads\/2026\/01\/\u9633\u5177\u595703-\u900f\u660e\u4e09\u4e2a-600x635.jpg 600w, https:\/\/intimaform.com\/wp-content\/uploads\/2026\/01\/\u9633\u5177\u595703-\u900f\u660e\u4e09\u4e2a.jpg 1370w\" sizes=\"(max-width: 800px) 100vw, 800px\" \/>\t\t\t\t\t\t\t\t\t\t\t\t\t\t\t<\/div>\n\t\t\t\t<\/div>\n\t\t<div class=\"elementor-element elementor-element-e472ce3 e-con-full e-flex e-con e-child\" data-id=\"e472ce3\" data-element_type=\"container\" data-e-type=\"container\">\n\t\t\t\t<div class=\"elementor-element elementor-element-94678dc elementor-widget elementor-widget-image\" data-id=\"94678dc\" data-element_type=\"widget\" data-e-type=\"widget\" data-widget_type=\"image.default\">\n\t\t\t\t\t\t\t\t\t\t\t\t\t\t\t<img loading=\"lazy\" decoding=\"async\" width=\"800\" height=\"903\" src=\"https:\/\/intimaform.com\/wp-content\/uploads\/2026\/01\/\u9633\u5177\u595704-\u5f69\u8272-907x1024.jpg\" class=\"attachment-large size-large wp-image-507\" alt=\"\" srcset=\"https:\/\/intimaform.com\/wp-content\/uploads\/2026\/01\/\u9633\u5177\u595704-\u5f69\u8272-907x1024.jpg 907w, https:\/\/intimaform.com\/wp-content\/uploads\/2026\/01\/\u9633\u5177\u595704-\u5f69\u8272-266x300.jpg 266w, https:\/\/intimaform.com\/wp-content\/uploads\/2026\/01\/\u9633\u5177\u595704-\u5f69\u8272-768x867.jpg 768w, https:\/\/intimaform.com\/wp-content\/uploads\/2026\/01\/\u9633\u5177\u595704-\u5f69\u8272-1320x1491.jpg 1320w, https:\/\/intimaform.com\/wp-content\/uploads\/2026\/01\/\u9633\u5177\u595704-\u5f69\u8272-600x678.jpg 600w, https:\/\/intimaform.com\/wp-content\/uploads\/2026\/01\/\u9633\u5177\u595704-\u5f69\u8272.jpg 1328w\" sizes=\"(max-width: 800px) 100vw, 800px\" \/>\t\t\t\t\t\t\t\t\t\t\t\t\t\t\t<\/div>\n\t\t\t\t<\/div>\n\t\t<div class=\"elementor-element elementor-element-b10fa80 e-con-full e-flex e-con e-child\" data-id=\"b10fa80\" data-element_type=\"container\" data-e-type=\"container\">\n\t\t\t\t<div class=\"elementor-element elementor-element-d08526e elementor-widget elementor-widget-image\" data-id=\"d08526e\" data-element_type=\"widget\" data-e-type=\"widget\" data-widget_type=\"image.default\">\n\t\t\t\t\t\t\t\t\t\t\t\t\t\t\t<img loading=\"lazy\" decoding=\"async\" width=\"800\" height=\"800\" src=\"https:\/\/intimaform.com\/wp-content\/uploads\/2026\/01\/\u9633\u5177\u595705-\u72d7\u540a-1024x1024.jpg\" class=\"attachment-large size-large wp-image-506\" alt=\"\" srcset=\"https:\/\/intimaform.com\/wp-content\/uploads\/2026\/01\/\u9633\u5177\u595705-\u72d7\u540a-1024x1024.jpg 1024w, https:\/\/intimaform.com\/wp-content\/uploads\/2026\/01\/\u9633\u5177\u595705-\u72d7\u540a-300x300.jpg 300w, https:\/\/intimaform.com\/wp-content\/uploads\/2026\/01\/\u9633\u5177\u595705-\u72d7\u540a-150x150.jpg 150w, https:\/\/intimaform.com\/wp-content\/uploads\/2026\/01\/\u9633\u5177\u595705-\u72d7\u540a-768x768.jpg 768w, https:\/\/intimaform.com\/wp-content\/uploads\/2026\/01\/\u9633\u5177\u595705-\u72d7\u540a-1320x1320.jpg 1320w, https:\/\/intimaform.com\/wp-content\/uploads\/2026\/01\/\u9633\u5177\u595705-\u72d7\u540a-600x600.jpg 600w, https:\/\/intimaform.com\/wp-content\/uploads\/2026\/01\/\u9633\u5177\u595705-\u72d7\u540a-100x100.jpg 100w, https:\/\/intimaform.com\/wp-content\/uploads\/2026\/01\/\u9633\u5177\u595705-\u72d7\u540a.jpg 1500w\" sizes=\"(max-width: 800px) 100vw, 800px\" \/>\t\t\t\t\t\t\t\t\t\t\t\t\t\t\t<\/div>\n\t\t\t\t<\/div>\n\t\t<div class=\"elementor-element elementor-element-657ab46 e-con-full e-flex e-con e-child\" data-id=\"657ab46\" data-element_type=\"container\" data-e-type=\"container\">\n\t\t\t\t<div class=\"elementor-element elementor-element-9a10272 elementor-widget elementor-widget-image\" data-id=\"9a10272\" data-element_type=\"widget\" data-e-type=\"widget\" data-widget_type=\"image.default\">\n\t\t\t\t\t\t\t\t\t\t\t\t\t\t\t<img loading=\"lazy\" decoding=\"async\" width=\"800\" height=\"766\" src=\"https:\/\/intimaform.com\/wp-content\/uploads\/2026\/01\/\u9633\u5177\u595706-\u9ed1\u8272-1024x980.jpg\" class=\"attachment-large size-large wp-image-505\" alt=\"\" srcset=\"https:\/\/intimaform.com\/wp-content\/uploads\/2026\/01\/\u9633\u5177\u595706-\u9ed1\u8272-1024x980.jpg 1024w, https:\/\/intimaform.com\/wp-content\/uploads\/2026\/01\/\u9633\u5177\u595706-\u9ed1\u8272-300x287.jpg 300w, https:\/\/intimaform.com\/wp-content\/uploads\/2026\/01\/\u9633\u5177\u595706-\u9ed1\u8272-768x735.jpg 768w, https:\/\/intimaform.com\/wp-content\/uploads\/2026\/01\/\u9633\u5177\u595706-\u9ed1\u8272-1320x1264.jpg 1320w, https:\/\/intimaform.com\/wp-content\/uploads\/2026\/01\/\u9633\u5177\u595706-\u9ed1\u8272-600x574.jpg 600w, https:\/\/intimaform.com\/wp-content\/uploads\/2026\/01\/\u9633\u5177\u595706-\u9ed1\u8272.jpg 1500w\" sizes=\"(max-width: 800px) 100vw, 800px\" \/>\t\t\t\t\t\t\t\t\t\t\t\t\t\t\t<\/div>\n\t\t\t\t<\/div>\n\t\t\t\t\t<\/div>\n\t\t\t\t<\/div>\n\t\t<div class=\"elementor-element elementor-element-0fa6f1b e-flex e-con-boxed e-con e-parent\" data-id=\"0fa6f1b\" data-element_type=\"container\" data-e-type=\"container\">\n\t\t\t\t\t<div class=\"e-con-inner\">\n\t\t<div class=\"elementor-element elementor-element-fe557f2 e-con-full e-flex e-con e-child\" data-id=\"fe557f2\" data-element_type=\"container\" data-e-type=\"container\">\n\t\t\t\t<div class=\"elementor-element elementor-element-a08c7cd elementor-widget elementor-widget-image\" data-id=\"a08c7cd\" data-element_type=\"widget\" data-e-type=\"widget\" data-widget_type=\"image.default\">\n\t\t\t\t\t\t\t\t\t\t\t\t\t\t\t<img loading=\"lazy\" decoding=\"async\" width=\"800\" height=\"800\" src=\"https:\/\/intimaform.com\/wp-content\/uploads\/2026\/01\/\u9633\u5177\u595707-\u602a\u7269\u540a-1024x1024.jpg\" class=\"attachment-large size-large wp-image-504\" alt=\"\" srcset=\"https:\/\/intimaform.com\/wp-content\/uploads\/2026\/01\/\u9633\u5177\u595707-\u602a\u7269\u540a-1024x1024.jpg 1024w, https:\/\/intimaform.com\/wp-content\/uploads\/2026\/01\/\u9633\u5177\u595707-\u602a\u7269\u540a-300x300.jpg 300w, https:\/\/intimaform.com\/wp-content\/uploads\/2026\/01\/\u9633\u5177\u595707-\u602a\u7269\u540a-150x150.jpg 150w, https:\/\/intimaform.com\/wp-content\/uploads\/2026\/01\/\u9633\u5177\u595707-\u602a\u7269\u540a-768x768.jpg 768w, https:\/\/intimaform.com\/wp-content\/uploads\/2026\/01\/\u9633\u5177\u595707-\u602a\u7269\u540a-1320x1320.jpg 1320w, https:\/\/intimaform.com\/wp-content\/uploads\/2026\/01\/\u9633\u5177\u595707-\u602a\u7269\u540a-600x600.jpg 600w, https:\/\/intimaform.com\/wp-content\/uploads\/2026\/01\/\u9633\u5177\u595707-\u602a\u7269\u540a-100x100.jpg 100w, https:\/\/intimaform.com\/wp-content\/uploads\/2026\/01\/\u9633\u5177\u595707-\u602a\u7269\u540a.jpg 1500w\" sizes=\"(max-width: 800px) 100vw, 800px\" \/>\t\t\t\t\t\t\t\t\t\t\t\t\t\t\t<\/div>\n\t\t\t\t<\/div>\n\t\t<div class=\"elementor-element elementor-element-039c47e e-con-full e-flex e-con e-child\" data-id=\"039c47e\" data-element_type=\"container\" data-e-type=\"container\">\n\t\t\t\t<div class=\"elementor-element elementor-element-b36c95b elementor-widget elementor-widget-image\" data-id=\"b36c95b\" data-element_type=\"widget\" data-e-type=\"widget\" data-widget_type=\"image.default\">\n\t\t\t\t\t\t\t\t\t\t\t\t\t\t\t<img loading=\"lazy\" decoding=\"async\" width=\"800\" height=\"800\" src=\"https:\/\/intimaform.com\/wp-content\/uploads\/2026\/01\/\u9633\u5177\u595708-\u9a6c\u540a-1024x1024.jpg\" class=\"attachment-large size-large wp-image-503\" alt=\"\" srcset=\"https:\/\/intimaform.com\/wp-content\/uploads\/2026\/01\/\u9633\u5177\u595708-\u9a6c\u540a-1024x1024.jpg 1024w, https:\/\/intimaform.com\/wp-content\/uploads\/2026\/01\/\u9633\u5177\u595708-\u9a6c\u540a-300x300.jpg 300w, https:\/\/intimaform.com\/wp-content\/uploads\/2026\/01\/\u9633\u5177\u595708-\u9a6c\u540a-150x150.jpg 150w, https:\/\/intimaform.com\/wp-content\/uploads\/2026\/01\/\u9633\u5177\u595708-\u9a6c\u540a-768x768.jpg 768w, https:\/\/intimaform.com\/wp-content\/uploads\/2026\/01\/\u9633\u5177\u595708-\u9a6c\u540a-1320x1320.jpg 1320w, https:\/\/intimaform.com\/wp-content\/uploads\/2026\/01\/\u9633\u5177\u595708-\u9a6c\u540a-600x600.jpg 600w, https:\/\/intimaform.com\/wp-content\/uploads\/2026\/01\/\u9633\u5177\u595708-\u9a6c\u540a-100x100.jpg 100w, https:\/\/intimaform.com\/wp-content\/uploads\/2026\/01\/\u9633\u5177\u595708-\u9a6c\u540a.jpg 1500w\" sizes=\"(max-width: 800px) 100vw, 800px\" \/>\t\t\t\t\t\t\t\t\t\t\t\t\t\t\t<\/div>\n\t\t\t\t<\/div>\n\t\t<div class=\"elementor-element elementor-element-c7d60fd e-con-full e-flex e-con e-child\" data-id=\"c7d60fd\" data-element_type=\"container\" data-e-type=\"container\">\n\t\t\t\t<div class=\"elementor-element elementor-element-be1e99c elementor-widget elementor-widget-image\" data-id=\"be1e99c\" data-element_type=\"widget\" data-e-type=\"widget\" data-widget_type=\"image.default\">\n\t\t\t\t\t\t\t\t\t\t\t\t\t\t\t<img loading=\"lazy\" decoding=\"async\" width=\"800\" height=\"818\" src=\"https:\/\/intimaform.com\/wp-content\/uploads\/2026\/01\/\u9633\u5177\u595709-\u7a74\u53e3.jpg\" class=\"attachment-large size-large wp-image-502\" alt=\"\" srcset=\"https:\/\/intimaform.com\/wp-content\/uploads\/2026\/01\/\u9633\u5177\u595709-\u7a74\u53e3.jpg 959w, https:\/\/intimaform.com\/wp-content\/uploads\/2026\/01\/\u9633\u5177\u595709-\u7a74\u53e3-294x300.jpg 294w, https:\/\/intimaform.com\/wp-content\/uploads\/2026\/01\/\u9633\u5177\u595709-\u7a74\u53e3-768x785.jpg 768w, https:\/\/intimaform.com\/wp-content\/uploads\/2026\/01\/\u9633\u5177\u595709-\u7a74\u53e3-600x613.jpg 600w\" sizes=\"(max-width: 800px) 100vw, 800px\" \/>\t\t\t\t\t\t\t\t\t\t\t\t\t\t\t<\/div>\n\t\t\t\t<\/div>\n\t\t<div class=\"elementor-element elementor-element-f380d97 e-con-full e-flex e-con e-child\" data-id=\"f380d97\" data-element_type=\"container\" data-e-type=\"container\">\n\t\t\t\t<div class=\"elementor-element elementor-element-017431c elementor-widget elementor-widget-image\" data-id=\"017431c\" data-element_type=\"widget\" data-e-type=\"widget\" data-widget_type=\"image.default\">\n\t\t\t\t\t\t\t\t\t\t\t\t\t\t\t<img loading=\"lazy\" decoding=\"async\" width=\"800\" height=\"790\" src=\"https:\/\/intimaform.com\/wp-content\/uploads\/2026\/01\/\u9633\u5177\u595710-\u7ae0\u9c7c\u89e6\u624b\u8d28\u611f.jpg\" class=\"attachment-large size-large wp-image-501\" alt=\"\" srcset=\"https:\/\/intimaform.com\/wp-content\/uploads\/2026\/01\/\u9633\u5177\u595710-\u7ae0\u9c7c\u89e6\u624b\u8d28\u611f.jpg 823w, https:\/\/intimaform.com\/wp-content\/uploads\/2026\/01\/\u9633\u5177\u595710-\u7ae0\u9c7c\u89e6\u624b\u8d28\u611f-300x296.jpg 300w, https:\/\/intimaform.com\/wp-content\/uploads\/2026\/01\/\u9633\u5177\u595710-\u7ae0\u9c7c\u89e6\u624b\u8d28\u611f-768x759.jpg 768w, https:\/\/intimaform.com\/wp-content\/uploads\/2026\/01\/\u9633\u5177\u595710-\u7ae0\u9c7c\u89e6\u624b\u8d28\u611f-600x593.jpg 600w, https:\/\/intimaform.com\/wp-content\/uploads\/2026\/01\/\u9633\u5177\u595710-\u7ae0\u9c7c\u89e6\u624b\u8d28\u611f-100x100.jpg 100w\" sizes=\"(max-width: 800px) 100vw, 800px\" \/>\t\t\t\t\t\t\t\t\t\t\t\t\t\t\t<\/div>\n\t\t\t\t<\/div>\n\t\t\t\t\t<\/div>\n\t\t\t\t<\/div>\n\t\t<div class=\"elementor-element elementor-element-a434a3d e-flex e-con-boxed e-con e-parent\" data-id=\"a434a3d\" data-element_type=\"container\" data-e-type=\"container\">\n\t\t\t\t\t<div class=\"e-con-inner\">\n\t\t\t\t<div class=\"elementor-element elementor-element-2067d23 elementor-widget elementor-widget-text-editor\" data-id=\"2067d23\" data-element_type=\"widget\" data-e-type=\"widget\" data-widget_type=\"text-editor.default\">\n\t\t\t\t\t\t\t\t\t<ul><li><div><strong>Dise\u00f1o personalizado de doble cara<\/strong><div>\u00a0<\/div><div>Contornos externos y texturas internas totalmente personalizables para fundas\/manguitos extensibles para el pene, perfectamente adaptados a sus requisitos de dise\u00f1o exclusivos.<\/div><div>\u00a0<\/div><\/div><\/li><li><div><strong>Recomendaci\u00f3n de color optimizada<\/strong><div>\u00a0<\/div>Se recomienda un esquema monocolor para los productos con el fin de garantizar la coherencia crom\u00e1tica y una presentaci\u00f3n visual de mayor calidad.<\/div><div>\u00a0<\/div><\/li><li><div><strong>Materiales seguros para el cuerpo y de alta elasticidad<\/strong><div>\u00a0<\/div>Fabricado con materiales no t\u00f3xicos, respetuosos con la piel y de excelente elasticidad, que garantizan un ajuste c\u00f3modo y la m\u00e1xima seguridad para el uso \u00edntimo.<\/div><div>\u00a0<\/div><\/li><li><div><strong>Apoyo a la certificaci\u00f3n de muestras personalizadas<\/strong><div>\u00a0<\/div>Se pueden proporcionar las certificaciones de seguridad de producto pertinentes para muestras personalizadas con el fin de satisfacer sus necesidades de acceso al mercado y verificaci\u00f3n de la calidad.<\/div><\/li><li><div><strong>Pruebas de elasticidad y durabilidad<\/strong>Se realizan pruebas de elasticidad y evaluaciones de durabilidad en todas las muestras personalizadas para garantizar que el rendimiento del producto cumple las especificaciones de dise\u00f1o.<\/div><\/li><\/ul>\t\t\t\t\t\t\t\t<\/div>\n\t\t\t\t\t<\/div>\n\t\t\t\t<\/div>\n\t\t\t\t<\/div>","protected":false},"excerpt":{"rendered":"<p>Dual-Side Custom Design\u00a0Fully customizable external contours and internal textures for penis sleeves\/extension sleeves, perfectly tailored to your exclusive design requirements.\u00a0 Optimized Color Recommendation\u00a0Single-color scheme is recommended for the products to ensure color consistency and a more premium visual presentation.\u00a0 Body-Safe &amp; High-Elasticity Materials\u00a0Crafted from non-toxic, skin-friendly materials with excellent elasticity, ensuring a comfortable fit and [&hellip;]<\/p>","protected":false},"author":1,"featured_media":0,"parent":402,"menu_order":0,"comment_status":"closed","ping_status":"closed","template":"","meta":{"_acf_changed":false,"footnotes":""},"class_list":["post-499","page","type-page","status-publish","hentry"],"acf":[],"jetpack_sharing_enabled":true,"_links":{"self":[{"href":"https:\/\/intimaform.com\/es\/wp-json\/wp\/v2\/pages\/499","targetHints":{"allow":["GET"]}}],"collection":[{"href":"https:\/\/intimaform.com\/es\/wp-json\/wp\/v2\/pages"}],"about":[{"href":"https:\/\/intimaform.com\/es\/wp-json\/wp\/v2\/types\/page"}],"author":[{"embeddable":true,"href":"https:\/\/intimaform.com\/es\/wp-json\/wp\/v2\/users\/1"}],"replies":[{"embeddable":true,"href":"https:\/\/intimaform.com\/es\/wp-json\/wp\/v2\/comments?post=499"}],"version-history":[{"count":4,"href":"https:\/\/intimaform.com\/es\/wp-json\/wp\/v2\/pages\/499\/revisions"}],"predecessor-version":[{"id":513,"href":"https:\/\/intimaform.com\/es\/wp-json\/wp\/v2\/pages\/499\/revisions\/513"}],"up":[{"embeddable":true,"href":"https:\/\/intimaform.com\/es\/wp-json\/wp\/v2\/pages\/402"}],"wp:attachment":[{"href":"https:\/\/intimaform.com\/es\/wp-json\/wp\/v2\/media?parent=499"}],"curies":[{"name":"wp","href":"https:\/\/api.w.org\/{rel}","templated":true}]}}