{"id":352,"date":"2026-01-04T22:34:24","date_gmt":"2026-01-04T14:34:24","guid":{"rendered":"https:\/\/intimaform.com\/?page_id=352"},"modified":"2026-01-21T16:04:54","modified_gmt":"2026-01-21T08:04:54","slug":"current-molds","status":"publish","type":"page","link":"https:\/\/intimaform.com\/es\/current-molds\/","title":{"rendered":"Moldes actuales"},"content":{"rendered":"<div data-elementor-type=\"wp-page\" data-elementor-id=\"352\" class=\"elementor elementor-352\" data-elementor-post-type=\"page\">\n\t\t\t\t<div class=\"elementor-element elementor-element-db2c3c4 e-flex e-con-boxed e-con e-parent\" data-id=\"db2c3c4\" data-element_type=\"container\" data-e-type=\"container\">\n\t\t\t\t\t<div class=\"e-con-inner\">\n\t\t\t\t<div class=\"elementor-element elementor-element-47d874d elementor-widget elementor-widget-text-editor\" data-id=\"47d874d\" data-element_type=\"widget\" data-e-type=\"widget\" data-widget_type=\"text-editor.default\">\n\t\t\t\t\t\t\t\t\t<h1><strong>Moldes actuales<\/strong><\/h1><h2><strong>Modelos listos para personalizar | Plazo de entrega: 7-10 d\u00edas | Material del n\u00facleo: TPE<\/strong><\/h2><div>Evite los costes de molde y reduzca el tiempo de lanzamiento: ideal para etiquetado privado, pruebas de mercado y lanzamientos r\u00e1pidos de bajo coste. Escala a OEM\/ODM completo sin problemas con un volumen creciente.<\/div><h3><strong>Muestras gratuitas y personalizaci\u00f3n ligera<\/strong><\/h3><ul><li>Muestras de evaluaci\u00f3n gratuitas<\/li><li>Opciones personalizadas: monocolor (m\u00e1s rentable; transparente extra), ajustes de material TPE\/silicona, retoques de acabado\/textura de la superficie (no se recomienda el multicolor complejo).<\/li><\/ul><h3><strong>Mejoras funcionales<\/strong><\/h3><div>A\u00f1ada m\u00f3dulos de vibraci\u00f3n o elija la alimentaci\u00f3n por pilas o recargable sin necesidad de redise\u00f1os completos.<\/div><h3><strong>Tratamiento de superficies<\/strong><\/h3><div>Acabado en polvo de talco\/almid\u00f3n para mejorar el manejo y el aspecto.<\/div><h3><strong>Envasado integral<\/strong><\/h3><div>Soluciones alineadas con la marca: cajas impresas\/de regalo est\u00e1ndar\/personalizadas, etiquetado y c\u00f3digos de barras.<\/div><h3><strong>Ideal para<\/strong><\/h3><div>Marcas blancas | Pruebas de mercado | Distribuidores r\u00e1pidos | Vendedores de comercio electr\u00f3nico preocupados por los costes<\/div><h3><strong>Principales ventajas<\/strong><\/h3><div>Sin costes de molde | Plazos de entrega cortos | Baja inversi\u00f3n inicial | Validaci\u00f3n del producto antes de la personalizaci\u00f3n completa<\/div>\t\t\t\t\t\t\t\t<\/div>\n\t\t\t\t\t<\/div>\n\t\t\t\t<\/div>\n\t\t\t\t<\/div>","protected":false},"excerpt":{"rendered":"<p>Moldes actuales Modelos listos para personalizar | Plazo de entrega: 7-10 d\u00edas | Material del n\u00facleo: TPE Evite los costes de molde y reduzca el tiempo de lanzamiento: ideal para etiquetado privado, pruebas de mercado y lanzamientos r\u00e1pidos de bajo coste. Escala a OEM\/ODM completo sin problemas con un volumen creciente. Muestras gratuitas y personalizaci\u00f3n ligera Muestras de evaluaci\u00f3n gratuitas Opciones personalizadas: monocolor (m\u00e1s rentable; transparente extra), TPE\/silicona [...]<\/p>","protected":false},"author":1,"featured_media":0,"parent":0,"menu_order":0,"comment_status":"closed","ping_status":"closed","template":"","meta":{"_acf_changed":false,"footnotes":""},"class_list":["post-352","page","type-page","status-publish","hentry"],"acf":[],"jetpack_sharing_enabled":true,"_links":{"self":[{"href":"https:\/\/intimaform.com\/es\/wp-json\/wp\/v2\/pages\/352","targetHints":{"allow":["GET"]}}],"collection":[{"href":"https:\/\/intimaform.com\/es\/wp-json\/wp\/v2\/pages"}],"about":[{"href":"https:\/\/intimaform.com\/es\/wp-json\/wp\/v2\/types\/page"}],"author":[{"embeddable":true,"href":"https:\/\/intimaform.com\/es\/wp-json\/wp\/v2\/users\/1"}],"replies":[{"embeddable":true,"href":"https:\/\/intimaform.com\/es\/wp-json\/wp\/v2\/comments?post=352"}],"version-history":[{"count":13,"href":"https:\/\/intimaform.com\/es\/wp-json\/wp\/v2\/pages\/352\/revisions"}],"predecessor-version":[{"id":884,"href":"https:\/\/intimaform.com\/es\/wp-json\/wp\/v2\/pages\/352\/revisions\/884"}],"wp:attachment":[{"href":"https:\/\/intimaform.com\/es\/wp-json\/wp\/v2\/media?parent=352"}],"curies":[{"name":"wp","href":"https:\/\/api.w.org\/{rel}","templated":true}]}}