{"id":853,"date":"2026-01-21T11:27:52","date_gmt":"2026-01-21T03:27:52","guid":{"rendered":"https:\/\/intimaform.com\/?page_id=853"},"modified":"2026-04-13T21:07:05","modified_gmt":"2026-04-13T13:07:05","slug":"new-to-if","status":"publish","type":"page","link":"https:\/\/intimaform.com\/de\/new-to-if\/","title":{"rendered":"Neu bei iF"},"content":{"rendered":"<div data-elementor-type=\"wp-page\" data-elementor-id=\"853\" class=\"elementor elementor-853\" data-elementor-post-type=\"page\">\n\t\t\t\t<div class=\"elementor-element elementor-element-1533c29 e-flex e-con-boxed e-con e-parent\" data-id=\"1533c29\" data-element_type=\"container\" data-e-type=\"container\">\n\t\t\t\t\t<div class=\"e-con-inner\">\n\t\t\t\t<div class=\"elementor-element elementor-element-7a69095 elementor-widget elementor-widget-heading\" data-id=\"7a69095\" data-element_type=\"widget\" data-e-type=\"widget\" data-widget_type=\"heading.default\">\n\t\t\t\t\t<h2 class=\"elementor-heading-title elementor-size-default\">Neu bei IntimaForm Tech?<\/h2>\t\t\t\t<\/div>\n\t\t\t\t\t<\/div>\n\t\t\t\t<\/div>\n\t\t<div class=\"elementor-element elementor-element-8f70903 e-flex e-con-boxed e-con e-parent\" data-id=\"8f70903\" data-element_type=\"container\" data-e-type=\"container\">\n\t\t\t\t\t<div class=\"e-con-inner\">\n\t\t\t\t<div class=\"elementor-element elementor-element-87db459 elementor-widget elementor-widget-image\" data-id=\"87db459\" data-element_type=\"widget\" data-e-type=\"widget\" data-widget_type=\"image.default\">\n\t\t\t\t\t\t\t\t\t\t\t\t\t\t\t<img fetchpriority=\"high\" decoding=\"async\" width=\"800\" height=\"534\" src=\"https:\/\/intimaform.com\/wp-content\/uploads\/2026\/04\/WhatsApp-\u8be6\u60c5\u9875-1024x683.jpg\" class=\"attachment-large size-large wp-image-939\" alt=\"\" srcset=\"https:\/\/intimaform.com\/wp-content\/uploads\/2026\/04\/WhatsApp-\u8be6\u60c5\u9875-1024x683.jpg 1024w, https:\/\/intimaform.com\/wp-content\/uploads\/2026\/04\/WhatsApp-\u8be6\u60c5\u9875-300x200.jpg 300w, https:\/\/intimaform.com\/wp-content\/uploads\/2026\/04\/WhatsApp-\u8be6\u60c5\u9875-768x512.jpg 768w, https:\/\/intimaform.com\/wp-content\/uploads\/2026\/04\/WhatsApp-\u8be6\u60c5\u9875-18x12.jpg 18w, https:\/\/intimaform.com\/wp-content\/uploads\/2026\/04\/WhatsApp-\u8be6\u60c5\u9875-600x400.jpg 600w, https:\/\/intimaform.com\/wp-content\/uploads\/2026\/04\/WhatsApp-\u8be6\u60c5\u9875.jpg 1248w\" sizes=\"(max-width: 800px) 100vw, 800px\" \/>\t\t\t\t\t\t\t\t\t\t\t\t\t\t\t<\/div>\n\t\t\t\t\t<\/div>\n\t\t\t\t<\/div>\n\t\t<div class=\"elementor-element elementor-element-2233b4d e-flex e-con-boxed e-con e-parent\" data-id=\"2233b4d\" data-element_type=\"container\" data-e-type=\"container\">\n\t\t\t\t\t<div class=\"e-con-inner\">\n\t\t\t\t<div class=\"elementor-element elementor-element-f637375 elementor-widget elementor-widget-text-editor\" data-id=\"f637375\" data-element_type=\"widget\" data-e-type=\"widget\" data-widget_type=\"text-editor.default\">\n\t\t\t\t\t\t\t\t\t<p data-start=\"51\" data-end=\"378\">Unter <strong data-start=\"54\" data-end=\"73\">IntimaForm Tech<\/strong>, bieten wir B2B-Spielzeug f\u00fcr Erwachsene in allen Gr\u00f6\u00dfen an, von Mini bis extragro\u00df. Unsere Kunden k\u00f6nnen sich f\u00fcr ein komplettes individuelles Design entscheiden oder aus unseren bestehenden Formen ausw\u00e4hlen, mit flexiblen Optionen f\u00fcr Gr\u00f6\u00dfe, Weichheit des Materials, Festigkeit und Farbe, was die Entwicklungszeit verk\u00fcrzt und gleichzeitig die Markenanforderungen erf\u00fcllt.<\/p><p data-start=\"380\" data-end=\"477\">Unser Ingenieurteam bietet professionelle und praktische Unterst\u00fctzung w\u00e4hrend des gesamten Entwicklungsprozesses.<\/p><p data-start=\"479\" data-end=\"566\">Nachstehend finden Sie Beispiele f\u00fcr unsere bestehenden Formen mit Referenzbildern und Gr\u00f6\u00dfenangaben.<\/p>\t\t\t\t\t\t\t\t<\/div>\n\t\t\t\t\t<\/div>\n\t\t\t\t<\/div>\n\t\t<div class=\"elementor-element elementor-element-859f7d7 e-flex e-con-boxed e-con e-parent\" data-id=\"859f7d7\" data-element_type=\"container\" data-e-type=\"container\">\n\t\t\t\t\t<div class=\"e-con-inner\">\n\t\t\t\t<div class=\"elementor-element elementor-element-bb00065 elementor-widget elementor-widget-image\" data-id=\"bb00065\" data-element_type=\"widget\" data-e-type=\"widget\" data-widget_type=\"image.default\">\n\t\t\t\t\t\t\t\t\t\t\t\t\t\t\t<img decoding=\"async\" width=\"800\" height=\"349\" src=\"https:\/\/intimaform.com\/wp-content\/uploads\/2026\/01\/\u98de\u673a\u676f1-1024x447.png\" class=\"attachment-large size-large wp-image-732\" alt=\"\" srcset=\"https:\/\/intimaform.com\/wp-content\/uploads\/2026\/01\/\u98de\u673a\u676f1-1024x447.png 1024w, https:\/\/intimaform.com\/wp-content\/uploads\/2026\/01\/\u98de\u673a\u676f1-300x131.png 300w, https:\/\/intimaform.com\/wp-content\/uploads\/2026\/01\/\u98de\u673a\u676f1-768x335.png 768w, https:\/\/intimaform.com\/wp-content\/uploads\/2026\/01\/\u98de\u673a\u676f1-1536x671.png 1536w, https:\/\/intimaform.com\/wp-content\/uploads\/2026\/01\/\u98de\u673a\u676f1-2048x894.png 2048w, https:\/\/intimaform.com\/wp-content\/uploads\/2026\/01\/\u98de\u673a\u676f1-1320x576.png 1320w, https:\/\/intimaform.com\/wp-content\/uploads\/2026\/01\/\u98de\u673a\u676f1-600x262.png 600w\" sizes=\"(max-width: 800px) 100vw, 800px\" \/>\t\t\t\t\t\t\t\t\t\t\t\t\t\t\t<\/div>\n\t\t\t\t<div class=\"elementor-element elementor-element-9a13ebd elementor-widget elementor-widget-image\" data-id=\"9a13ebd\" data-element_type=\"widget\" data-e-type=\"widget\" data-widget_type=\"image.default\">\n\t\t\t\t\t\t\t\t\t\t\t\t\t\t\t<img decoding=\"async\" width=\"800\" height=\"500\" src=\"https:\/\/intimaform.com\/wp-content\/uploads\/2026\/01\/\u98de\u673a\u676f2-scaled-e1768983168916-1024x640.png\" class=\"attachment-large size-large wp-image-731\" alt=\"\" srcset=\"https:\/\/intimaform.com\/wp-content\/uploads\/2026\/01\/\u98de\u673a\u676f2-scaled-e1768983168916-1024x640.png 1024w, https:\/\/intimaform.com\/wp-content\/uploads\/2026\/01\/\u98de\u673a\u676f2-scaled-e1768983168916-300x187.png 300w, https:\/\/intimaform.com\/wp-content\/uploads\/2026\/01\/\u98de\u673a\u676f2-scaled-e1768983168916-768x480.png 768w, https:\/\/intimaform.com\/wp-content\/uploads\/2026\/01\/\u98de\u673a\u676f2-scaled-e1768983168916-1536x959.png 1536w, https:\/\/intimaform.com\/wp-content\/uploads\/2026\/01\/\u98de\u673a\u676f2-scaled-e1768983168916-1320x825.png 1320w, https:\/\/intimaform.com\/wp-content\/uploads\/2026\/01\/\u98de\u673a\u676f2-scaled-e1768983168916-600x375.png 600w, https:\/\/intimaform.com\/wp-content\/uploads\/2026\/01\/\u98de\u673a\u676f2-scaled-e1768983168916-18x12.png 18w, https:\/\/intimaform.com\/wp-content\/uploads\/2026\/01\/\u98de\u673a\u676f2-scaled-e1768983168916.png 1673w\" sizes=\"(max-width: 800px) 100vw, 800px\" \/>\t\t\t\t\t\t\t\t\t\t\t\t\t\t\t<\/div>\n\t\t\t\t<div class=\"elementor-element elementor-element-a22dedb elementor-widget elementor-widget-image\" data-id=\"a22dedb\" data-element_type=\"widget\" data-e-type=\"widget\" data-widget_type=\"image.default\">\n\t\t\t\t\t\t\t\t\t\t\t\t\t\t\t<img loading=\"lazy\" decoding=\"async\" width=\"800\" height=\"384\" src=\"https:\/\/intimaform.com\/wp-content\/uploads\/2026\/01\/\u62c9\u73e04-1024x491.png\" class=\"attachment-large size-large wp-image-729\" alt=\"\" srcset=\"https:\/\/intimaform.com\/wp-content\/uploads\/2026\/01\/\u62c9\u73e04-1024x491.png 1024w, https:\/\/intimaform.com\/wp-content\/uploads\/2026\/01\/\u62c9\u73e04-300x144.png 300w, https:\/\/intimaform.com\/wp-content\/uploads\/2026\/01\/\u62c9\u73e04-768x368.png 768w, https:\/\/intimaform.com\/wp-content\/uploads\/2026\/01\/\u62c9\u73e04-1536x736.png 1536w, https:\/\/intimaform.com\/wp-content\/uploads\/2026\/01\/\u62c9\u73e04-2048x981.png 2048w, https:\/\/intimaform.com\/wp-content\/uploads\/2026\/01\/\u62c9\u73e04-1320x632.png 1320w, https:\/\/intimaform.com\/wp-content\/uploads\/2026\/01\/\u62c9\u73e04-600x287.png 600w\" sizes=\"(max-width: 800px) 100vw, 800px\" \/>\t\t\t\t\t\t\t\t\t\t\t\t\t\t\t<\/div>\n\t\t\t\t<div class=\"elementor-element elementor-element-cf8e0b6 elementor-widget elementor-widget-image\" data-id=\"cf8e0b6\" data-element_type=\"widget\" data-e-type=\"widget\" data-widget_type=\"image.default\">\n\t\t\t\t\t\t\t\t\t\t\t\t\t\t\t<img loading=\"lazy\" decoding=\"async\" width=\"800\" height=\"384\" src=\"https:\/\/intimaform.com\/wp-content\/uploads\/2026\/01\/\u9501\u7cbe\u73af5-1024x491.png\" class=\"attachment-large size-large wp-image-728\" alt=\"\" srcset=\"https:\/\/intimaform.com\/wp-content\/uploads\/2026\/01\/\u9501\u7cbe\u73af5-1024x491.png 1024w, https:\/\/intimaform.com\/wp-content\/uploads\/2026\/01\/\u9501\u7cbe\u73af5-300x144.png 300w, https:\/\/intimaform.com\/wp-content\/uploads\/2026\/01\/\u9501\u7cbe\u73af5-768x368.png 768w, https:\/\/intimaform.com\/wp-content\/uploads\/2026\/01\/\u9501\u7cbe\u73af5-1536x736.png 1536w, https:\/\/intimaform.com\/wp-content\/uploads\/2026\/01\/\u9501\u7cbe\u73af5-2048x981.png 2048w, https:\/\/intimaform.com\/wp-content\/uploads\/2026\/01\/\u9501\u7cbe\u73af5-1320x632.png 1320w, https:\/\/intimaform.com\/wp-content\/uploads\/2026\/01\/\u9501\u7cbe\u73af5-600x287.png 600w\" sizes=\"(max-width: 800px) 100vw, 800px\" \/>\t\t\t\t\t\t\t\t\t\t\t\t\t\t\t<\/div>\n\t\t\t\t\t<\/div>\n\t\t\t\t<\/div>\n\t\t<div class=\"elementor-element elementor-element-bf891c8 e-flex e-con-boxed e-con e-parent\" data-id=\"bf891c8\" data-element_type=\"container\" data-e-type=\"container\">\n\t\t\t\t\t<div class=\"e-con-inner\">\n\t\t\t\t<div class=\"elementor-element elementor-element-30bf6f3 elementor-widget elementor-widget-image\" data-id=\"30bf6f3\" data-element_type=\"widget\" data-e-type=\"widget\" data-widget_type=\"image.default\">\n\t\t\t\t\t\t\t\t\t\t\t\t\t\t\t<img loading=\"lazy\" decoding=\"async\" width=\"800\" height=\"455\" src=\"https:\/\/intimaform.com\/wp-content\/uploads\/2026\/01\/\u52a9\u52c3\u56686-1024x583.png\" class=\"attachment-large size-large wp-image-727\" alt=\"\" srcset=\"https:\/\/intimaform.com\/wp-content\/uploads\/2026\/01\/\u52a9\u52c3\u56686-1024x583.png 1024w, https:\/\/intimaform.com\/wp-content\/uploads\/2026\/01\/\u52a9\u52c3\u56686-300x171.png 300w, https:\/\/intimaform.com\/wp-content\/uploads\/2026\/01\/\u52a9\u52c3\u56686-768x437.png 768w, https:\/\/intimaform.com\/wp-content\/uploads\/2026\/01\/\u52a9\u52c3\u56686-1536x875.png 1536w, https:\/\/intimaform.com\/wp-content\/uploads\/2026\/01\/\u52a9\u52c3\u56686-2048x1166.png 2048w, https:\/\/intimaform.com\/wp-content\/uploads\/2026\/01\/\u52a9\u52c3\u56686-1320x752.png 1320w, https:\/\/intimaform.com\/wp-content\/uploads\/2026\/01\/\u52a9\u52c3\u56686-600x342.png 600w\" sizes=\"(max-width: 800px) 100vw, 800px\" \/>\t\t\t\t\t\t\t\t\t\t\t\t\t\t\t<\/div>\n\t\t\t\t\t<\/div>\n\t\t\t\t<\/div>\n\t\t<div class=\"elementor-element elementor-element-06b0b6b e-flex e-con-boxed e-con e-parent\" data-id=\"06b0b6b\" data-element_type=\"container\" data-e-type=\"container\">\n\t\t\t\t\t<div class=\"e-con-inner\">\n\t\t\t\t<div class=\"elementor-element elementor-element-06a1f5b elementor-widget elementor-widget-text-editor\" data-id=\"06a1f5b\" data-element_type=\"widget\" data-e-type=\"widget\" data-widget_type=\"text-editor.default\">\n\t\t\t\t\t\t\t\t\t<p><strong data-start=\"687\" data-end=\"696\">Anmerkung:<\/strong> Die gezeigten Abmessungen sind nur indikativ und stellen keine endg\u00fcltigen Spezifikationen dar. Die tats\u00e4chliche Gr\u00f6\u00dfe und Struktur wird auf der Grundlage des vom Kunden genehmigten Entwurfs festgelegt.<\/p>\t\t\t\t\t\t\t\t<\/div>\n\t\t\t\t\t<\/div>\n\t\t\t\t<\/div>\n\t\t<div class=\"elementor-element elementor-element-ed911d9 e-flex e-con-boxed e-con e-parent\" data-id=\"ed911d9\" data-element_type=\"container\" data-e-type=\"container\">\n\t\t\t\t\t<div class=\"e-con-inner\">\n\t\t<div class=\"elementor-element elementor-element-a5e6727 e-con-full e-flex e-con e-child\" data-id=\"a5e6727\" data-element_type=\"container\" data-e-type=\"container\">\n\t\t\t\t<div class=\"elementor-element elementor-element-1f6417f elementor-shape-rounded elementor-grid-0 e-grid-align-center elementor-widget elementor-widget-social-icons\" data-id=\"1f6417f\" data-element_type=\"widget\" data-e-type=\"widget\" data-widget_type=\"social-icons.default\">\n\t\t\t\t\t\t\t<div class=\"elementor-social-icons-wrapper elementor-grid\" role=\"list\">\n\t\t\t\t\t\t\t<span class=\"elementor-grid-item\" role=\"listitem\">\n\t\t\t\t\t<a class=\"elementor-icon elementor-social-icon elementor-social-icon-facebook elementor-repeater-item-ae56ac6\" href=\"https:\/\/www.facebook.com\/profile.php?id=61584942204718\" target=\"_blank\">\n\t\t\t\t\t\t<span class=\"elementor-screen-only\">Facebook<\/span>\n\t\t\t\t\t\t<svg aria-hidden=\"true\" class=\"e-font-icon-svg e-fab-facebook\" viewbox=\"0 0 512 512\" xmlns=\"http:\/\/www.w3.org\/2000\/svg\"><path d=\"M504 256C504 119 393 8 256 8S8 119 8 256c0 123.78 90.69 226.38 209.25 245V327.69h-63V256h63v-54.64c0-62.15 37-96.48 93.67-96.48 27.14 0 55.52 4.84 55.52 4.84v61h-31.28c-30.8 0-40.41 19.12-40.41 38.73V256h68.78l-11 71.69h-57.78V501C413.31 482.38 504 379.78 504 256z\"><\/path><\/svg>\t\t\t\t\t<\/a>\n\t\t\t\t<\/span>\n\t\t\t\t\t\t\t<span class=\"elementor-grid-item\" role=\"listitem\">\n\t\t\t\t\t<a class=\"elementor-icon elementor-social-icon elementor-social-icon-twitter elementor-repeater-item-e554a64\" href=\"https:\/\/x.com\/intimaform\" target=\"_blank\">\n\t\t\t\t\t\t<span class=\"elementor-screen-only\">Twitter<\/span>\n\t\t\t\t\t\t<svg aria-hidden=\"true\" class=\"e-font-icon-svg e-fab-twitter\" viewbox=\"0 0 512 512\" xmlns=\"http:\/\/www.w3.org\/2000\/svg\"><path d=\"M459.37 151.716c.325 4.548.325 9.097.325 13.645 0 138.72-105.583 298.558-298.558 298.558-59.452 0-114.68-17.219-161.137-47.106 8.447.974 16.568 1.299 25.34 1.299 49.055 0 94.213-16.568 130.274-44.832-46.132-.975-84.792-31.188-98.112-72.772 6.498.974 12.995 1.624 19.818 1.624 9.421 0 18.843-1.3 27.614-3.573-48.081-9.747-84.143-51.98-84.143-102.985v-1.299c13.969 7.797 30.214 12.67 47.431 13.319-28.264-18.843-46.781-51.005-46.781-87.391 0-19.492 5.197-37.36 14.294-52.954 51.655 63.675 129.3 105.258 216.365 109.807-1.624-7.797-2.599-15.918-2.599-24.04 0-57.828 46.782-104.934 104.934-104.934 30.213 0 57.502 12.67 76.67 33.137 23.715-4.548 46.456-13.32 66.599-25.34-7.798 24.366-24.366 44.833-46.132 57.827 21.117-2.273 41.584-8.122 60.426-16.243-14.292 20.791-32.161 39.308-52.628 54.253z\"><\/path><\/svg>\t\t\t\t\t<\/a>\n\t\t\t\t<\/span>\n\t\t\t\t\t\t\t<span class=\"elementor-grid-item\" role=\"listitem\">\n\t\t\t\t\t<a class=\"elementor-icon elementor-social-icon elementor-social-icon-instagram elementor-repeater-item-54d77a6\" href=\"https:\/\/www.instagram.com\/intimaform\/\" target=\"_blank\">\n\t\t\t\t\t\t<span class=\"elementor-screen-only\">Instagram<\/span>\n\t\t\t\t\t\t<svg aria-hidden=\"true\" class=\"e-font-icon-svg e-fab-instagram\" viewbox=\"0 0 448 512\" xmlns=\"http:\/\/www.w3.org\/2000\/svg\"><path d=\"M224.1 141c-63.6 0-114.9 51.3-114.9 114.9s51.3 114.9 114.9 114.9S339 319.5 339 255.9 287.7 141 224.1 141zm0 189.6c-41.1 0-74.7-33.5-74.7-74.7s33.5-74.7 74.7-74.7 74.7 33.5 74.7 74.7-33.6 74.7-74.7 74.7zm146.4-194.3c0 14.9-12 26.8-26.8 26.8-14.9 0-26.8-12-26.8-26.8s12-26.8 26.8-26.8 26.8 12 26.8 26.8zm76.1 27.2c-1.7-35.9-9.9-67.7-36.2-93.9-26.2-26.2-58-34.4-93.9-36.2-37-2.1-147.9-2.1-184.9 0-35.8 1.7-67.6 9.9-93.9 36.1s-34.4 58-36.2 93.9c-2.1 37-2.1 147.9 0 184.9 1.7 35.9 9.9 67.7 36.2 93.9s58 34.4 93.9 36.2c37 2.1 147.9 2.1 184.9 0 35.9-1.7 67.7-9.9 93.9-36.2 26.2-26.2 34.4-58 36.2-93.9 2.1-37 2.1-147.8 0-184.8zM398.8 388c-7.8 19.6-22.9 34.7-42.6 42.6-29.5 11.7-99.5 9-132.1 9s-102.7 2.6-132.1-9c-19.6-7.8-34.7-22.9-42.6-42.6-11.7-29.5-9-99.5-9-132.1s-2.6-102.7 9-132.1c7.8-19.6 22.9-34.7 42.6-42.6 29.5-11.7 99.5-9 132.1-9s102.7-2.6 132.1 9c19.6 7.8 34.7 22.9 42.6 42.6 11.7 29.5 9 99.5 9 132.1s2.7 102.7-9 132.1z\"><\/path><\/svg>\t\t\t\t\t<\/a>\n\t\t\t\t<\/span>\n\t\t\t\t\t\t\t<span class=\"elementor-grid-item\" role=\"listitem\">\n\t\t\t\t\t<a class=\"elementor-icon elementor-social-icon elementor-social-icon-pinterest elementor-repeater-item-6e207ef\" href=\"https:\/\/pin.it\/2gOMG8BNS\" target=\"_blank\">\n\t\t\t\t\t\t<span class=\"elementor-screen-only\">Pinterest<\/span>\n\t\t\t\t\t\t<svg aria-hidden=\"true\" class=\"e-font-icon-svg e-fab-pinterest\" viewbox=\"0 0 496 512\" xmlns=\"http:\/\/www.w3.org\/2000\/svg\"><path d=\"M496 256c0 137-111 248-248 248-25.6 0-50.2-3.9-73.4-11.1 10.1-16.5 25.2-43.5 30.8-65 3-11.6 15.4-59 15.4-59 8.1 15.4 31.7 28.5 56.8 28.5 74.8 0 128.7-68.8 128.7-154.3 0-81.9-66.9-143.2-152.9-143.2-107 0-163.9 71.8-163.9 150.1 0 36.4 19.4 81.7 50.3 96.1 4.7 2.2 7.2 1.2 8.3-3.3.8-3.4 5-20.3 6.9-28.1.6-2.5.3-4.7-1.7-7.1-10.1-12.5-18.3-35.3-18.3-56.6 0-54.7 41.4-107.6 112-107.6 60.9 0 103.6 41.5 103.6 100.9 0 67.1-33.9 113.6-78 113.6-24.3 0-42.6-20.1-36.7-44.8 7-29.5 20.5-61.3 20.5-82.6 0-19-10.2-34.9-31.4-34.9-24.9 0-44.9 25.7-44.9 60.2 0 22 7.4 36.8 7.4 36.8s-24.5 103.8-29 123.2c-5 21.4-3 51.6-.9 71.2C65.4 450.9 0 361.1 0 256 0 119 111 8 248 8s248 111 248 248z\"><\/path><\/svg>\t\t\t\t\t<\/a>\n\t\t\t\t<\/span>\n\t\t\t\t\t<\/div>\n\t\t\t\t\t\t<\/div>\n\t\t\t\t<\/div>\n\t\t<div class=\"elementor-element elementor-element-9dfb138 e-con-full e-flex e-con e-child\" data-id=\"9dfb138\" data-element_type=\"container\" data-e-type=\"container\">\n\t\t\t\t<div class=\"elementor-element elementor-element-6f4fd49 elementor-widget elementor-widget-text-editor\" data-id=\"6f4fd49\" data-element_type=\"widget\" data-e-type=\"widget\" data-widget_type=\"text-editor.default\">\n\t\t\t\t\t\t\t\t\t<p>Kontakt Max: maxli@intimaform.com<\/p><p>Kontakt April: april@intimaform.com<\/p><p>Ihre Anfrage wird innerhalb von 24 Stunden beantwortet.<\/p>\t\t\t\t\t\t\t\t<\/div>\n\t\t\t\t<\/div>\n\t\t\t\t\t<\/div>\n\t\t\t\t<\/div>\n\t\t\t\t<\/div>","protected":false},"excerpt":{"rendered":"<p>New to IntimaForm Tech? At IntimaForm Tech, we offer B2B adult toy customization across a full range of sizes, from mini to extra-large. Clients may choose full custom designs or select from our existing molds, with flexible options for size, material softness, firmness, and color\u2014helping reduce development time while meeting brand requirements. Our engineering team [&hellip;]<\/p>","protected":false},"author":1,"featured_media":0,"parent":0,"menu_order":0,"comment_status":"closed","ping_status":"closed","template":"","meta":{"_acf_changed":false,"footnotes":""},"class_list":["post-853","page","type-page","status-publish","hentry"],"acf":[],"jetpack_sharing_enabled":true,"_links":{"self":[{"href":"https:\/\/intimaform.com\/de\/wp-json\/wp\/v2\/pages\/853","targetHints":{"allow":["GET"]}}],"collection":[{"href":"https:\/\/intimaform.com\/de\/wp-json\/wp\/v2\/pages"}],"about":[{"href":"https:\/\/intimaform.com\/de\/wp-json\/wp\/v2\/types\/page"}],"author":[{"embeddable":true,"href":"https:\/\/intimaform.com\/de\/wp-json\/wp\/v2\/users\/1"}],"replies":[{"embeddable":true,"href":"https:\/\/intimaform.com\/de\/wp-json\/wp\/v2\/comments?post=853"}],"version-history":[{"count":19,"href":"https:\/\/intimaform.com\/de\/wp-json\/wp\/v2\/pages\/853\/revisions"}],"predecessor-version":[{"id":950,"href":"https:\/\/intimaform.com\/de\/wp-json\/wp\/v2\/pages\/853\/revisions\/950"}],"wp:attachment":[{"href":"https:\/\/intimaform.com\/de\/wp-json\/wp\/v2\/media?parent=853"}],"curies":[{"name":"wp","href":"https:\/\/api.w.org\/{rel}","templated":true}]}}