{"id":479,"date":"2026-01-08T21:39:05","date_gmt":"2026-01-08T13:39:05","guid":{"rendered":"https:\/\/intimaform.com\/?page_id=479"},"modified":"2026-01-08T22:33:49","modified_gmt":"2026-01-08T14:33:49","slug":"current-anal-beads","status":"publish","type":"page","link":"https:\/\/intimaform.com\/de\/custom-your-toys\/current-anal-beads\/","title":{"rendered":"Individuelle Analperlen"},"content":{"rendered":"<div data-elementor-type=\"wp-page\" data-elementor-id=\"479\" class=\"elementor elementor-479\" data-elementor-post-type=\"page\">\n\t\t\t\t<div class=\"elementor-element elementor-element-005927a e-flex e-con-boxed e-con e-parent\" data-id=\"005927a\" data-element_type=\"container\" data-e-type=\"container\">\n\t\t\t\t\t<div class=\"e-con-inner\">\n\t\t<div class=\"elementor-element elementor-element-85b5ba7 e-con-full e-flex e-con e-child\" data-id=\"85b5ba7\" data-element_type=\"container\" data-e-type=\"container\">\n\t\t\t\t<div class=\"elementor-element elementor-element-88d0130 elementor-widget elementor-widget-image\" data-id=\"88d0130\" data-element_type=\"widget\" data-e-type=\"widget\" data-widget_type=\"image.default\">\n\t\t\t\t\t\t\t\t\t\t\t\t\t\t\t<img fetchpriority=\"high\" decoding=\"async\" width=\"800\" height=\"813\" src=\"https:\/\/intimaform.com\/wp-content\/uploads\/2026\/01\/\u53cc\u5934\u9f99\u900f\u660e\u84dd\u8272-\u725b\u548c\u62c9\u73e006-1-1008x1024.jpg\" class=\"attachment-large size-large wp-image-495\" alt=\"\" srcset=\"https:\/\/intimaform.com\/wp-content\/uploads\/2026\/01\/\u53cc\u5934\u9f99\u900f\u660e\u84dd\u8272-\u725b\u548c\u62c9\u73e006-1-1008x1024.jpg 1008w, https:\/\/intimaform.com\/wp-content\/uploads\/2026\/01\/\u53cc\u5934\u9f99\u900f\u660e\u84dd\u8272-\u725b\u548c\u62c9\u73e006-1-295x300.jpg 295w, https:\/\/intimaform.com\/wp-content\/uploads\/2026\/01\/\u53cc\u5934\u9f99\u900f\u660e\u84dd\u8272-\u725b\u548c\u62c9\u73e006-1-768x780.jpg 768w, https:\/\/intimaform.com\/wp-content\/uploads\/2026\/01\/\u53cc\u5934\u9f99\u900f\u660e\u84dd\u8272-\u725b\u548c\u62c9\u73e006-1-1320x1341.jpg 1320w, https:\/\/intimaform.com\/wp-content\/uploads\/2026\/01\/\u53cc\u5934\u9f99\u900f\u660e\u84dd\u8272-\u725b\u548c\u62c9\u73e006-1-600x609.jpg 600w, https:\/\/intimaform.com\/wp-content\/uploads\/2026\/01\/\u53cc\u5934\u9f99\u900f\u660e\u84dd\u8272-\u725b\u548c\u62c9\u73e006-1.jpg 1463w\" sizes=\"(max-width: 800px) 100vw, 800px\" \/>\t\t\t\t\t\t\t\t\t\t\t\t\t\t\t<\/div>\n\t\t\t\t<\/div>\n\t\t<div class=\"elementor-element elementor-element-f832e2f e-con-full e-flex e-con e-child\" data-id=\"f832e2f\" data-element_type=\"container\" data-e-type=\"container\">\n\t\t\t\t<div class=\"elementor-element elementor-element-c8f3b7f elementor-widget elementor-widget-image\" data-id=\"c8f3b7f\" data-element_type=\"widget\" data-e-type=\"widget\" data-widget_type=\"image.default\">\n\t\t\t\t\t\t\t\t\t\t\t\t\t\t\t<img decoding=\"async\" width=\"800\" height=\"508\" src=\"https:\/\/intimaform.com\/wp-content\/uploads\/2026\/01\/\u62c9\u73e003-\u73af\u7ed5\u5728\u4e01\u4e01\u4e0a-1024x650.jpg\" class=\"attachment-large size-large wp-image-492\" alt=\"\" srcset=\"https:\/\/intimaform.com\/wp-content\/uploads\/2026\/01\/\u62c9\u73e003-\u73af\u7ed5\u5728\u4e01\u4e01\u4e0a-1024x650.jpg 1024w, https:\/\/intimaform.com\/wp-content\/uploads\/2026\/01\/\u62c9\u73e003-\u73af\u7ed5\u5728\u4e01\u4e01\u4e0a-300x190.jpg 300w, https:\/\/intimaform.com\/wp-content\/uploads\/2026\/01\/\u62c9\u73e003-\u73af\u7ed5\u5728\u4e01\u4e01\u4e0a-768x487.jpg 768w, https:\/\/intimaform.com\/wp-content\/uploads\/2026\/01\/\u62c9\u73e003-\u73af\u7ed5\u5728\u4e01\u4e01\u4e0a-600x381.jpg 600w, https:\/\/intimaform.com\/wp-content\/uploads\/2026\/01\/\u62c9\u73e003-\u73af\u7ed5\u5728\u4e01\u4e01\u4e0a.jpg 1144w\" sizes=\"(max-width: 800px) 100vw, 800px\" \/>\t\t\t\t\t\t\t\t\t\t\t\t\t\t\t<\/div>\n\t\t\t\t<\/div>\n\t\t<div class=\"elementor-element elementor-element-2ac0cca e-con-full e-flex e-con e-child\" data-id=\"2ac0cca\" data-element_type=\"container\" data-e-type=\"container\">\n\t\t\t\t<div class=\"elementor-element elementor-element-5472893 elementor-widget elementor-widget-image\" data-id=\"5472893\" data-element_type=\"widget\" data-e-type=\"widget\" data-widget_type=\"image.default\">\n\t\t\t\t\t\t\t\t\t\t\t\t\t\t\t<img decoding=\"async\" width=\"800\" height=\"810\" src=\"https:\/\/intimaform.com\/wp-content\/uploads\/2026\/01\/\u62c9\u73e006-\u4e09\u6b3e\u6811\u578b-1011x1024.jpg\" class=\"attachment-large size-large wp-image-489\" alt=\"\" srcset=\"https:\/\/intimaform.com\/wp-content\/uploads\/2026\/01\/\u62c9\u73e006-\u4e09\u6b3e\u6811\u578b-1011x1024.jpg 1011w, https:\/\/intimaform.com\/wp-content\/uploads\/2026\/01\/\u62c9\u73e006-\u4e09\u6b3e\u6811\u578b-296x300.jpg 296w, https:\/\/intimaform.com\/wp-content\/uploads\/2026\/01\/\u62c9\u73e006-\u4e09\u6b3e\u6811\u578b-768x778.jpg 768w, https:\/\/intimaform.com\/wp-content\/uploads\/2026\/01\/\u62c9\u73e006-\u4e09\u6b3e\u6811\u578b-1320x1337.jpg 1320w, https:\/\/intimaform.com\/wp-content\/uploads\/2026\/01\/\u62c9\u73e006-\u4e09\u6b3e\u6811\u578b-600x608.jpg 600w, https:\/\/intimaform.com\/wp-content\/uploads\/2026\/01\/\u62c9\u73e006-\u4e09\u6b3e\u6811\u578b-100x100.jpg 100w, https:\/\/intimaform.com\/wp-content\/uploads\/2026\/01\/\u62c9\u73e006-\u4e09\u6b3e\u6811\u578b.jpg 1481w\" sizes=\"(max-width: 800px) 100vw, 800px\" \/>\t\t\t\t\t\t\t\t\t\t\t\t\t\t\t<\/div>\n\t\t\t\t<\/div>\n\t\t<div class=\"elementor-element elementor-element-cabb803 e-con-full e-flex e-con e-child\" data-id=\"cabb803\" data-element_type=\"container\" data-e-type=\"container\">\n\t\t\t\t<div class=\"elementor-element elementor-element-997bbdc elementor-widget elementor-widget-image\" data-id=\"997bbdc\" data-element_type=\"widget\" data-e-type=\"widget\" data-widget_type=\"image.default\">\n\t\t\t\t\t\t\t\t\t\t\t\t\t\t\t<img loading=\"lazy\" decoding=\"async\" width=\"800\" height=\"863\" src=\"https:\/\/intimaform.com\/wp-content\/uploads\/2026\/01\/\u62c9\u73e001-\u7c89\u8272-949x1024.jpg\" class=\"attachment-large size-large wp-image-494\" alt=\"\" srcset=\"https:\/\/intimaform.com\/wp-content\/uploads\/2026\/01\/\u62c9\u73e001-\u7c89\u8272-949x1024.jpg 949w, https:\/\/intimaform.com\/wp-content\/uploads\/2026\/01\/\u62c9\u73e001-\u7c89\u8272-278x300.jpg 278w, https:\/\/intimaform.com\/wp-content\/uploads\/2026\/01\/\u62c9\u73e001-\u7c89\u8272-768x829.jpg 768w, https:\/\/intimaform.com\/wp-content\/uploads\/2026\/01\/\u62c9\u73e001-\u7c89\u8272-1320x1425.jpg 1320w, https:\/\/intimaform.com\/wp-content\/uploads\/2026\/01\/\u62c9\u73e001-\u7c89\u8272-600x648.jpg 600w, https:\/\/intimaform.com\/wp-content\/uploads\/2026\/01\/\u62c9\u73e001-\u7c89\u8272.jpg 1361w\" sizes=\"(max-width: 800px) 100vw, 800px\" \/>\t\t\t\t\t\t\t\t\t\t\t\t\t\t\t<\/div>\n\t\t\t\t<\/div>\n\t\t<div class=\"elementor-element elementor-element-6f4c851 e-con-full e-flex e-con e-child\" data-id=\"6f4c851\" data-element_type=\"container\" data-e-type=\"container\">\n\t\t\t\t<div class=\"elementor-element elementor-element-ddeaeaa elementor-widget elementor-widget-image\" data-id=\"ddeaeaa\" data-element_type=\"widget\" data-e-type=\"widget\" data-widget_type=\"image.default\">\n\t\t\t\t\t\t\t\t\t\t\t\t\t\t\t<img loading=\"lazy\" decoding=\"async\" width=\"800\" height=\"840\" src=\"https:\/\/intimaform.com\/wp-content\/uploads\/2026\/01\/\u62c9\u73e002-\u4e09\u4e2a-975x1024.jpg\" class=\"attachment-large size-large wp-image-493\" alt=\"\" srcset=\"https:\/\/intimaform.com\/wp-content\/uploads\/2026\/01\/\u62c9\u73e002-\u4e09\u4e2a-975x1024.jpg 975w, https:\/\/intimaform.com\/wp-content\/uploads\/2026\/01\/\u62c9\u73e002-\u4e09\u4e2a-286x300.jpg 286w, https:\/\/intimaform.com\/wp-content\/uploads\/2026\/01\/\u62c9\u73e002-\u4e09\u4e2a-768x806.jpg 768w, https:\/\/intimaform.com\/wp-content\/uploads\/2026\/01\/\u62c9\u73e002-\u4e09\u4e2a-600x630.jpg 600w, https:\/\/intimaform.com\/wp-content\/uploads\/2026\/01\/\u62c9\u73e002-\u4e09\u4e2a.jpg 1299w\" sizes=\"(max-width: 800px) 100vw, 800px\" \/>\t\t\t\t\t\t\t\t\t\t\t\t\t\t\t<\/div>\n\t\t\t\t<\/div>\n\t\t<div class=\"elementor-element elementor-element-8f6cca5 e-con-full e-flex e-con e-child\" data-id=\"8f6cca5\" data-element_type=\"container\" data-e-type=\"container\">\n\t\t\t\t<div class=\"elementor-element elementor-element-5df78fe elementor-widget elementor-widget-image\" data-id=\"5df78fe\" data-element_type=\"widget\" data-e-type=\"widget\" data-widget_type=\"image.default\">\n\t\t\t\t\t\t\t\t\t\t\t\t\t\t\t<img loading=\"lazy\" decoding=\"async\" width=\"381\" height=\"994\" src=\"https:\/\/intimaform.com\/wp-content\/uploads\/2026\/01\/\u62c9\u73e010-\u4e24\u5934.jpg\" class=\"attachment-medium_large size-medium_large wp-image-485\" alt=\"\" srcset=\"https:\/\/intimaform.com\/wp-content\/uploads\/2026\/01\/\u62c9\u73e010-\u4e24\u5934.jpg 381w, https:\/\/intimaform.com\/wp-content\/uploads\/2026\/01\/\u62c9\u73e010-\u4e24\u5934-115x300.jpg 115w\" sizes=\"(max-width: 381px) 100vw, 381px\" \/>\t\t\t\t\t\t\t\t\t\t\t\t\t\t\t<\/div>\n\t\t\t\t<\/div>\n\t\t\t\t\t<\/div>\n\t\t\t\t<\/div>\n\t\t<div class=\"elementor-element elementor-element-e0dddc0 e-flex e-con-boxed e-con e-parent\" data-id=\"e0dddc0\" data-element_type=\"container\" data-e-type=\"container\">\n\t\t\t\t\t<div class=\"e-con-inner\">\n\t\t<div class=\"elementor-element elementor-element-899b09c e-con-full e-flex e-con e-child\" data-id=\"899b09c\" data-element_type=\"container\" data-e-type=\"container\">\n\t\t\t\t<div class=\"elementor-element elementor-element-3aecef2 elementor-widget elementor-widget-image\" data-id=\"3aecef2\" data-element_type=\"widget\" data-e-type=\"widget\" data-widget_type=\"image.default\">\n\t\t\t\t\t\t\t\t\t\t\t\t\t\t\t<img loading=\"lazy\" decoding=\"async\" width=\"800\" height=\"805\" src=\"https:\/\/intimaform.com\/wp-content\/uploads\/2026\/01\/\u62c9\u73e004-\u9ed1\u7ea2\u809b\u585e-1018x1024.jpg\" class=\"attachment-large size-large wp-image-491\" alt=\"\" srcset=\"https:\/\/intimaform.com\/wp-content\/uploads\/2026\/01\/\u62c9\u73e004-\u9ed1\u7ea2\u809b\u585e-1018x1024.jpg 1018w, https:\/\/intimaform.com\/wp-content\/uploads\/2026\/01\/\u62c9\u73e004-\u9ed1\u7ea2\u809b\u585e-298x300.jpg 298w, https:\/\/intimaform.com\/wp-content\/uploads\/2026\/01\/\u62c9\u73e004-\u9ed1\u7ea2\u809b\u585e-150x150.jpg 150w, https:\/\/intimaform.com\/wp-content\/uploads\/2026\/01\/\u62c9\u73e004-\u9ed1\u7ea2\u809b\u585e-768x773.jpg 768w, https:\/\/intimaform.com\/wp-content\/uploads\/2026\/01\/\u62c9\u73e004-\u9ed1\u7ea2\u809b\u585e-1320x1328.jpg 1320w, https:\/\/intimaform.com\/wp-content\/uploads\/2026\/01\/\u62c9\u73e004-\u9ed1\u7ea2\u809b\u585e-600x604.jpg 600w, https:\/\/intimaform.com\/wp-content\/uploads\/2026\/01\/\u62c9\u73e004-\u9ed1\u7ea2\u809b\u585e-100x100.jpg 100w, https:\/\/intimaform.com\/wp-content\/uploads\/2026\/01\/\u62c9\u73e004-\u9ed1\u7ea2\u809b\u585e.jpg 1491w\" sizes=\"(max-width: 800px) 100vw, 800px\" \/>\t\t\t\t\t\t\t\t\t\t\t\t\t\t\t<\/div>\n\t\t\t\t<\/div>\n\t\t<div class=\"elementor-element elementor-element-444d185 e-con-full e-flex e-con e-child\" data-id=\"444d185\" data-element_type=\"container\" data-e-type=\"container\">\n\t\t\t\t<div class=\"elementor-element elementor-element-a9bc1fc elementor-widget elementor-widget-image\" data-id=\"a9bc1fc\" data-element_type=\"widget\" data-e-type=\"widget\" data-widget_type=\"image.default\">\n\t\t\t\t\t\t\t\t\t\t\t\t\t\t\t<img loading=\"lazy\" decoding=\"async\" width=\"797\" height=\"1024\" src=\"https:\/\/intimaform.com\/wp-content\/uploads\/2026\/01\/\u62c9\u73e009-\u5f02\u5f62\u809b\u585e-797x1024.jpg\" class=\"attachment-large size-large wp-image-486\" alt=\"\" srcset=\"https:\/\/intimaform.com\/wp-content\/uploads\/2026\/01\/\u62c9\u73e009-\u5f02\u5f62\u809b\u585e-797x1024.jpg 797w, https:\/\/intimaform.com\/wp-content\/uploads\/2026\/01\/\u62c9\u73e009-\u5f02\u5f62\u809b\u585e-233x300.jpg 233w, https:\/\/intimaform.com\/wp-content\/uploads\/2026\/01\/\u62c9\u73e009-\u5f02\u5f62\u809b\u585e-768x987.jpg 768w, https:\/\/intimaform.com\/wp-content\/uploads\/2026\/01\/\u62c9\u73e009-\u5f02\u5f62\u809b\u585e-600x771.jpg 600w, https:\/\/intimaform.com\/wp-content\/uploads\/2026\/01\/\u62c9\u73e009-\u5f02\u5f62\u809b\u585e.jpg 1167w\" sizes=\"(max-width: 797px) 100vw, 797px\" \/>\t\t\t\t\t\t\t\t\t\t\t\t\t\t\t<\/div>\n\t\t\t\t<\/div>\n\t\t<div class=\"elementor-element elementor-element-c4605e1 e-con-full e-flex e-con e-child\" data-id=\"c4605e1\" data-element_type=\"container\" data-e-type=\"container\">\n\t\t\t\t<div class=\"elementor-element elementor-element-4524ef6 elementor-widget elementor-widget-image\" data-id=\"4524ef6\" data-element_type=\"widget\" data-e-type=\"widget\" data-widget_type=\"image.default\">\n\t\t\t\t\t\t\t\t\t\t\t\t\t\t\t<img loading=\"lazy\" decoding=\"async\" width=\"726\" height=\"1024\" src=\"https:\/\/intimaform.com\/wp-content\/uploads\/2026\/01\/\u62c9\u73e011-\u809b\u585e\u5f02\u5f62-726x1024.jpg\" class=\"attachment-large size-large wp-image-484\" alt=\"\" srcset=\"https:\/\/intimaform.com\/wp-content\/uploads\/2026\/01\/\u62c9\u73e011-\u809b\u585e\u5f02\u5f62-726x1024.jpg 726w, https:\/\/intimaform.com\/wp-content\/uploads\/2026\/01\/\u62c9\u73e011-\u809b\u585e\u5f02\u5f62-213x300.jpg 213w, https:\/\/intimaform.com\/wp-content\/uploads\/2026\/01\/\u62c9\u73e011-\u809b\u585e\u5f02\u5f62-768x1084.jpg 768w, https:\/\/intimaform.com\/wp-content\/uploads\/2026\/01\/\u62c9\u73e011-\u809b\u585e\u5f02\u5f62-600x847.jpg 600w, https:\/\/intimaform.com\/wp-content\/uploads\/2026\/01\/\u62c9\u73e011-\u809b\u585e\u5f02\u5f62.jpg 1063w\" sizes=\"(max-width: 726px) 100vw, 726px\" \/>\t\t\t\t\t\t\t\t\t\t\t\t\t\t\t<\/div>\n\t\t\t\t<\/div>\n\t\t<div class=\"elementor-element elementor-element-beaf067 e-con-full e-flex e-con e-child\" data-id=\"beaf067\" data-element_type=\"container\" data-e-type=\"container\">\n\t\t\t\t<div class=\"elementor-element elementor-element-b899181 elementor-widget elementor-widget-image\" data-id=\"b899181\" data-element_type=\"widget\" data-e-type=\"widget\" data-widget_type=\"image.default\">\n\t\t\t\t\t\t\t\t\t\t\t\t\t\t\t<img loading=\"lazy\" decoding=\"async\" width=\"800\" height=\"780\" src=\"https:\/\/intimaform.com\/wp-content\/uploads\/2026\/01\/\u62c9\u73e008-\u5f02\u8272\u901a\u7535-1024x999.jpg\" class=\"attachment-large size-large wp-image-487\" alt=\"\" srcset=\"https:\/\/intimaform.com\/wp-content\/uploads\/2026\/01\/\u62c9\u73e008-\u5f02\u8272\u901a\u7535-1024x999.jpg 1024w, https:\/\/intimaform.com\/wp-content\/uploads\/2026\/01\/\u62c9\u73e008-\u5f02\u8272\u901a\u7535-300x293.jpg 300w, https:\/\/intimaform.com\/wp-content\/uploads\/2026\/01\/\u62c9\u73e008-\u5f02\u8272\u901a\u7535-768x750.jpg 768w, https:\/\/intimaform.com\/wp-content\/uploads\/2026\/01\/\u62c9\u73e008-\u5f02\u8272\u901a\u7535-1320x1288.jpg 1320w, https:\/\/intimaform.com\/wp-content\/uploads\/2026\/01\/\u62c9\u73e008-\u5f02\u8272\u901a\u7535-600x586.jpg 600w, https:\/\/intimaform.com\/wp-content\/uploads\/2026\/01\/\u62c9\u73e008-\u5f02\u8272\u901a\u7535.jpg 1500w\" sizes=\"(max-width: 800px) 100vw, 800px\" \/>\t\t\t\t\t\t\t\t\t\t\t\t\t\t\t<\/div>\n\t\t\t\t<\/div>\n\t\t<div class=\"elementor-element elementor-element-f676651 e-con-full e-flex e-con e-child\" data-id=\"f676651\" data-element_type=\"container\" data-e-type=\"container\">\n\t\t\t\t<div class=\"elementor-element elementor-element-e3478d4 elementor-widget elementor-widget-image\" data-id=\"e3478d4\" data-element_type=\"widget\" data-e-type=\"widget\" data-widget_type=\"image.default\">\n\t\t\t\t\t\t\t\t\t\t\t\t\t\t\t<img loading=\"lazy\" decoding=\"async\" width=\"800\" height=\"930\" src=\"https:\/\/intimaform.com\/wp-content\/uploads\/2026\/01\/\u62c9\u73e005-\u9525\u5f62-881x1024.jpg\" class=\"attachment-large size-large wp-image-490\" alt=\"\" srcset=\"https:\/\/intimaform.com\/wp-content\/uploads\/2026\/01\/\u62c9\u73e005-\u9525\u5f62-881x1024.jpg 881w, https:\/\/intimaform.com\/wp-content\/uploads\/2026\/01\/\u62c9\u73e005-\u9525\u5f62-258x300.jpg 258w, https:\/\/intimaform.com\/wp-content\/uploads\/2026\/01\/\u62c9\u73e005-\u9525\u5f62-768x892.jpg 768w, https:\/\/intimaform.com\/wp-content\/uploads\/2026\/01\/\u62c9\u73e005-\u9525\u5f62-600x697.jpg 600w, https:\/\/intimaform.com\/wp-content\/uploads\/2026\/01\/\u62c9\u73e005-\u9525\u5f62.jpg 1291w\" sizes=\"(max-width: 800px) 100vw, 800px\" \/>\t\t\t\t\t\t\t\t\t\t\t\t\t\t\t<\/div>\n\t\t\t\t<\/div>\n\t\t<div class=\"elementor-element elementor-element-3c99c6e e-con-full e-flex e-con e-child\" data-id=\"3c99c6e\" data-element_type=\"container\" data-e-type=\"container\">\n\t\t\t\t<div class=\"elementor-element elementor-element-fe39283 elementor-widget elementor-widget-image\" data-id=\"fe39283\" data-element_type=\"widget\" data-e-type=\"widget\" data-widget_type=\"image.default\">\n\t\t\t\t\t\t\t\t\t\t\t\t\t\t\t<img loading=\"lazy\" decoding=\"async\" width=\"800\" height=\"784\" src=\"https:\/\/intimaform.com\/wp-content\/uploads\/2026\/01\/\u62c9\u73e007-\u82b1\u578b\u901a\u7535-1024x1003.jpg\" class=\"attachment-large size-large wp-image-488\" alt=\"\" srcset=\"https:\/\/intimaform.com\/wp-content\/uploads\/2026\/01\/\u62c9\u73e007-\u82b1\u578b\u901a\u7535-1024x1003.jpg 1024w, https:\/\/intimaform.com\/wp-content\/uploads\/2026\/01\/\u62c9\u73e007-\u82b1\u578b\u901a\u7535-300x294.jpg 300w, https:\/\/intimaform.com\/wp-content\/uploads\/2026\/01\/\u62c9\u73e007-\u82b1\u578b\u901a\u7535-768x752.jpg 768w, https:\/\/intimaform.com\/wp-content\/uploads\/2026\/01\/\u62c9\u73e007-\u82b1\u578b\u901a\u7535-1320x1293.jpg 1320w, https:\/\/intimaform.com\/wp-content\/uploads\/2026\/01\/\u62c9\u73e007-\u82b1\u578b\u901a\u7535-600x588.jpg 600w, https:\/\/intimaform.com\/wp-content\/uploads\/2026\/01\/\u62c9\u73e007-\u82b1\u578b\u901a\u7535.jpg 1500w\" sizes=\"(max-width: 800px) 100vw, 800px\" \/>\t\t\t\t\t\t\t\t\t\t\t\t\t\t\t<\/div>\n\t\t\t\t<\/div>\n\t\t\t\t\t<\/div>\n\t\t\t\t<\/div>\n\t\t<div class=\"elementor-element elementor-element-5bd1d34 e-grid e-con-boxed e-con e-parent\" data-id=\"5bd1d34\" data-element_type=\"container\" data-e-type=\"container\">\n\t\t\t\t\t<div class=\"e-con-inner\">\n\t\t\t\t<div class=\"elementor-element elementor-element-076c6ac elementor-widget elementor-widget-image\" data-id=\"076c6ac\" data-element_type=\"widget\" data-e-type=\"widget\" data-widget_type=\"image.default\">\n\t\t\t\t\t\t\t\t\t\t\t\t\t\t\t<img loading=\"lazy\" decoding=\"async\" width=\"800\" height=\"767\" src=\"https:\/\/intimaform.com\/wp-content\/uploads\/2026\/01\/\u62c9\u73e012-\u809b\u585e\u9707\u52a8-1024x982.jpg\" class=\"attachment-large size-large wp-image-483\" alt=\"\" srcset=\"https:\/\/intimaform.com\/wp-content\/uploads\/2026\/01\/\u62c9\u73e012-\u809b\u585e\u9707\u52a8-1024x982.jpg 1024w, https:\/\/intimaform.com\/wp-content\/uploads\/2026\/01\/\u62c9\u73e012-\u809b\u585e\u9707\u52a8-300x288.jpg 300w, https:\/\/intimaform.com\/wp-content\/uploads\/2026\/01\/\u62c9\u73e012-\u809b\u585e\u9707\u52a8-768x736.jpg 768w, https:\/\/intimaform.com\/wp-content\/uploads\/2026\/01\/\u62c9\u73e012-\u809b\u585e\u9707\u52a8-1320x1265.jpg 1320w, https:\/\/intimaform.com\/wp-content\/uploads\/2026\/01\/\u62c9\u73e012-\u809b\u585e\u9707\u52a8-600x575.jpg 600w, https:\/\/intimaform.com\/wp-content\/uploads\/2026\/01\/\u62c9\u73e012-\u809b\u585e\u9707\u52a8.jpg 1500w\" sizes=\"(max-width: 800px) 100vw, 800px\" \/>\t\t\t\t\t\t\t\t\t\t\t\t\t\t\t<\/div>\n\t\t\t\t<div class=\"elementor-element elementor-element-108c15e elementor-widget elementor-widget-image\" data-id=\"108c15e\" data-element_type=\"widget\" data-e-type=\"widget\" data-widget_type=\"image.default\">\n\t\t\t\t\t\t\t\t\t\t\t\t\t\t\t<img loading=\"lazy\" decoding=\"async\" width=\"800\" height=\"855\" src=\"https:\/\/intimaform.com\/wp-content\/uploads\/2026\/01\/\u62c9\u73e013-\u5f02\u5f62\u809b\u585e-958x1024.jpg\" class=\"attachment-large size-large wp-image-482\" alt=\"\" srcset=\"https:\/\/intimaform.com\/wp-content\/uploads\/2026\/01\/\u62c9\u73e013-\u5f02\u5f62\u809b\u585e-958x1024.jpg 958w, https:\/\/intimaform.com\/wp-content\/uploads\/2026\/01\/\u62c9\u73e013-\u5f02\u5f62\u809b\u585e-281x300.jpg 281w, https:\/\/intimaform.com\/wp-content\/uploads\/2026\/01\/\u62c9\u73e013-\u5f02\u5f62\u809b\u585e-768x821.jpg 768w, https:\/\/intimaform.com\/wp-content\/uploads\/2026\/01\/\u62c9\u73e013-\u5f02\u5f62\u809b\u585e-1320x1411.jpg 1320w, https:\/\/intimaform.com\/wp-content\/uploads\/2026\/01\/\u62c9\u73e013-\u5f02\u5f62\u809b\u585e-600x641.jpg 600w, https:\/\/intimaform.com\/wp-content\/uploads\/2026\/01\/\u62c9\u73e013-\u5f02\u5f62\u809b\u585e.jpg 1403w\" sizes=\"(max-width: 800px) 100vw, 800px\" \/>\t\t\t\t\t\t\t\t\t\t\t\t\t\t\t<\/div>\n\t\t\t\t<div class=\"elementor-element elementor-element-88aac0c elementor-widget elementor-widget-image\" data-id=\"88aac0c\" data-element_type=\"widget\" data-e-type=\"widget\" data-widget_type=\"image.default\">\n\t\t\t\t\t\t\t\t\t\t\t\t\t\t\t<img loading=\"lazy\" decoding=\"async\" width=\"800\" height=\"948\" src=\"https:\/\/intimaform.com\/wp-content\/uploads\/2026\/01\/\u62c9\u73e014-\u5f02\u5f62\u53ef\u5145\u6c14\u809b\u585e.jpg\" class=\"attachment-large size-large wp-image-481\" alt=\"\" srcset=\"https:\/\/intimaform.com\/wp-content\/uploads\/2026\/01\/\u62c9\u73e014-\u5f02\u5f62\u53ef\u5145\u6c14\u809b\u585e.jpg 823w, https:\/\/intimaform.com\/wp-content\/uploads\/2026\/01\/\u62c9\u73e014-\u5f02\u5f62\u53ef\u5145\u6c14\u809b\u585e-253x300.jpg 253w, https:\/\/intimaform.com\/wp-content\/uploads\/2026\/01\/\u62c9\u73e014-\u5f02\u5f62\u53ef\u5145\u6c14\u809b\u585e-768x910.jpg 768w, https:\/\/intimaform.com\/wp-content\/uploads\/2026\/01\/\u62c9\u73e014-\u5f02\u5f62\u53ef\u5145\u6c14\u809b\u585e-600x711.jpg 600w\" sizes=\"(max-width: 800px) 100vw, 800px\" \/>\t\t\t\t\t\t\t\t\t\t\t\t\t\t\t<\/div>\n\t\t\t\t\t<\/div>\n\t\t\t\t<\/div>\n\t\t<div class=\"elementor-element elementor-element-6121685 e-flex e-con-boxed e-con e-parent\" data-id=\"6121685\" data-element_type=\"container\" data-e-type=\"container\">\n\t\t\t\t\t<div class=\"e-con-inner\">\n\t\t\t\t<div class=\"elementor-element elementor-element-3a5e679 elementor-widget elementor-widget-text-editor\" data-id=\"3a5e679\" data-element_type=\"widget\" data-e-type=\"widget\" data-widget_type=\"text-editor.default\">\n\t\t\t\t\t\t\t\t\t<ul><li><div><p><strong>Service f\u00fcr kundenspezifische Formen und Abmessungen<\/strong><\/p><p>Ma\u00dfgeschneiderte Gesamtformen und pr\u00e4zise Ma\u00dfparameter von Analperlen, ganz nach Ihren exklusiven Designanforderungen.<\/p><\/div><\/li><li><div><p><strong>Anpassung der Vibrationsfunktion<\/strong><\/p><p>Optionale vorgebohrte L\u00f6cher f\u00fcr Vibrationsmodule oder die direkte Integration von Vibrationskugeln, die die Aufr\u00fcstung auf elektrisch betriebene Analperlenprodukte unterst\u00fctzen.<\/p><\/div><\/li><li><div><p><strong>Pr\u00e4zise Detailanpassung<\/strong><\/p><p>Anpassbare Oberfl\u00e4chentexturen, Verbindungsarten und Endst\u00fcckdesigns zur Verbesserung der Produktdifferenzierung und der Benutzererfahrung.<\/p><\/div><\/li><li><div><p><strong>Szenario-angepasste Anpassung<\/strong><\/p><p>Die strukturelle Festigkeit und die Gewichtsverteilung sind einstellbar, um den Anforderungen verschiedener Anwendungsszenarien gerecht zu werden, wie z. B. Training f\u00fcr Anf\u00e4nger, fortgeschrittene Benutzer und Tragen auf Reisen.<\/p><\/div><\/li><li><div><p><strong>Kundenspezifische Verpackungsl\u00f6sung<\/strong><\/p><p>Anpassbare Verpackungsmaterialien, Druckdesigns und Zubeh\u00f6rkonfigurationen, die auf Ihre Markenpositionierung und Marktexpansionsstrategien abgestimmt sind.<\/p><\/div><\/li><\/ul>\t\t\t\t\t\t\t\t<\/div>\n\t\t\t\t\t<\/div>\n\t\t\t\t<\/div>\n\t\t\t\t<\/div>","protected":false},"excerpt":{"rendered":"<p>Custom Shape &amp; Dimension Service Tailor-made overall shapes and precise dimensional parameters of anal beads, fully customized in accordance with your exclusive design requirements. Vibration Function Customization Optional pre-drilled holes reserved for vibration modules or direct integration of vibrating bullets, supporting the upgrade to electric-powered anal bead products. Precision Detail Customization Customizable surface textures, connection [&hellip;]<\/p>","protected":false},"author":1,"featured_media":0,"parent":402,"menu_order":0,"comment_status":"closed","ping_status":"closed","template":"","meta":{"_acf_changed":false,"footnotes":""},"class_list":["post-479","page","type-page","status-publish","hentry"],"acf":[],"jetpack_sharing_enabled":true,"_links":{"self":[{"href":"https:\/\/intimaform.com\/de\/wp-json\/wp\/v2\/pages\/479","targetHints":{"allow":["GET"]}}],"collection":[{"href":"https:\/\/intimaform.com\/de\/wp-json\/wp\/v2\/pages"}],"about":[{"href":"https:\/\/intimaform.com\/de\/wp-json\/wp\/v2\/types\/page"}],"author":[{"embeddable":true,"href":"https:\/\/intimaform.com\/de\/wp-json\/wp\/v2\/users\/1"}],"replies":[{"embeddable":true,"href":"https:\/\/intimaform.com\/de\/wp-json\/wp\/v2\/comments?post=479"}],"version-history":[{"count":7,"href":"https:\/\/intimaform.com\/de\/wp-json\/wp\/v2\/pages\/479\/revisions"}],"predecessor-version":[{"id":563,"href":"https:\/\/intimaform.com\/de\/wp-json\/wp\/v2\/pages\/479\/revisions\/563"}],"up":[{"embeddable":true,"href":"https:\/\/intimaform.com\/de\/wp-json\/wp\/v2\/pages\/402"}],"wp:attachment":[{"href":"https:\/\/intimaform.com\/de\/wp-json\/wp\/v2\/media?parent=479"}],"curies":[{"name":"wp","href":"https:\/\/api.w.org\/{rel}","templated":true}]}}