{"id":447,"date":"2026-01-07T23:18:38","date_gmt":"2026-01-07T15:18:38","guid":{"rendered":"https:\/\/intimaform.com\/?page_id=447"},"modified":"2026-01-08T22:35:45","modified_gmt":"2026-01-08T14:35:45","slug":"custom-cock-rings","status":"publish","type":"page","link":"https:\/\/intimaform.com\/de\/custom-your-toys\/custom-cock-rings\/","title":{"rendered":"Benutzerdefinierte Cock Rings"},"content":{"rendered":"<div data-elementor-type=\"wp-page\" data-elementor-id=\"447\" class=\"elementor elementor-447\" data-elementor-post-type=\"page\">\n\t\t\t\t<div class=\"elementor-element elementor-element-03ca573 e-grid e-con-boxed e-con e-parent\" data-id=\"03ca573\" data-element_type=\"container\" data-e-type=\"container\">\n\t\t\t\t\t<div class=\"e-con-inner\">\n\t\t\t\t<div class=\"elementor-element elementor-element-299a425 elementor-widget elementor-widget-image\" data-id=\"299a425\" data-element_type=\"widget\" data-e-type=\"widget\" data-widget_type=\"image.default\">\n\t\t\t\t\t\t\t\t\t\t\t\t\t\t\t<img fetchpriority=\"high\" decoding=\"async\" width=\"741\" height=\"789\" src=\"https:\/\/intimaform.com\/wp-content\/uploads\/2026\/01\/\u9ed1\u8272\u9501\u7cbe\u73af\u5361\u86cb\u86cb02.jpg\" class=\"attachment-large size-large wp-image-453\" alt=\"\" srcset=\"https:\/\/intimaform.com\/wp-content\/uploads\/2026\/01\/\u9ed1\u8272\u9501\u7cbe\u73af\u5361\u86cb\u86cb02.jpg 741w, https:\/\/intimaform.com\/wp-content\/uploads\/2026\/01\/\u9ed1\u8272\u9501\u7cbe\u73af\u5361\u86cb\u86cb02-282x300.jpg 282w, https:\/\/intimaform.com\/wp-content\/uploads\/2026\/01\/\u9ed1\u8272\u9501\u7cbe\u73af\u5361\u86cb\u86cb02-600x639.jpg 600w\" sizes=\"(max-width: 741px) 100vw, 741px\" \/>\t\t\t\t\t\t\t\t\t\t\t\t\t\t\t<\/div>\n\t\t\t\t<div class=\"elementor-element elementor-element-f3acd9d elementor-widget elementor-widget-image\" data-id=\"f3acd9d\" data-element_type=\"widget\" data-e-type=\"widget\" data-widget_type=\"image.default\">\n\t\t\t\t\t\t\t\t\t\t\t\t\t\t\t<img decoding=\"async\" width=\"800\" height=\"753\" src=\"https:\/\/intimaform.com\/wp-content\/uploads\/2026\/01\/\u9501\u7cbe\u73af-\u9633\u5177\u578b05-1024x964.jpg\" class=\"attachment-large size-large wp-image-450\" alt=\"\" srcset=\"https:\/\/intimaform.com\/wp-content\/uploads\/2026\/01\/\u9501\u7cbe\u73af-\u9633\u5177\u578b05-1024x964.jpg 1024w, https:\/\/intimaform.com\/wp-content\/uploads\/2026\/01\/\u9501\u7cbe\u73af-\u9633\u5177\u578b05-300x282.jpg 300w, https:\/\/intimaform.com\/wp-content\/uploads\/2026\/01\/\u9501\u7cbe\u73af-\u9633\u5177\u578b05-768x723.jpg 768w, https:\/\/intimaform.com\/wp-content\/uploads\/2026\/01\/\u9501\u7cbe\u73af-\u9633\u5177\u578b05-1320x1242.jpg 1320w, https:\/\/intimaform.com\/wp-content\/uploads\/2026\/01\/\u9501\u7cbe\u73af-\u9633\u5177\u578b05-600x565.jpg 600w, https:\/\/intimaform.com\/wp-content\/uploads\/2026\/01\/\u9501\u7cbe\u73af-\u9633\u5177\u578b05.jpg 1462w\" sizes=\"(max-width: 800px) 100vw, 800px\" \/>\t\t\t\t\t\t\t\t\t\t\t\t\t\t\t<\/div>\n\t\t\t\t<div class=\"elementor-element elementor-element-946c446 elementor-widget elementor-widget-image\" data-id=\"946c446\" data-element_type=\"widget\" data-e-type=\"widget\" data-widget_type=\"image.default\">\n\t\t\t\t\t\t\t\t\t\t\t\t\t\t\t<img decoding=\"async\" width=\"404\" height=\"535\" src=\"https:\/\/intimaform.com\/wp-content\/uploads\/2026\/01\/\u9ed1\u8272\u9501\u7cbe\u73af\u6212\u5b5006.jpg\" class=\"attachment-large size-large wp-image-449\" alt=\"\" srcset=\"https:\/\/intimaform.com\/wp-content\/uploads\/2026\/01\/\u9ed1\u8272\u9501\u7cbe\u73af\u6212\u5b5006.jpg 404w, https:\/\/intimaform.com\/wp-content\/uploads\/2026\/01\/\u9ed1\u8272\u9501\u7cbe\u73af\u6212\u5b5006-227x300.jpg 227w\" sizes=\"(max-width: 404px) 100vw, 404px\" \/>\t\t\t\t\t\t\t\t\t\t\t\t\t\t\t<\/div>\n\t\t\t\t<div class=\"elementor-element elementor-element-8d30b25 elementor-widget elementor-widget-image\" data-id=\"8d30b25\" data-element_type=\"widget\" data-e-type=\"widget\" data-widget_type=\"image.default\">\n\t\t\t\t\t\t\t\t\t\t\t\t\t\t\t<img loading=\"lazy\" decoding=\"async\" width=\"800\" height=\"663\" src=\"https:\/\/intimaform.com\/wp-content\/uploads\/2026\/01\/\u7eaf\u767d\u9501\u7cbe\u73af03.jpg\" class=\"attachment-large size-large wp-image-452\" alt=\"\" srcset=\"https:\/\/intimaform.com\/wp-content\/uploads\/2026\/01\/\u7eaf\u767d\u9501\u7cbe\u73af03.jpg 937w, https:\/\/intimaform.com\/wp-content\/uploads\/2026\/01\/\u7eaf\u767d\u9501\u7cbe\u73af03-300x248.jpg 300w, https:\/\/intimaform.com\/wp-content\/uploads\/2026\/01\/\u7eaf\u767d\u9501\u7cbe\u73af03-768x636.jpg 768w, https:\/\/intimaform.com\/wp-content\/uploads\/2026\/01\/\u7eaf\u767d\u9501\u7cbe\u73af03-600x497.jpg 600w\" sizes=\"(max-width: 800px) 100vw, 800px\" \/>\t\t\t\t\t\t\t\t\t\t\t\t\t\t\t<\/div>\n\t\t\t\t<div class=\"elementor-element elementor-element-ed66224 elementor-widget elementor-widget-image\" data-id=\"ed66224\" data-element_type=\"widget\" data-e-type=\"widget\" data-widget_type=\"image.default\">\n\t\t\t\t\t\t\t\t\t\t\t\t\t\t\t<img loading=\"lazy\" decoding=\"async\" width=\"800\" height=\"664\" src=\"https:\/\/intimaform.com\/wp-content\/uploads\/2026\/01\/\u900f\u660e\u9501\u7cbe\u73af\u4e32\u73e0\u5f62\u72b604-1024x850.jpg\" class=\"attachment-large size-large wp-image-451\" alt=\"\" srcset=\"https:\/\/intimaform.com\/wp-content\/uploads\/2026\/01\/\u900f\u660e\u9501\u7cbe\u73af\u4e32\u73e0\u5f62\u72b604-1024x850.jpg 1024w, https:\/\/intimaform.com\/wp-content\/uploads\/2026\/01\/\u900f\u660e\u9501\u7cbe\u73af\u4e32\u73e0\u5f62\u72b604-300x249.jpg 300w, https:\/\/intimaform.com\/wp-content\/uploads\/2026\/01\/\u900f\u660e\u9501\u7cbe\u73af\u4e32\u73e0\u5f62\u72b604-768x637.jpg 768w, https:\/\/intimaform.com\/wp-content\/uploads\/2026\/01\/\u900f\u660e\u9501\u7cbe\u73af\u4e32\u73e0\u5f62\u72b604-1320x1096.jpg 1320w, https:\/\/intimaform.com\/wp-content\/uploads\/2026\/01\/\u900f\u660e\u9501\u7cbe\u73af\u4e32\u73e0\u5f62\u72b604-600x498.jpg 600w, https:\/\/intimaform.com\/wp-content\/uploads\/2026\/01\/\u900f\u660e\u9501\u7cbe\u73af\u4e32\u73e0\u5f62\u72b604.jpg 1500w\" sizes=\"(max-width: 800px) 100vw, 800px\" \/>\t\t\t\t\t\t\t\t\t\t\t\t\t\t\t<\/div>\n\t\t\t\t<div class=\"elementor-element elementor-element-6d4edd8 elementor-widget elementor-widget-image\" data-id=\"6d4edd8\" data-element_type=\"widget\" data-e-type=\"widget\" data-widget_type=\"image.default\">\n\t\t\t\t\t\t\t\t\t\t\t\t\t\t\t<img loading=\"lazy\" decoding=\"async\" width=\"730\" height=\"535\" src=\"https:\/\/intimaform.com\/wp-content\/uploads\/2026\/01\/\u56db\u8272\u9501\u7cbe\u73af01.jpg\" class=\"attachment-large size-large wp-image-454\" alt=\"\" srcset=\"https:\/\/intimaform.com\/wp-content\/uploads\/2026\/01\/\u56db\u8272\u9501\u7cbe\u73af01.jpg 730w, https:\/\/intimaform.com\/wp-content\/uploads\/2026\/01\/\u56db\u8272\u9501\u7cbe\u73af01-300x220.jpg 300w, https:\/\/intimaform.com\/wp-content\/uploads\/2026\/01\/\u56db\u8272\u9501\u7cbe\u73af01-600x440.jpg 600w\" sizes=\"(max-width: 730px) 100vw, 730px\" \/>\t\t\t\t\t\t\t\t\t\t\t\t\t\t\t<\/div>\n\t\t\t\t\t<\/div>\n\t\t\t\t<\/div>\n\t\t<div class=\"elementor-element elementor-element-38ee493 e-flex e-con-boxed e-con e-parent\" data-id=\"38ee493\" data-element_type=\"container\" data-e-type=\"container\">\n\t\t\t\t\t<div class=\"e-con-inner\">\n\t\t\t\t<div class=\"elementor-element elementor-element-d3a4a50 elementor-widget elementor-widget-text-editor\" data-id=\"d3a4a50\" data-element_type=\"widget\" data-e-type=\"widget\" data-widget_type=\"text-editor.default\">\n\t\t\t\t\t\t\t\t\t<ul><li data-start=\"121\" data-end=\"272\"><p data-start=\"123\" data-end=\"272\"><strong data-start=\"123\" data-end=\"146\">K\u00f6rpervertr\u00e4gliche Materialien<\/strong><br data-start=\"146\" data-end=\"149\" \/>Hergestellt aus ungiftigem, hautfreundlichem Silikon oder TPE, geeignet f\u00fcr l\u00e4ngeren Hautkontakt und nur f\u00fcr Erwachsene (18+).<\/p><\/li><li data-start=\"274\" data-end=\"419\"><p data-start=\"276\" data-end=\"419\"><strong data-start=\"276\" data-end=\"308\">Langlebige und zuverl\u00e4ssige Struktur<\/strong><br data-start=\"308\" data-end=\"311\" \/>Rei\u00dffestes Design mit kontrollierter Elastizit\u00e4t, das f\u00fcr langfristige Haltbarkeit und Formstabilit\u00e4t entwickelt wurde.<\/p><\/li><li data-start=\"421\" data-end=\"568\"><p data-start=\"423\" data-end=\"568\"><strong data-start=\"423\" data-end=\"449\">Flexible Anpassung<\/strong><br data-start=\"449\" data-end=\"452\" \/>Gr\u00f6\u00dfe, H\u00e4rte, Farbe und Oberfl\u00e4chenbeschaffenheit k\u00f6nnen individuell angepasst werden. Aus Gr\u00fcnden der Kosteneffizienz werden einfarbige Optionen empfohlen.<\/p><\/li><li data-start=\"570\" data-end=\"697\"><p data-start=\"572\" data-end=\"697\"><strong data-start=\"572\" data-end=\"603\">Optionale Vibrationsfunktion<\/strong><br data-start=\"603\" data-end=\"606\" \/>Erh\u00e4ltlich mit oder ohne Vibrationsmodule, einschlie\u00dflich Batterie- oder Akkul\u00f6sungen.<\/p><\/li><li data-start=\"699\" data-end=\"834\"><p data-start=\"701\" data-end=\"834\"><strong data-start=\"701\" data-end=\"731\">Konsistente Qualit\u00e4tskontrolle<\/strong><br data-start=\"731\" data-end=\"734\" \/>Eigene Produktion mit mehrstufiger Pr\u00fcfung zur Gew\u00e4hrleistung der Chargenkonsistenz und strukturellen Sicherheit.<\/p><\/li><li data-start=\"836\" data-end=\"950\"><p data-start=\"838\" data-end=\"950\"><strong data-start=\"838\" data-end=\"863\">Markengerechte Verpackung<\/strong><br data-start=\"863\" data-end=\"866\" \/>Unterst\u00fctzung aus einer Hand f\u00fcr Logo-Integration, Etikettierung und Standard- oder kundenspezifische Verpackungen.<\/p><\/li><\/ul>\t\t\t\t\t\t\t\t<\/div>\n\t\t\t\t\t<\/div>\n\t\t\t\t<\/div>\n\t\t\t\t<\/div>","protected":false},"excerpt":{"rendered":"<p>K\u00f6rpersichere MaterialienHergestellt aus ungiftigem, hautfreundlichem Silikon oder TPE, geeignet f\u00fcr l\u00e4ngeren Hautkontakt und nur f\u00fcr Erwachsene (18+). Langlebige &amp; zuverl\u00e4ssige StrukturRei\u00dffestes Design mit kontrollierter Elastizit\u00e4t, entwickelt f\u00fcr langfristige Haltbarkeit und Formstabilit\u00e4t. Flexible AnpassungGr\u00f6\u00dfe, H\u00e4rte, Farbe und Oberfl\u00e4chenbeschaffenheit k\u00f6nnen individuell angepasst werden. F\u00fcr Kosteneffizienz werden einfarbige Optionen empfohlen. Optionale VibrationsfunktionErh\u00e4ltlich mit oder ohne [...]<\/p>","protected":false},"author":1,"featured_media":0,"parent":402,"menu_order":0,"comment_status":"closed","ping_status":"closed","template":"","meta":{"_acf_changed":false,"footnotes":""},"class_list":["post-447","page","type-page","status-publish","hentry"],"acf":[],"jetpack_sharing_enabled":true,"_links":{"self":[{"href":"https:\/\/intimaform.com\/de\/wp-json\/wp\/v2\/pages\/447","targetHints":{"allow":["GET"]}}],"collection":[{"href":"https:\/\/intimaform.com\/de\/wp-json\/wp\/v2\/pages"}],"about":[{"href":"https:\/\/intimaform.com\/de\/wp-json\/wp\/v2\/types\/page"}],"author":[{"embeddable":true,"href":"https:\/\/intimaform.com\/de\/wp-json\/wp\/v2\/users\/1"}],"replies":[{"embeddable":true,"href":"https:\/\/intimaform.com\/de\/wp-json\/wp\/v2\/comments?post=447"}],"version-history":[{"count":7,"href":"https:\/\/intimaform.com\/de\/wp-json\/wp\/v2\/pages\/447\/revisions"}],"predecessor-version":[{"id":567,"href":"https:\/\/intimaform.com\/de\/wp-json\/wp\/v2\/pages\/447\/revisions\/567"}],"up":[{"embeddable":true,"href":"https:\/\/intimaform.com\/de\/wp-json\/wp\/v2\/pages\/402"}],"wp:attachment":[{"href":"https:\/\/intimaform.com\/de\/wp-json\/wp\/v2\/media?parent=447"}],"curies":[{"name":"wp","href":"https:\/\/api.w.org\/{rel}","templated":true}]}}