{"id":352,"date":"2026-01-04T22:34:24","date_gmt":"2026-01-04T14:34:24","guid":{"rendered":"https:\/\/intimaform.com\/?page_id=352"},"modified":"2026-01-21T16:04:54","modified_gmt":"2026-01-21T08:04:54","slug":"current-molds","status":"publish","type":"page","link":"https:\/\/intimaform.com\/de\/current-molds\/","title":{"rendered":"Aktuelle Formen"},"content":{"rendered":"<div data-elementor-type=\"wp-page\" data-elementor-id=\"352\" class=\"elementor elementor-352\" data-elementor-post-type=\"page\">\n\t\t\t\t<div class=\"elementor-element elementor-element-db2c3c4 e-flex e-con-boxed e-con e-parent\" data-id=\"db2c3c4\" data-element_type=\"container\" data-e-type=\"container\">\n\t\t\t\t\t<div class=\"e-con-inner\">\n\t\t\t\t<div class=\"elementor-element elementor-element-47d874d elementor-widget elementor-widget-text-editor\" data-id=\"47d874d\" data-element_type=\"widget\" data-e-type=\"widget\" data-widget_type=\"text-editor.default\">\n\t\t\t\t\t\t\t\t\t<h1><strong>Aktuelle Formen<\/strong><\/h1><h2><strong>Fertige Modelle | Vorlaufzeit: 7-10 Tage | Kernmaterial: TPE<\/strong><\/h2><div>\u00dcberspringen Sie Formgeb\u00fchren und verk\u00fcrzen Sie die Markteinf\u00fchrungszeit - ideal f\u00fcr Private Labeling, Markttests und kosteng\u00fcnstige schnelle Markteinf\u00fchrungen. Skalieren Sie bei steigendem Volumen nahtlos zu einem vollst\u00e4ndigen OEM\/ODM.<\/div><h3><strong>Kostenlose Muster &amp; Lichtanpassung<\/strong><\/h3><ul><li>Kostenlose Testmuster<\/li><li>Kundenspezifische Optionen: einfarbig (am kosteng\u00fcnstigsten; transparent extra), Anpassung des TPE-\/Silikonmaterials, Optimierung der Oberfl\u00e4chenbeschaffenheit\/Textur (komplexe Mehrfarbigkeit nicht empfohlen)<\/li><\/ul><h3><strong>Funktionale Upgrades<\/strong><\/h3><div>F\u00fcgen Sie Vibrationsmodule hinzu oder entscheiden Sie sich f\u00fcr eine batteriebetriebene\/aufladbare Stromversorgung, ohne dass Sie ein komplettes Redesign vornehmen m\u00fcssen.<\/div><h3><strong>Oberfl\u00e4chenbehandlung<\/strong><\/h3><div>Zur Verbesserung der Handhabung und des Aussehens ist Talkum-\/Kornst\u00e4rkepulver erh\u00e4ltlich.<\/div><h3><strong>Verpackung aus einer Hand<\/strong><\/h3><div>Auf die Marke abgestimmte L\u00f6sungen: Standard- und kundenspezifisch bedruckte Schachteln\/Geschenkverpackungen, Etikettierung und Barcodes.<\/div><h3><strong>Ideal f\u00fcr<\/strong><\/h3><div>Handelsmarken | Markttests | Schnelldrehende H\u00e4ndler | Kostenbewusste E-Commerce-Verk\u00e4ufer<\/div><h3><strong>Wichtigste Vorteile<\/strong><\/h3><div>Keine Formgeb\u00fchren | Kurze Vorlaufzeiten | Geringe Anfangsinvestition | Produktvalidierung vor vollst\u00e4ndiger Anpassung<\/div>\t\t\t\t\t\t\t\t<\/div>\n\t\t\t\t\t<\/div>\n\t\t\t\t<\/div>\n\t\t\t\t<\/div>","protected":false},"excerpt":{"rendered":"<p>Current Molds Ready-to-Custom Models | Lead Time: 7\u201310 Days | Core Material: TPE Skip mold fees &amp; cut launch time \u2014 ideal for private labeling, market testing, and low-cost fast launches. Scale to full OEM\/ODM seamlessly with growing volume. Free Samples &amp; Light Customization Free evaluation samples Custom options: single-color (most cost-effective; transparent extra), TPE\/silicone [&hellip;]<\/p>","protected":false},"author":1,"featured_media":0,"parent":0,"menu_order":0,"comment_status":"closed","ping_status":"closed","template":"","meta":{"_acf_changed":false,"footnotes":""},"class_list":["post-352","page","type-page","status-publish","hentry"],"acf":[],"jetpack_sharing_enabled":true,"_links":{"self":[{"href":"https:\/\/intimaform.com\/de\/wp-json\/wp\/v2\/pages\/352","targetHints":{"allow":["GET"]}}],"collection":[{"href":"https:\/\/intimaform.com\/de\/wp-json\/wp\/v2\/pages"}],"about":[{"href":"https:\/\/intimaform.com\/de\/wp-json\/wp\/v2\/types\/page"}],"author":[{"embeddable":true,"href":"https:\/\/intimaform.com\/de\/wp-json\/wp\/v2\/users\/1"}],"replies":[{"embeddable":true,"href":"https:\/\/intimaform.com\/de\/wp-json\/wp\/v2\/comments?post=352"}],"version-history":[{"count":13,"href":"https:\/\/intimaform.com\/de\/wp-json\/wp\/v2\/pages\/352\/revisions"}],"predecessor-version":[{"id":884,"href":"https:\/\/intimaform.com\/de\/wp-json\/wp\/v2\/pages\/352\/revisions\/884"}],"wp:attachment":[{"href":"https:\/\/intimaform.com\/de\/wp-json\/wp\/v2\/media?parent=352"}],"curies":[{"name":"wp","href":"https:\/\/api.w.org\/{rel}","templated":true}]}}